{"id":179522,"date":"2025-12-21T13:01:48","date_gmt":"2025-12-21T10:01:48","guid":{"rendered":"https:\/\/baldumarket.lt\/product\/komoda-granada-gra-010-05\/"},"modified":"2026-03-04T18:02:25","modified_gmt":"2026-03-04T15:02:25","slug":"komoda-granada-gra-010-05","status":"publish","type":"product","link":"https:\/\/baldumarket.lt\/lt\/product\/komoda-granada-gra-010-05\/","title":{"rendered":"GRANADA komoda su stal\u010diais \u2013 GRA.010.05"},"content":{"rendered":"<p>\u201eGranada\u201c komoda i\u0161 GRA.010.09 kolekcijos \u2013 tai unikalus baldas, kuriame dera funkcionalumas ir stilius. \u0160i eleganti\u0161ka komoda turi tris dureles ir tris stal\u010dius, tod\u0117l joje yra daug vietos \u012fvairiems daiktams susid\u0117ti. Tvirta konstrukcija ir auk\u0161tos kokyb\u0117s med\u017eiagos garantuoja patvarum\u0105 ir ilgaam\u017ei\u0161kum\u0105. \u201eGranada\u201c komoda \u2013 puikus sprendimas svetainei, valgomajam ar miegamajam, suteikiantis erdvei elegancijos ir tvarkos. Minimalistinis dizainas ir kruop\u0161tus meistri\u0161kumas sukuria tobul\u0105 funkcionalumo ir estetikos derin\u012f.<\/p>","protected":false},"excerpt":{"rendered":"<p>Plotis: 160 cm<br \/>\nGylis: 41 cm<br \/>\nAuk\u0161tis: 82 cm<\/p>","protected":false},"featured_media":179523,"comment_status":"open","ping_status":"open","template":"","meta":[],"product_brand":[],"product_cat":[9798,1173,4745],"product_tag":[],"class_list":{"0":"post-179522","1":"product","2":"type-product","3":"status-publish","4":"has-post-thumbnail","6":"product_cat-furniture-system-granada-anthracite-krysiak","7":"product_cat-chests-of-drawers","8":"product_cat-krysiak","10":"first","11":"instock","12":"purchasable","13":"product-type-simple"},"_links":{"self":[{"href":"https:\/\/baldumarket.lt\/lt\/wp-json\/wp\/v2\/product\/179522","targetHints":{"allow":["GET"]}}],"collection":[{"href":"https:\/\/baldumarket.lt\/lt\/wp-json\/wp\/v2\/product"}],"about":[{"href":"https:\/\/baldumarket.lt\/lt\/wp-json\/wp\/v2\/types\/product"}],"replies":[{"embeddable":true,"href":"https:\/\/baldumarket.lt\/lt\/wp-json\/wp\/v2\/comments?post=179522"}],"wp:featuredmedia":[{"embeddable":true,"href":"https:\/\/baldumarket.lt\/lt\/wp-json\/wp\/v2\/media\/179523"}],"wp:attachment":[{"href":"https:\/\/baldumarket.lt\/lt\/wp-json\/wp\/v2\/media?parent=179522"}],"wp:term":[{"taxonomy":"product_brand","embeddable":true,"href":"https:\/\/baldumarket.lt\/lt\/wp-json\/wp\/v2\/product_brand?post=179522"},{"taxonomy":"product_cat","embeddable":true,"href":"https:\/\/baldumarket.lt\/lt\/wp-json\/wp\/v2\/product_cat?post=179522"},{"taxonomy":"product_tag","embeddable":true,"href":"https:\/\/baldumarket.lt\/lt\/wp-json\/wp\/v2\/product_tag?post=179522"}],"curies":[{"name":"wp","href":"https:\/\/api.w.org\/{rel}","templated":true}]}}