{"id":179519,"date":"2025-12-21T13:01:45","date_gmt":"2025-12-21T10:01:45","guid":{"rendered":"https:\/\/baldumarket.lt\/product\/komoda-duza-verano-ver-010-15\/"},"modified":"2026-03-04T18:15:21","modified_gmt":"2026-03-04T15:15:21","slug":"komoda-duza-verano-ver-010-15","status":"publish","type":"product","link":"https:\/\/baldumarket.lt\/lt\/product\/komoda-duza-verano-ver-010-15\/","title":{"rendered":"VERANO didel\u0117 komoda \u2013 VER.010.15"},"content":{"rendered":"<p>\u0160i didel\u0117 komoda i\u0161 \u0161ios kolekcijos derina modern\u0173 stili\u0173 su prakti\u0161ka daikt\u0173 laikymo sistema. Tur\u0117dama keturias dureles ir du centre i\u0161d\u0117stytus stal\u010dius, ji suteikia daug vietos kasdieniams daiktams susid\u0117ti. Amerikieti\u0161ko rie\u0161uto fasadai kartu su nat\u016bralaus \u0105\u017euolo faneruot\u0117s korpusu sukuria eleganti\u0161k\u0105 kompozicij\u0105, kuri\u0105 papildo funkcionalus metalinis r\u0117mas. \u201epush-up\u201c sistema ir savaime u\u017esidarantys vyriai bei b\u0117geliai padidina komfort\u0105.<\/p>","protected":false},"excerpt":{"rendered":"<p>Plotis: 200 cm<br \/>\nGylis: 45 cm<br \/>\nAuk\u0161tis: 75 cm<\/p>","protected":false},"featured_media":179520,"comment_status":"open","ping_status":"open","template":"","meta":[],"product_brand":[],"product_cat":[9793,1173,4745],"product_tag":[],"class_list":{"0":"post-179519","1":"product","2":"type-product","3":"status-publish","4":"has-post-thumbnail","6":"product_cat-furniture-system-verano-krysiak-meble","7":"product_cat-chests-of-drawers","8":"product_cat-krysiak","10":"first","11":"instock","12":"purchasable","13":"product-type-simple"},"_links":{"self":[{"href":"https:\/\/baldumarket.lt\/lt\/wp-json\/wp\/v2\/product\/179519","targetHints":{"allow":["GET"]}}],"collection":[{"href":"https:\/\/baldumarket.lt\/lt\/wp-json\/wp\/v2\/product"}],"about":[{"href":"https:\/\/baldumarket.lt\/lt\/wp-json\/wp\/v2\/types\/product"}],"replies":[{"embeddable":true,"href":"https:\/\/baldumarket.lt\/lt\/wp-json\/wp\/v2\/comments?post=179519"}],"wp:featuredmedia":[{"embeddable":true,"href":"https:\/\/baldumarket.lt\/lt\/wp-json\/wp\/v2\/media\/179520"}],"wp:attachment":[{"href":"https:\/\/baldumarket.lt\/lt\/wp-json\/wp\/v2\/media?parent=179519"}],"wp:term":[{"taxonomy":"product_brand","embeddable":true,"href":"https:\/\/baldumarket.lt\/lt\/wp-json\/wp\/v2\/product_brand?post=179519"},{"taxonomy":"product_cat","embeddable":true,"href":"https:\/\/baldumarket.lt\/lt\/wp-json\/wp\/v2\/product_cat?post=179519"},{"taxonomy":"product_tag","embeddable":true,"href":"https:\/\/baldumarket.lt\/lt\/wp-json\/wp\/v2\/product_tag?post=179519"}],"curies":[{"name":"wp","href":"https:\/\/api.w.org\/{rel}","templated":true}]}}