{"id":179517,"date":"2025-12-21T13:01:44","date_gmt":"2025-12-21T10:01:44","guid":{"rendered":"https:\/\/baldumarket.lt\/product\/komoda-duza-sangero-san-012-03\/"},"modified":"2026-03-04T18:19:32","modified_gmt":"2026-03-04T15:19:32","slug":"komoda-duza-sangero-san-012-03","status":"publish","type":"product","link":"https:\/\/baldumarket.lt\/lt\/product\/komoda-duza-sangero-san-012-03\/","title":{"rendered":"SANGERO didel\u0117 komoda \u2013 SAN.012.03"},"content":{"rendered":"<p>Komoda SAN.012.03 \u2013 tai erdvi ir stilinga \u2019Sangero\u201c kolekcijos spintel\u0117. Ap\u0161viesta ji tarnauja kaip prakti\u0161ka daikt\u0173 laikymo ir dekoratyvinis elementas. Unikalus dizainas derina nat\u016bral\u0173 med\u017eio gro\u017e\u012f su ry\u0161kiomis stiklo ir keramikos detal\u0117mis. \u0160i erdvi komoda si\u016blo daug vietos daiktams susid\u0117ti d\u0117l trij\u0173 medini\u0173 stal\u010di\u0173 ir trij\u0173 dureli\u0173, pagamint\u0173 i\u0161 stiklo, keramikos ir med\u017eio element\u0173. Tai puikus sprendimas tiems, kurie ie\u0161ko esteti\u0161kai patraukli\u0173 bald\u0173 ir prakti\u0161ko b\u016bdo palaikyti tvark\u0105 savo kambaryje. Ap\u0161vietimas dar labiau sustiprina eleganti\u0161k\u0105 komodos i\u0161vaizd\u0105 ir sukuria maloni\u0105 atmosfer\u0105.<\/p>","protected":false},"excerpt":{"rendered":"<p>Plotis: 194 cm<br \/>\nGylis: 45 cm<br \/>\nAuk\u0161tis: 85 cm<\/p>","protected":false},"featured_media":179518,"comment_status":"open","ping_status":"open","template":"","meta":[],"product_brand":[],"product_cat":[9800,1173,4745],"product_tag":[],"class_list":{"0":"post-179517","1":"product","2":"type-product","3":"status-publish","4":"has-post-thumbnail","6":"product_cat-furniture-system-sangero-krysiak","7":"product_cat-chests-of-drawers","8":"product_cat-krysiak","10":"first","11":"instock","12":"purchasable","13":"product-type-simple"},"_links":{"self":[{"href":"https:\/\/baldumarket.lt\/lt\/wp-json\/wp\/v2\/product\/179517","targetHints":{"allow":["GET"]}}],"collection":[{"href":"https:\/\/baldumarket.lt\/lt\/wp-json\/wp\/v2\/product"}],"about":[{"href":"https:\/\/baldumarket.lt\/lt\/wp-json\/wp\/v2\/types\/product"}],"replies":[{"embeddable":true,"href":"https:\/\/baldumarket.lt\/lt\/wp-json\/wp\/v2\/comments?post=179517"}],"wp:featuredmedia":[{"embeddable":true,"href":"https:\/\/baldumarket.lt\/lt\/wp-json\/wp\/v2\/media\/179518"}],"wp:attachment":[{"href":"https:\/\/baldumarket.lt\/lt\/wp-json\/wp\/v2\/media?parent=179517"}],"wp:term":[{"taxonomy":"product_brand","embeddable":true,"href":"https:\/\/baldumarket.lt\/lt\/wp-json\/wp\/v2\/product_brand?post=179517"},{"taxonomy":"product_cat","embeddable":true,"href":"https:\/\/baldumarket.lt\/lt\/wp-json\/wp\/v2\/product_cat?post=179517"},{"taxonomy":"product_tag","embeddable":true,"href":"https:\/\/baldumarket.lt\/lt\/wp-json\/wp\/v2\/product_tag?post=179517"}],"curies":[{"name":"wp","href":"https:\/\/api.w.org\/{rel}","templated":true}]}}