{"id":179515,"date":"2025-12-21T13:01:42","date_gmt":"2025-12-21T10:01:42","guid":{"rendered":"https:\/\/baldumarket.lt\/product\/komoda-duza-rtv-corena-cor-052-xx\/"},"modified":"2026-04-12T17:28:24","modified_gmt":"2026-04-12T14:28:24","slug":"komoda-duza-rtv-corena-cor-052-xx","status":"publish","type":"product","link":"https:\/\/baldumarket.lt\/lt\/product\/komoda-duza-rtv-corena-cor-052-xx\/","title":{"rendered":"Didel\u0117 CORENA televizoriaus spintel\u0117 &#8211; COR.052.XX"},"content":{"rendered":"<p>\u0160i bald\u0173 kolekcija \u017eavi paprastomis, idealiai proporcingomis formomis. Subtilus \u017eiev\u0119 primenantis dekoras, ap\u0161viestas LED ap\u0161vietimo, sukuria unikal\u0173, u\u017eburiant\u012f efekt\u0105. Tvirtos \u0105\u017euolo medienos, stiklo ir aliuminio r\u0117mai suteikia kolekcijai elegancijos ir stiliaus. TV staliukas 220 turi funkcional\u0173 ap\u0161vietim\u0105. Jis turi dvejas medines ir vienas dekoratyvines stiklines duris. Taip pat turi atvir\u0105 ni\u0161\u0105 ir prakti\u0161k\u0105 medin\u012f stal\u010di\u0173.<\/p>","protected":false},"excerpt":{"rendered":"<p>Plotis: 220 cm<br \/>\nGylis: 45 cm<br \/>\nAuk\u0161tis: 55 cm<\/p>","protected":false},"featured_media":179516,"comment_status":"open","ping_status":"open","template":"","meta":[],"product_brand":[],"product_cat":[9804,4745,1175],"product_tag":[],"class_list":{"0":"post-179515","1":"product","2":"type-product","3":"status-publish","4":"has-post-thumbnail","6":"product_cat-furniture-system-corena-krysiak","7":"product_cat-krysiak","8":"product_cat-tv-stands","10":"first","11":"instock","12":"purchasable","13":"product-type-simple"},"_links":{"self":[{"href":"https:\/\/baldumarket.lt\/lt\/wp-json\/wp\/v2\/product\/179515","targetHints":{"allow":["GET"]}}],"collection":[{"href":"https:\/\/baldumarket.lt\/lt\/wp-json\/wp\/v2\/product"}],"about":[{"href":"https:\/\/baldumarket.lt\/lt\/wp-json\/wp\/v2\/types\/product"}],"replies":[{"embeddable":true,"href":"https:\/\/baldumarket.lt\/lt\/wp-json\/wp\/v2\/comments?post=179515"}],"wp:featuredmedia":[{"embeddable":true,"href":"https:\/\/baldumarket.lt\/lt\/wp-json\/wp\/v2\/media\/179516"}],"wp:attachment":[{"href":"https:\/\/baldumarket.lt\/lt\/wp-json\/wp\/v2\/media?parent=179515"}],"wp:term":[{"taxonomy":"product_brand","embeddable":true,"href":"https:\/\/baldumarket.lt\/lt\/wp-json\/wp\/v2\/product_brand?post=179515"},{"taxonomy":"product_cat","embeddable":true,"href":"https:\/\/baldumarket.lt\/lt\/wp-json\/wp\/v2\/product_cat?post=179515"},{"taxonomy":"product_tag","embeddable":true,"href":"https:\/\/baldumarket.lt\/lt\/wp-json\/wp\/v2\/product_tag?post=179515"}],"curies":[{"name":"wp","href":"https:\/\/api.w.org\/{rel}","templated":true}]}}