{"id":179503,"date":"2025-12-21T13:01:32","date_gmt":"2025-12-21T10:01:32","guid":{"rendered":"https:\/\/baldumarket.lt\/product\/komoda-duza-can-010-13\/"},"modified":"2026-03-04T18:11:17","modified_gmt":"2026-03-04T15:11:17","slug":"komoda-duza-can-010-13","status":"publish","type":"product","link":"https:\/\/baldumarket.lt\/lt\/product\/komoda-duza-can-010-13\/","title":{"rendered":"Didel\u0117 komoda CANTIERO CAN.010.13"},"content":{"rendered":"<p>\u0160i didel\u0117 komoda yra eleganti\u0161kas ir funkcionalus baldas, kuris puikiai tiks tiek svetain\u0117je, tiek valgomajame, tiek miegamajame. Su dviem stumdomomis durimis ir prakti\u0161ku vidumi su trimis lentynomis ir keturiais stal\u010diais, ji suteikia daug vietos daiktams susid\u0117ti. Pagaminta vien i\u0161 nat\u016bralaus \u0105\u017euolo faneros su med\u017eio masyvo elementais, ji atrodo solid\u017eiai ir stilingai. Komoda pastatyta ant \u0105\u017euolini\u0173 kojeli\u0173 ir faneruotos faneros, kurios pabr\u0117\u017eia jos klasikin\u012f charakter\u012f. Karamel\u0117s spalvos \u0105\u017euolo apdaila suteikia interjerui \u0161ilumos ir elegancijos.<\/p>","protected":false},"excerpt":{"rendered":"<p>This large chest of drawers is an elegant and functional piece of furniture that will work well in both the living room, dining room, and bedroom. Equipped with two sliding doors and a practical interior with three shelves and four drawers, it provides ample storage space. Crafted entirely from natural oak veneer with the addition [&hellip;]<\/p>","protected":false},"featured_media":179504,"comment_status":"open","ping_status":"open","template":"","meta":[],"product_brand":[],"product_cat":[9792,9795,1173,4745],"product_tag":[],"class_list":{"0":"post-179503","1":"product","2":"type-product","3":"status-publish","4":"has-post-thumbnail","6":"product_cat-furniture-system-cantiero-krysiak-meble","7":"product_cat-furniture-system-cantiero-walnut-krysiak","8":"product_cat-chests-of-drawers","9":"product_cat-krysiak","11":"first","12":"instock","13":"purchasable","14":"product-type-simple"},"_links":{"self":[{"href":"https:\/\/baldumarket.lt\/lt\/wp-json\/wp\/v2\/product\/179503","targetHints":{"allow":["GET"]}}],"collection":[{"href":"https:\/\/baldumarket.lt\/lt\/wp-json\/wp\/v2\/product"}],"about":[{"href":"https:\/\/baldumarket.lt\/lt\/wp-json\/wp\/v2\/types\/product"}],"replies":[{"embeddable":true,"href":"https:\/\/baldumarket.lt\/lt\/wp-json\/wp\/v2\/comments?post=179503"}],"wp:featuredmedia":[{"embeddable":true,"href":"https:\/\/baldumarket.lt\/lt\/wp-json\/wp\/v2\/media\/179504"}],"wp:attachment":[{"href":"https:\/\/baldumarket.lt\/lt\/wp-json\/wp\/v2\/media?parent=179503"}],"wp:term":[{"taxonomy":"product_brand","embeddable":true,"href":"https:\/\/baldumarket.lt\/lt\/wp-json\/wp\/v2\/product_brand?post=179503"},{"taxonomy":"product_cat","embeddable":true,"href":"https:\/\/baldumarket.lt\/lt\/wp-json\/wp\/v2\/product_cat?post=179503"},{"taxonomy":"product_tag","embeddable":true,"href":"https:\/\/baldumarket.lt\/lt\/wp-json\/wp\/v2\/product_tag?post=179503"}],"curies":[{"name":"wp","href":"https:\/\/api.w.org\/{rel}","templated":true}]}}