{"id":179501,"date":"2025-12-21T13:01:30","date_gmt":"2025-12-21T10:01:30","guid":{"rendered":"https:\/\/baldumarket.lt\/product\/komoda-corena-cor-040-l\/"},"modified":"2026-03-04T17:44:06","modified_gmt":"2026-03-04T14:44:06","slug":"komoda-corena-cor-040-l","status":"publish","type":"product","link":"https:\/\/baldumarket.lt\/lt\/product\/komoda-corena-cor-040-l\/","title":{"rendered":"CORENA komoda \u2013 COR.040.L"},"content":{"rendered":"<p>Auk\u0161ta komoda CORENA COR.040.L \u2013 tai \u012fsp\u016bdingas baldas, kuriame dera funkcionalumas ir estetika. Vienerios dekoratyvin\u0117s stiklin\u0117s ir keturios medin\u0117s durys sukuria puiki\u0105 erdv\u0119 daiktams susid\u0117ti. Ap\u0161vietimas dar labiau i\u0161ry\u0161kina interjero gro\u017e\u012f, tod\u0117l \u0161i komoda yra ir prakti\u0161kas daikt\u0173 laikymo baldas, ir ry\u0161kus dekoratyvinis elementas, suteiksiantis j\u016bs\u0173 kambariui elegancijos ir charakterio.<\/p>","protected":false},"excerpt":{"rendered":"<p>Plotis: 110 cm<br \/>\nGylis: 40 cm<br \/>\n\u016agis: 143 cm<\/p>","protected":false},"featured_media":179502,"comment_status":"open","ping_status":"open","template":"","meta":[],"product_brand":[],"product_cat":[9804,1173,4745],"product_tag":[],"class_list":{"0":"post-179501","1":"product","2":"type-product","3":"status-publish","4":"has-post-thumbnail","6":"product_cat-furniture-system-corena-krysiak","7":"product_cat-chests-of-drawers","8":"product_cat-krysiak","10":"first","11":"instock","12":"purchasable","13":"product-type-simple"},"_links":{"self":[{"href":"https:\/\/baldumarket.lt\/lt\/wp-json\/wp\/v2\/product\/179501","targetHints":{"allow":["GET"]}}],"collection":[{"href":"https:\/\/baldumarket.lt\/lt\/wp-json\/wp\/v2\/product"}],"about":[{"href":"https:\/\/baldumarket.lt\/lt\/wp-json\/wp\/v2\/types\/product"}],"replies":[{"embeddable":true,"href":"https:\/\/baldumarket.lt\/lt\/wp-json\/wp\/v2\/comments?post=179501"}],"wp:featuredmedia":[{"embeddable":true,"href":"https:\/\/baldumarket.lt\/lt\/wp-json\/wp\/v2\/media\/179502"}],"wp:attachment":[{"href":"https:\/\/baldumarket.lt\/lt\/wp-json\/wp\/v2\/media?parent=179501"}],"wp:term":[{"taxonomy":"product_brand","embeddable":true,"href":"https:\/\/baldumarket.lt\/lt\/wp-json\/wp\/v2\/product_brand?post=179501"},{"taxonomy":"product_cat","embeddable":true,"href":"https:\/\/baldumarket.lt\/lt\/wp-json\/wp\/v2\/product_cat?post=179501"},{"taxonomy":"product_tag","embeddable":true,"href":"https:\/\/baldumarket.lt\/lt\/wp-json\/wp\/v2\/product_tag?post=179501"}],"curies":[{"name":"wp","href":"https:\/\/api.w.org\/{rel}","templated":true}]}}