{"id":179499,"date":"2025-12-21T13:01:29","date_gmt":"2025-12-21T10:01:29","guid":{"rendered":"https:\/\/baldumarket.lt\/product\/komoda-corena-cor-011-l\/"},"modified":"2026-03-04T17:44:06","modified_gmt":"2026-03-04T14:44:06","slug":"komoda-corena-cor-011-l","status":"publish","type":"product","link":"https:\/\/baldumarket.lt\/lt\/product\/komoda-corena-cor-011-l\/","title":{"rendered":"CORENA komoda &#8211; COR.011.L"},"content":{"rendered":"<p>\u0160i \u201eCorena\u201c kolekcijos komoda derina funkcionalum\u0105 ir estetik\u0105. Eleganti\u0161kas dizainas, derinamas su prakti\u0161kais stal\u010diais ir dekoratyvin\u0117mis stiklin\u0117mis durel\u0117mis, suteikia \u017eavesio bet kokiam interjerui. Ap\u0161vietimas suteikia baldui subtil\u0173 \u0161vyt\u0117jim\u0105, sukurdamas unikali\u0105 atmosfer\u0105 kambaryje.<\/p>","protected":false},"excerpt":{"rendered":"<p>Plotis: 140 cm<br \/>\nGylis: 45 cm<br \/>\nAuk\u0161tis: 82 cm<\/p>","protected":false},"featured_media":179500,"comment_status":"open","ping_status":"open","template":"","meta":[],"product_brand":[],"product_cat":[9804,1173,4745],"product_tag":[],"class_list":{"0":"post-179499","1":"product","2":"type-product","3":"status-publish","4":"has-post-thumbnail","6":"product_cat-furniture-system-corena-krysiak","7":"product_cat-chests-of-drawers","8":"product_cat-krysiak","10":"first","11":"instock","12":"purchasable","13":"product-type-simple"},"_links":{"self":[{"href":"https:\/\/baldumarket.lt\/lt\/wp-json\/wp\/v2\/product\/179499","targetHints":{"allow":["GET"]}}],"collection":[{"href":"https:\/\/baldumarket.lt\/lt\/wp-json\/wp\/v2\/product"}],"about":[{"href":"https:\/\/baldumarket.lt\/lt\/wp-json\/wp\/v2\/types\/product"}],"replies":[{"embeddable":true,"href":"https:\/\/baldumarket.lt\/lt\/wp-json\/wp\/v2\/comments?post=179499"}],"wp:featuredmedia":[{"embeddable":true,"href":"https:\/\/baldumarket.lt\/lt\/wp-json\/wp\/v2\/media\/179500"}],"wp:attachment":[{"href":"https:\/\/baldumarket.lt\/lt\/wp-json\/wp\/v2\/media?parent=179499"}],"wp:term":[{"taxonomy":"product_brand","embeddable":true,"href":"https:\/\/baldumarket.lt\/lt\/wp-json\/wp\/v2\/product_brand?post=179499"},{"taxonomy":"product_cat","embeddable":true,"href":"https:\/\/baldumarket.lt\/lt\/wp-json\/wp\/v2\/product_cat?post=179499"},{"taxonomy":"product_tag","embeddable":true,"href":"https:\/\/baldumarket.lt\/lt\/wp-json\/wp\/v2\/product_tag?post=179499"}],"curies":[{"name":"wp","href":"https:\/\/api.w.org\/{rel}","templated":true}]}}