{"id":179497,"date":"2025-12-21T13:01:27","date_gmt":"2025-12-21T10:01:27","guid":{"rendered":"https:\/\/baldumarket.lt\/product\/komoda-corena-cor-010-l\/"},"modified":"2026-03-04T17:44:06","modified_gmt":"2026-03-04T14:44:06","slug":"komoda-corena-cor-010-l","status":"publish","type":"product","link":"https:\/\/baldumarket.lt\/lt\/product\/komoda-corena-cor-010-l\/","title":{"rendered":"CORENA komoda \u2013 COR.010.L"},"content":{"rendered":"<p>Komoda COR.010.L \u2013 tai didelis, erdvus \u201eCorena\u201c kolekcijos baldas su ap\u0161vietimu. J\u0105 sudaro vienos medin\u0117s durel\u0117s, vienos su stikliniu dekoru ir trys mediniai stal\u010diai. \u0160is baldas puikiai dera prie kolekcijos charakterio, suteikdamas bet kokiam interjerui ir prakti\u0161kumo, ir i\u0161skirtinio estetinio patrauklumo.<\/p>","protected":false},"excerpt":{"rendered":"<p>Plotis: 180 cm<br \/>\nGylis: 45 cm<br \/>\nAuk\u0161tis: 82 cm<\/p>","protected":false},"featured_media":179498,"comment_status":"open","ping_status":"open","template":"","meta":[],"product_brand":[],"product_cat":[9804,1173,4745],"product_tag":[],"class_list":{"0":"post-179497","1":"product","2":"type-product","3":"status-publish","4":"has-post-thumbnail","6":"product_cat-furniture-system-corena-krysiak","7":"product_cat-chests-of-drawers","8":"product_cat-krysiak","10":"first","11":"instock","12":"purchasable","13":"product-type-simple"},"_links":{"self":[{"href":"https:\/\/baldumarket.lt\/lt\/wp-json\/wp\/v2\/product\/179497","targetHints":{"allow":["GET"]}}],"collection":[{"href":"https:\/\/baldumarket.lt\/lt\/wp-json\/wp\/v2\/product"}],"about":[{"href":"https:\/\/baldumarket.lt\/lt\/wp-json\/wp\/v2\/types\/product"}],"replies":[{"embeddable":true,"href":"https:\/\/baldumarket.lt\/lt\/wp-json\/wp\/v2\/comments?post=179497"}],"wp:featuredmedia":[{"embeddable":true,"href":"https:\/\/baldumarket.lt\/lt\/wp-json\/wp\/v2\/media\/179498"}],"wp:attachment":[{"href":"https:\/\/baldumarket.lt\/lt\/wp-json\/wp\/v2\/media?parent=179497"}],"wp:term":[{"taxonomy":"product_brand","embeddable":true,"href":"https:\/\/baldumarket.lt\/lt\/wp-json\/wp\/v2\/product_brand?post=179497"},{"taxonomy":"product_cat","embeddable":true,"href":"https:\/\/baldumarket.lt\/lt\/wp-json\/wp\/v2\/product_cat?post=179497"},{"taxonomy":"product_tag","embeddable":true,"href":"https:\/\/baldumarket.lt\/lt\/wp-json\/wp\/v2\/product_tag?post=179497"}],"curies":[{"name":"wp","href":"https:\/\/api.w.org\/{rel}","templated":true}]}}