{"id":179492,"date":"2025-12-21T13:01:23","date_gmt":"2025-12-21T10:01:23","guid":{"rendered":"https:\/\/baldumarket.lt\/product\/komoda-cantiero-can-010-12-z-przesuwnymi-drzwiami-i-szufladami\/"},"modified":"2026-03-04T18:11:17","modified_gmt":"2026-03-04T15:11:17","slug":"komoda-cantiero-can-010-12-z-przesuwnymi-drzwiami-i-szufladami","status":"publish","type":"product","link":"https:\/\/baldumarket.lt\/lt\/product\/komoda-cantiero-can-010-12-z-przesuwnymi-drzwiami-i-szufladami\/","title":{"rendered":"CANTIERO komoda su stal\u010diais &#8211; CAN.010.12 su stumdomomis durimis"},"content":{"rendered":"<p>\u0160i didel\u0117 \u2019Cantiero\u201c kolekcijos komoda \u2013 tai tobulas modernaus dizaino ir klasikin\u0117s elegancijos derinys, patenkinantis net ir i\u0161rankiausius klientus. Pagaminta i\u0161 rie\u0161utmed\u017eio faneros ir masyvaus rie\u0161utmed\u017eio, komoda spinduliuoja nat\u016braliu gro\u017eiu ir presti\u017eu. \u012erengtos dvi stumdomos durys su savaiminio u\u017esidarymo sistema ne tik sustiprina baldo elegancij\u0105, bet ir u\u017etikrina komfort\u0105. Komodos vidus sukurtas atsi\u017evelgiant \u012f funkcionalum\u0105 ir estetik\u0105, jame yra trys erdvios lentynos ir keturi \u012fdomaus dizaino stal\u010diai, leid\u017eiantys tiksliai valdyti erdv\u0119. Savaime u\u017esidaran\u010dios dureli\u0173 ir stal\u010di\u0173 sistemos garantuoja sandar\u0173 u\u017edarym\u0105 ir auk\u0161\u010diausi\u0105 apdailos kokyb\u0119, tod\u0117l \u0161i komoda puikiai tinka tiek moderniam, tiek klasikiniam interjerui.<\/p>","protected":false},"excerpt":{"rendered":"<p>Plotis: 183 cm<br \/>\nGylis: 48 cm<br \/>\nAuk\u0161tis: 81 cm<\/p>","protected":false},"featured_media":179493,"comment_status":"open","ping_status":"open","template":"","meta":[],"product_brand":[],"product_cat":[9792,9795,1173,4745],"product_tag":[],"class_list":{"0":"post-179492","1":"product","2":"type-product","3":"status-publish","4":"has-post-thumbnail","6":"product_cat-furniture-system-cantiero-krysiak-meble","7":"product_cat-furniture-system-cantiero-walnut-krysiak","8":"product_cat-chests-of-drawers","9":"product_cat-krysiak","11":"first","12":"instock","13":"purchasable","14":"product-type-simple"},"_links":{"self":[{"href":"https:\/\/baldumarket.lt\/lt\/wp-json\/wp\/v2\/product\/179492","targetHints":{"allow":["GET"]}}],"collection":[{"href":"https:\/\/baldumarket.lt\/lt\/wp-json\/wp\/v2\/product"}],"about":[{"href":"https:\/\/baldumarket.lt\/lt\/wp-json\/wp\/v2\/types\/product"}],"replies":[{"embeddable":true,"href":"https:\/\/baldumarket.lt\/lt\/wp-json\/wp\/v2\/comments?post=179492"}],"wp:featuredmedia":[{"embeddable":true,"href":"https:\/\/baldumarket.lt\/lt\/wp-json\/wp\/v2\/media\/179493"}],"wp:attachment":[{"href":"https:\/\/baldumarket.lt\/lt\/wp-json\/wp\/v2\/media?parent=179492"}],"wp:term":[{"taxonomy":"product_brand","embeddable":true,"href":"https:\/\/baldumarket.lt\/lt\/wp-json\/wp\/v2\/product_brand?post=179492"},{"taxonomy":"product_cat","embeddable":true,"href":"https:\/\/baldumarket.lt\/lt\/wp-json\/wp\/v2\/product_cat?post=179492"},{"taxonomy":"product_tag","embeddable":true,"href":"https:\/\/baldumarket.lt\/lt\/wp-json\/wp\/v2\/product_tag?post=179492"}],"curies":[{"name":"wp","href":"https:\/\/api.w.org\/{rel}","templated":true}]}}