{"id":179487,"date":"2025-12-21T13:01:19","date_gmt":"2025-12-21T10:01:19","guid":{"rendered":"https:\/\/baldumarket.lt\/product\/dwudrzwiowa-szafa-z-masywu-debowego-monaco-mona-090-14-miodowy-dab\/"},"modified":"2026-03-04T17:55:50","modified_gmt":"2026-03-04T14:55:50","slug":"dwudrzwiowa-szafa-z-masywu-debowego-monaco-mona-090-14-miodowy-dab","status":"publish","type":"product","link":"https:\/\/baldumarket.lt\/lt\/product\/dwudrzwiowa-szafa-z-masywu-debowego-monaco-mona-090-14-miodowy-dab\/","title":{"rendered":"Dviej\u0173 dur\u0173 spinta i\u0161 \u0105\u017euolo masyvo &#8211; MONACO MONA.090.14 Medaus \u0105\u017euolas"},"content":{"rendered":"<p>Dvimat\u0117 spinta MONA.090.14 \u2013 tai funkcionalus ir eleganti\u0161kas baldas, puikiai atrodantis bet kuriame miegamajame ar r\u016bbin\u0117je. Tvirtos \u0105\u017euolo medienos fasadai suteikia jai nat\u016brali\u0105 ir nesenstan\u010di\u0105 i\u0161vaizd\u0105, o \u0105\u017euolo fanera ant i\u0161orinio r\u0117mo dar labiau padidina jos patvarum\u0105 ir estetin\u012f patrauklum\u0105. Spintos vidus suprojektuotas atsi\u017evelgiant \u012f praktin\u012f daikt\u0173 laikym\u0105: kair\u0117je pus\u0117je yra lentyna ir drabu\u017ei\u0173 kabykla, o de\u0161in\u0117je \u2013 keturios erdvios lentynos. Juodos metalin\u0117s rankenos ir savaime u\u017esidarantys vyriai u\u017etikrina patog\u0173 naudojim\u0105.<\/p>","protected":false},"excerpt":{"rendered":"<p>Plotis: 89 cm<br \/>\nGylis: 55 cm<br \/>\n\u016agis: 204 cm<\/p>","protected":false},"featured_media":179488,"comment_status":"open","ping_status":"open","template":"","meta":[],"product_brand":[],"product_cat":[9796,4745,1177],"product_tag":[],"class_list":{"0":"post-179487","1":"product","2":"type-product","3":"status-publish","4":"has-post-thumbnail","6":"product_cat-furniture-system-monaco-krysiak","7":"product_cat-krysiak","8":"product_cat-wardrobes","10":"first","11":"instock","12":"purchasable","13":"product-type-simple"},"_links":{"self":[{"href":"https:\/\/baldumarket.lt\/lt\/wp-json\/wp\/v2\/product\/179487","targetHints":{"allow":["GET"]}}],"collection":[{"href":"https:\/\/baldumarket.lt\/lt\/wp-json\/wp\/v2\/product"}],"about":[{"href":"https:\/\/baldumarket.lt\/lt\/wp-json\/wp\/v2\/types\/product"}],"replies":[{"embeddable":true,"href":"https:\/\/baldumarket.lt\/lt\/wp-json\/wp\/v2\/comments?post=179487"}],"wp:featuredmedia":[{"embeddable":true,"href":"https:\/\/baldumarket.lt\/lt\/wp-json\/wp\/v2\/media\/179488"}],"wp:attachment":[{"href":"https:\/\/baldumarket.lt\/lt\/wp-json\/wp\/v2\/media?parent=179487"}],"wp:term":[{"taxonomy":"product_brand","embeddable":true,"href":"https:\/\/baldumarket.lt\/lt\/wp-json\/wp\/v2\/product_brand?post=179487"},{"taxonomy":"product_cat","embeddable":true,"href":"https:\/\/baldumarket.lt\/lt\/wp-json\/wp\/v2\/product_cat?post=179487"},{"taxonomy":"product_tag","embeddable":true,"href":"https:\/\/baldumarket.lt\/lt\/wp-json\/wp\/v2\/product_tag?post=179487"}],"curies":[{"name":"wp","href":"https:\/\/api.w.org\/{rel}","templated":true}]}}