{"id":179483,"date":"2025-12-21T13:01:15","date_gmt":"2025-12-21T10:01:15","guid":{"rendered":"https:\/\/baldumarket.lt\/product\/duza-komoda-160-monaco-mona-010-14-fronty-z-masywu-debowego-4-x-drzwi-drewno-2-x-szuflada\/"},"modified":"2026-03-04T17:55:50","modified_gmt":"2026-03-04T14:55:50","slug":"duza-komoda-160-monaco-mona-010-14-fronty-z-masywu-debowego-4-x-drzwi-drewno-2-x-szuflada","status":"publish","type":"product","link":"https:\/\/baldumarket.lt\/lt\/product\/duza-komoda-160-monaco-mona-010-14-fronty-z-masywu-debowego-4-x-drzwi-drewno-2-x-szuflada\/","title":{"rendered":"Didel\u0117 komoda 160 MONACO &#8211; MONA.010.14 \u0105\u017euolo masyvo fasadai 4 x medin\u0117s durys 2 x stal\u010diai"},"content":{"rendered":"<p>\u0160i didel\u0117 komoda i\u0161 \u201eMonaco\u201c kolekcijos yra stiliaus ir funkcionalumo kvintesencija, puikiai tinkanti eleganti\u0161kam ir moderniam interjerui. Sukurta atsi\u017evelgiant \u012f kiekvien\u0105 detal\u0119, ji derina med\u017eio masyvo patvarum\u0105 su prakti\u0161kais sprendimais. Komoda MONA.010.14 yra puikus pasirinkimas tiems, kurie vertina nepriekai\u0161ting\u0105 meistri\u0161kum\u0105 ir klasikini\u0173 bei moderni\u0173 akcent\u0173 derin\u012f viename balde. Ji suteiks elegancijos ir charakterio bet kokiam interjerui.<\/p>","protected":false},"excerpt":{"rendered":"<p>Plotis: 163 cm<br \/>\nGylis: 42 cm<br \/>\nAuk\u0161tis: 79 cm<\/p>","protected":false},"featured_media":179484,"comment_status":"open","ping_status":"open","template":"","meta":[],"product_brand":[],"product_cat":[9796,1173,4745],"product_tag":[],"class_list":{"0":"post-179483","1":"product","2":"type-product","3":"status-publish","4":"has-post-thumbnail","6":"product_cat-furniture-system-monaco-krysiak","7":"product_cat-chests-of-drawers","8":"product_cat-krysiak","10":"first","11":"instock","12":"purchasable","13":"product-type-simple"},"_links":{"self":[{"href":"https:\/\/baldumarket.lt\/lt\/wp-json\/wp\/v2\/product\/179483","targetHints":{"allow":["GET"]}}],"collection":[{"href":"https:\/\/baldumarket.lt\/lt\/wp-json\/wp\/v2\/product"}],"about":[{"href":"https:\/\/baldumarket.lt\/lt\/wp-json\/wp\/v2\/types\/product"}],"replies":[{"embeddable":true,"href":"https:\/\/baldumarket.lt\/lt\/wp-json\/wp\/v2\/comments?post=179483"}],"wp:featuredmedia":[{"embeddable":true,"href":"https:\/\/baldumarket.lt\/lt\/wp-json\/wp\/v2\/media\/179484"}],"wp:attachment":[{"href":"https:\/\/baldumarket.lt\/lt\/wp-json\/wp\/v2\/media?parent=179483"}],"wp:term":[{"taxonomy":"product_brand","embeddable":true,"href":"https:\/\/baldumarket.lt\/lt\/wp-json\/wp\/v2\/product_brand?post=179483"},{"taxonomy":"product_cat","embeddable":true,"href":"https:\/\/baldumarket.lt\/lt\/wp-json\/wp\/v2\/product_cat?post=179483"},{"taxonomy":"product_tag","embeddable":true,"href":"https:\/\/baldumarket.lt\/lt\/wp-json\/wp\/v2\/product_tag?post=179483"}],"curies":[{"name":"wp","href":"https:\/\/api.w.org\/{rel}","templated":true}]}}