{"id":179481,"date":"2025-12-21T13:01:14","date_gmt":"2025-12-21T10:01:14","guid":{"rendered":"https:\/\/baldumarket.lt\/product\/biurko-provance-pro-085-02\/"},"modified":"2026-03-05T09:39:44","modified_gmt":"2026-03-05T06:39:44","slug":"biurko-provance-pro-085-02","status":"publish","type":"product","link":"https:\/\/baldumarket.lt\/lt\/product\/biurko-provance-pro-085-02\/","title":{"rendered":"PROVANCE ra\u0161omasis stalas \u2013 PRO.085.02"},"content":{"rendered":"<p>\u201eProvance PRO.085.02\u201c ra\u0161omasis stalas yra ne\u012ftik\u0117tinai \u017eavingas baldas, visi\u0161kai atspindintis Provanso stiliaus dvasi\u0105. Kruop\u0161\u010diai atkreiptas d\u0117mesys \u012f detales, jis spinduliuoja unikaliu \u017eavesiu ir rafinuotumu. \u012erengtas prakti\u0161ka d\u0117\u017ee su durel\u0117mis ir stal\u010diumi, jis suteikia daug vietos \u012fvairiems daiktams ir dokumentams laikyti, u\u017etikrinant, kad j\u016bs\u0173 stalas i\u0161likt\u0173 tvarkingas. Unikalus dizainas ir subtili ornamentika suteikia jam unikal\u0173 charakter\u012f, kuris taps tikra interjero puo\u0161mena. \u201eProvance PRO.085.02\u201c ra\u0161omasis stalas yra ne tik funkcionalus baldas, bet ir estetin\u0117 stiliaus bei elegancijos i\u0161rai\u0161ka.<\/p>","protected":false},"excerpt":{"rendered":"<p>Plotis: 121 cm<br \/>\nGylis: 59 cm<br \/>\nAuk\u0161tis: 79 cm<\/p>","protected":false},"featured_media":179482,"comment_status":"open","ping_status":"open","template":"","meta":[],"product_brand":[],"product_cat":[9801,1312,4745],"product_tag":[],"class_list":{"0":"post-179481","1":"product","2":"type-product","3":"status-publish","4":"has-post-thumbnail","6":"product_cat-furniture-system-provance-krysiak","7":"product_cat-desks","8":"product_cat-krysiak","10":"first","11":"instock","12":"purchasable","13":"product-type-simple"},"_links":{"self":[{"href":"https:\/\/baldumarket.lt\/lt\/wp-json\/wp\/v2\/product\/179481","targetHints":{"allow":["GET"]}}],"collection":[{"href":"https:\/\/baldumarket.lt\/lt\/wp-json\/wp\/v2\/product"}],"about":[{"href":"https:\/\/baldumarket.lt\/lt\/wp-json\/wp\/v2\/types\/product"}],"replies":[{"embeddable":true,"href":"https:\/\/baldumarket.lt\/lt\/wp-json\/wp\/v2\/comments?post=179481"}],"wp:featuredmedia":[{"embeddable":true,"href":"https:\/\/baldumarket.lt\/lt\/wp-json\/wp\/v2\/media\/179482"}],"wp:attachment":[{"href":"https:\/\/baldumarket.lt\/lt\/wp-json\/wp\/v2\/media?parent=179481"}],"wp:term":[{"taxonomy":"product_brand","embeddable":true,"href":"https:\/\/baldumarket.lt\/lt\/wp-json\/wp\/v2\/product_brand?post=179481"},{"taxonomy":"product_cat","embeddable":true,"href":"https:\/\/baldumarket.lt\/lt\/wp-json\/wp\/v2\/product_cat?post=179481"},{"taxonomy":"product_tag","embeddable":true,"href":"https:\/\/baldumarket.lt\/lt\/wp-json\/wp\/v2\/product_tag?post=179481"}],"curies":[{"name":"wp","href":"https:\/\/api.w.org\/{rel}","templated":true}]}}