{"id":179475,"date":"2025-12-21T13:01:08","date_gmt":"2025-12-21T10:01:08","guid":{"rendered":"https:\/\/baldumarket.lt\/product\/2-x-wklad-do-stolu-cantiero-can-171-12-orzech-amerykanski\/"},"modified":"2026-03-04T18:11:17","modified_gmt":"2026-03-04T15:11:17","slug":"2-x-wklad-do-stolu-cantiero-can-171-12-orzech-amerykanski","status":"publish","type":"product","link":"https:\/\/baldumarket.lt\/lt\/product\/2-x-wklad-do-stolu-cantiero-can-171-12-orzech-amerykanski\/","title":{"rendered":"2 x \u012fd\u0117klai CANTIERO stalui \u2013 CAN.171.12, amerikieti\u0161kas rie\u0161utmedis"},"content":{"rendered":"<p>Papildomi \u012fd\u0117klai \u201eCantiero 160\u201c stalui: 2 vnt. x 50 \u00d7 90, bendras stalo dydis su 4 \u012fd\u0117klais: 360 x 75 x 90<\/p>","protected":false},"excerpt":{"rendered":"<p>Plotis: 90 cm<br \/>\nI\u0161skleisto dydis: 360 cm<br \/>\nIlgis: 2 x 50 cm<\/p>","protected":false},"featured_media":179476,"comment_status":"open","ping_status":"open","template":"","meta":[],"product_brand":[],"product_cat":[9792,9795,4745,1934],"product_tag":[],"class_list":{"0":"post-179475","1":"product","2":"type-product","3":"status-publish","4":"has-post-thumbnail","6":"product_cat-furniture-system-cantiero-krysiak-meble","7":"product_cat-furniture-system-cantiero-walnut-krysiak","8":"product_cat-krysiak","9":"product_cat-tables","11":"first","12":"instock","13":"purchasable","14":"product-type-simple"},"_links":{"self":[{"href":"https:\/\/baldumarket.lt\/lt\/wp-json\/wp\/v2\/product\/179475","targetHints":{"allow":["GET"]}}],"collection":[{"href":"https:\/\/baldumarket.lt\/lt\/wp-json\/wp\/v2\/product"}],"about":[{"href":"https:\/\/baldumarket.lt\/lt\/wp-json\/wp\/v2\/types\/product"}],"replies":[{"embeddable":true,"href":"https:\/\/baldumarket.lt\/lt\/wp-json\/wp\/v2\/comments?post=179475"}],"wp:featuredmedia":[{"embeddable":true,"href":"https:\/\/baldumarket.lt\/lt\/wp-json\/wp\/v2\/media\/179476"}],"wp:attachment":[{"href":"https:\/\/baldumarket.lt\/lt\/wp-json\/wp\/v2\/media?parent=179475"}],"wp:term":[{"taxonomy":"product_brand","embeddable":true,"href":"https:\/\/baldumarket.lt\/lt\/wp-json\/wp\/v2\/product_brand?post=179475"},{"taxonomy":"product_cat","embeddable":true,"href":"https:\/\/baldumarket.lt\/lt\/wp-json\/wp\/v2\/product_cat?post=179475"},{"taxonomy":"product_tag","embeddable":true,"href":"https:\/\/baldumarket.lt\/lt\/wp-json\/wp\/v2\/product_tag?post=179475"}],"curies":[{"name":"wp","href":"https:\/\/api.w.org\/{rel}","templated":true}]}}