{"id":179463,"date":"2025-12-20T23:56:28","date_gmt":"2025-12-20T20:56:28","guid":{"rendered":"https:\/\/baldumarket.lt\/?post_type=product&#038;p=179463"},"modified":"2026-02-12T10:19:06","modified_gmt":"2026-02-12T07:19:06","slug":"sofa-3-os-z-dwuwarstwowym-siedziskiem-tilia-slim-gr2","status":"publish","type":"product","link":"https:\/\/baldumarket.lt\/lt\/product\/sofa-3-os-z-dwuwarstwowym-siedziskiem-tilia-slim-gr2\/","title":{"rendered":"Triviet\u0117 sofa su dvigubu s\u0117dyn\u0117s sluoksniu Tilia Slim Gr2"},"content":{"rendered":"<p>Viena sistema, du \u201eTilia\u201c sofos pavir\u0161iai. Plat\u016bs arba siauri porankiai (\u201eSlim\u201c versija) leid\u017eia pritaikyti sof\u0105 prie savo stiliaus. Dvigubo sluoksnio s\u0117dyn\u0117 transformuojasi \u012f patogi\u0105 miegojimo viet\u0105. Prabangus \u201ePoso\u201c kordoro audinys papildo daugiamat\u012f dizain\u0105.<br \/>\nSavyb\u0117s ir funkcijos:<br \/>\nPUR putos<br \/>\nKavalerijos pavasaris<br \/>\n\u00a0Miego funkcija<br \/>\n\u00a0Patalyn\u0117<br \/>\n\u00a0Apmu\u0161tas atlo\u0161as<br \/>\n\u00a0Atlo\u0161as \u2013 i\u0161manioji sistema.<br \/>\nSofa gali b\u016bti pagaminta i\u0161 bet kokio audinio i\u0161 audini\u0173 s\u0105ra\u0161o (nuotraukos galerijoje) \u2013 jei norimo audinio n\u0117ra s\u0105ra\u0161e \u201cpasirinkti spalv\u0105\u201d, nurodykite jo pavadinim\u0105 u\u017esakymo pastabose.<br \/>\nArba konfig\u016bratoriuje pasirinkite parinkt\u012f \u201ckitas audinys\u201d ir nurodykite jo pavadinim\u0105 bei numer\u012f.<\/p>","protected":false},"excerpt":{"rendered":"<p>Plotis [cm] 230<br \/>\n\u016agis [cm] 82<br \/>\nGylis [cm] 103<br \/>\nMiegamasis plotas [cm] 140 \u00d7 200<br \/>\nSurinkimas: Savaranki\u0161kas surinkimas \u2013 baldai pristatomi plok\u0161\u010diose pakuot\u0117se su instrukcijomis ir surinkimo priedais<br \/>\nPagalv\u0117li\u0173 tipas: Nuimamos pagalv\u0117l\u0117s<\/p>","protected":false},"featured_media":179388,"comment_status":"open","ping_status":"closed","template":"","meta":[],"product_brand":[],"product_cat":[9547,4635,560],"product_tag":[],"class_list":{"0":"post-179463","1":"product","2":"type-product","3":"status-publish","4":"has-post-thumbnail","6":"product_cat-sofas-piaski","7":"product_cat-piaski","8":"product_cat-sofas-and-couches","10":"first","11":"instock","12":"shipping-taxable","13":"purchasable","14":"product-type-variable","15":"wvs-archive-product-wrapper"},"_links":{"self":[{"href":"https:\/\/baldumarket.lt\/lt\/wp-json\/wp\/v2\/product\/179463","targetHints":{"allow":["GET"]}}],"collection":[{"href":"https:\/\/baldumarket.lt\/lt\/wp-json\/wp\/v2\/product"}],"about":[{"href":"https:\/\/baldumarket.lt\/lt\/wp-json\/wp\/v2\/types\/product"}],"replies":[{"embeddable":true,"href":"https:\/\/baldumarket.lt\/lt\/wp-json\/wp\/v2\/comments?post=179463"}],"wp:featuredmedia":[{"embeddable":true,"href":"https:\/\/baldumarket.lt\/lt\/wp-json\/wp\/v2\/media\/179388"}],"wp:attachment":[{"href":"https:\/\/baldumarket.lt\/lt\/wp-json\/wp\/v2\/media?parent=179463"}],"wp:term":[{"taxonomy":"product_brand","embeddable":true,"href":"https:\/\/baldumarket.lt\/lt\/wp-json\/wp\/v2\/product_brand?post=179463"},{"taxonomy":"product_cat","embeddable":true,"href":"https:\/\/baldumarket.lt\/lt\/wp-json\/wp\/v2\/product_cat?post=179463"},{"taxonomy":"product_tag","embeddable":true,"href":"https:\/\/baldumarket.lt\/lt\/wp-json\/wp\/v2\/product_tag?post=179463"}],"curies":[{"name":"wp","href":"https:\/\/api.w.org\/{rel}","templated":true}]}}