{"id":179459,"date":"2025-12-20T23:56:24","date_gmt":"2025-12-20T20:56:24","guid":{"rendered":"https:\/\/baldumarket.lt\/?post_type=product&#038;p=179459"},"modified":"2026-02-12T10:19:06","modified_gmt":"2026-02-12T07:19:06","slug":"sofa-3-os-z-boczkami-onega-gr2","status":"publish","type":"product","link":"https:\/\/baldumarket.lt\/lt\/product\/sofa-3-os-z-boczkami-onega-gr2\/","title":{"rendered":"Onega Gr2 triviet\u0117 sofa su \u0161onin\u0117mis panel\u0117mis"},"content":{"rendered":"<p>\u201eOnega\u201c sofa buvo sukurta galvojant apie i\u0161rankiausius klientus \u2013 klasikinio stiliaus su modernumo prieskoniu.<br \/>\nJis \u017eavi savo individualumu, lau\u017eo stereotipus ir suteikia kambariui unikal\u0173 charakter\u012f. Jis puikiai tinka svetain\u0117ms, kuriose tikimasi estetikos ir komforto.<br \/>\nSavyb\u0117s ir funkcijos:<br \/>\nPUR putos<br \/>\nKavalerijos spyruokl\u0117s<br \/>\nMiego funkcija<br \/>\nPatalyn\u0117 saugykla<br \/>\nApmu\u0161tas atlo\u0161as<br \/>\nAtlo\u0161iama \u2013 DL sistema.<br \/>\n\u0160is baldas gali b\u016bti pagamintas i\u0161 bet kurio audinio i\u0161 audini\u0173 s\u0105ra\u0161o (nuotraukos galerijoje) \u2013 jei j\u016bs\u0173 pasirinkto audinio n\u0117ra s\u0105ra\u0161e \u201cpasirinkti spalv\u0105\u201d, pra\u0161ome jo pavadinim\u0105 nurodyti u\u017esakymo pastabose.<br \/>\nArba konfig\u016bratoriuje pasirinkite parinkt\u012f \u201ckitas audinys\u201d ir nurodykite jo pavadinim\u0105 bei numer\u012f.<\/p>","protected":false},"excerpt":{"rendered":"<p>Plotis [cm] 250<br \/>\n\u016agis [cm] 85<br \/>\nGylis [cm] 102<br \/>\nMiegamasis plotas [cm] 148 \u00d7 205<br \/>\nSurinkimas: Savaranki\u0161kas surinkimas \u2013 baldai pristatomi plok\u0161\u010diose pakuot\u0117se su instrukcijomis ir surinkimo priedais<br \/>\nPagalv\u0117li\u0173 tipas: Nuimamos pagalv\u0117l\u0117s<\/p>","protected":false},"featured_media":179370,"comment_status":"open","ping_status":"closed","template":"","meta":[],"product_brand":[],"product_cat":[9547,4635,560],"product_tag":[],"class_list":{"0":"post-179459","1":"product","2":"type-product","3":"status-publish","4":"has-post-thumbnail","6":"product_cat-sofas-piaski","7":"product_cat-piaski","8":"product_cat-sofas-and-couches","10":"first","11":"instock","12":"shipping-taxable","13":"purchasable","14":"product-type-variable","15":"wvs-archive-product-wrapper"},"_links":{"self":[{"href":"https:\/\/baldumarket.lt\/lt\/wp-json\/wp\/v2\/product\/179459","targetHints":{"allow":["GET"]}}],"collection":[{"href":"https:\/\/baldumarket.lt\/lt\/wp-json\/wp\/v2\/product"}],"about":[{"href":"https:\/\/baldumarket.lt\/lt\/wp-json\/wp\/v2\/types\/product"}],"replies":[{"embeddable":true,"href":"https:\/\/baldumarket.lt\/lt\/wp-json\/wp\/v2\/comments?post=179459"}],"wp:featuredmedia":[{"embeddable":true,"href":"https:\/\/baldumarket.lt\/lt\/wp-json\/wp\/v2\/media\/179370"}],"wp:attachment":[{"href":"https:\/\/baldumarket.lt\/lt\/wp-json\/wp\/v2\/media?parent=179459"}],"wp:term":[{"taxonomy":"product_brand","embeddable":true,"href":"https:\/\/baldumarket.lt\/lt\/wp-json\/wp\/v2\/product_brand?post=179459"},{"taxonomy":"product_cat","embeddable":true,"href":"https:\/\/baldumarket.lt\/lt\/wp-json\/wp\/v2\/product_cat?post=179459"},{"taxonomy":"product_tag","embeddable":true,"href":"https:\/\/baldumarket.lt\/lt\/wp-json\/wp\/v2\/product_tag?post=179459"}],"curies":[{"name":"wp","href":"https:\/\/api.w.org\/{rel}","templated":true}]}}