{"id":179445,"date":"2025-12-20T23:55:22","date_gmt":"2025-12-20T20:55:22","guid":{"rendered":"https:\/\/baldumarket.lt\/?post_type=product&#038;p=179445"},"modified":"2026-02-12T13:45:29","modified_gmt":"2026-02-12T10:45:29","slug":"pufa-tapicerowana-fiord-gr2","status":"publish","type":"product","link":"https:\/\/baldumarket.lt\/lt\/product\/pufa-tapicerowana-fiord-gr2\/","title":{"rendered":"Fiord Gr2 mink\u0161tas pufas"},"content":{"rendered":"<p>\u201eFiord\u201c mink\u0161tasuolis yra naujas \u201eFiord\u201c kampini\u0173 sof\u0173 kolekcijos papildymas.<br \/>\nSavyb\u0117s ir funkcijos:<br \/>\nPUR putos<br \/>\nAtsitiktinis pavasaris<br \/>\n\u00a0<br \/>\n\u0160is baldas gali b\u016bti pagamintas i\u0161 bet kurio audinio i\u0161 audini\u0173 s\u0105ra\u0161o (nuotraukos galerijoje) \u2013 jei norimo audinio n\u0117ra s\u0105ra\u0161e \u201cpasirinkti spalv\u0105\u201d, nurodykite jo pavadinim\u0105 u\u017esakymo pastabose.<br \/>\nArba konfig\u016bratoriuje pasirinkite parinkt\u012f \u201ckitas audinys\u201d ir \u012fveskite jo pavadinim\u0105 bei numer\u012f.<\/p>","protected":false},"excerpt":{"rendered":"<p>Plotis [cm] 102<br \/>\n\u016agis [cm] 42<br \/>\nGylis [cm] 69<br \/>\nGarantija [m\u0117nesi\u0173] 24<br \/>\nSurinkimas: Produktas pristatomas pilnai supakuotas \u012f karton\u0105 arba folij\u0105<\/p>","protected":false},"featured_media":179309,"comment_status":"open","ping_status":"closed","template":"","meta":[],"product_brand":[],"product_cat":[9576,4635,826],"product_tag":[],"class_list":{"0":"post-179445","1":"product","2":"type-product","3":"status-publish","4":"has-post-thumbnail","6":"product_cat-poufs-piaski","7":"product_cat-piaski","8":"product_cat-poufs","10":"first","11":"instock","12":"shipping-taxable","13":"purchasable","14":"product-type-variable","15":"wvs-archive-product-wrapper"},"_links":{"self":[{"href":"https:\/\/baldumarket.lt\/lt\/wp-json\/wp\/v2\/product\/179445","targetHints":{"allow":["GET"]}}],"collection":[{"href":"https:\/\/baldumarket.lt\/lt\/wp-json\/wp\/v2\/product"}],"about":[{"href":"https:\/\/baldumarket.lt\/lt\/wp-json\/wp\/v2\/types\/product"}],"replies":[{"embeddable":true,"href":"https:\/\/baldumarket.lt\/lt\/wp-json\/wp\/v2\/comments?post=179445"}],"wp:featuredmedia":[{"embeddable":true,"href":"https:\/\/baldumarket.lt\/lt\/wp-json\/wp\/v2\/media\/179309"}],"wp:attachment":[{"href":"https:\/\/baldumarket.lt\/lt\/wp-json\/wp\/v2\/media?parent=179445"}],"wp:term":[{"taxonomy":"product_brand","embeddable":true,"href":"https:\/\/baldumarket.lt\/lt\/wp-json\/wp\/v2\/product_brand?post=179445"},{"taxonomy":"product_cat","embeddable":true,"href":"https:\/\/baldumarket.lt\/lt\/wp-json\/wp\/v2\/product_cat?post=179445"},{"taxonomy":"product_tag","embeddable":true,"href":"https:\/\/baldumarket.lt\/lt\/wp-json\/wp\/v2\/product_tag?post=179445"}],"curies":[{"name":"wp","href":"https:\/\/api.w.org\/{rel}","templated":true}]}}