{"id":179433,"date":"2025-12-20T23:54:48","date_gmt":"2025-12-20T20:54:48","guid":{"rendered":"https:\/\/baldumarket.lt\/?post_type=product&#038;p=179433"},"modified":"2026-02-12T10:11:51","modified_gmt":"2026-02-12T07:11:51","slug":"naroznik-tapicerowany-modulowy-2le2tpf1r-nobe-gr2","status":"publish","type":"product","link":"https:\/\/baldumarket.lt\/lt\/product\/naroznik-tapicerowany-modulowy-2le2tpf1r-nobe-gr2\/","title":{"rendered":"Apmu\u0161ta modulin\u0117 kampin\u0117 sofa 2L+E+2+TPF+1R Nobe Gr2"},"content":{"rendered":"<p>\u201eNobe\u201c derina modernum\u0105 ir elegancij\u0105. Stilingas dizainas puikiai papildys bet kok\u012f svetain\u0117s interjer\u0105. Tai modulin\u0117 sistema, leid\u017eianti susikurti savo i\u0161d\u0117stym\u0105. \u0160\u012f pasi\u016blym\u0105 sudaro moduliai: 2L + E + 2 + TPF + 1R (fotelis ir pufas ne\u012fskai\u010diuoti).<br \/>\nSavyb\u0117s ir funkcijos:<br \/>\nPUR putplastis + HR putplastis + apmu\u0161al\u0173 dir\u017eeliai<br \/>\nApmu\u0161tas atlo\u0161as<br \/>\n\u201eNobe\u201c \u2013 tai kolekcija, kurioje n\u0117ra nei daiktad\u0117\u017e\u0117s, nei miegojimo funkcijos.<br \/>\n\u201eNobe\u201c kolekcij\u0105 galima \u012fsigyti su dviem audiniais \u2013 \u201eSuprem\u201c ir \u201eDress Me\u201c; kit\u0173 apmu\u0161al\u0173 n\u0117ra.<br \/>\n\u201eSuprem\u201c \u2013 tai modernus Italijoje sukurtas poliesterio audinys, idealiai tinkantis \u012fvairiems bald\u0173 pritaikymams. Unikalus pynimas suteikia i\u0161skirtin\u0119 tekst\u016br\u0105 ir vizualin\u012f patrauklum\u0105, tod\u0117l tai puikus pasirinkimas. Audinio patvarumas ir universalumas leid\u017eia jam atitikti \u0161iuolaikinio dizaino reikalavimus ir suteikti bet kokiam gaminiui itali\u0161kos elegancijos. Pagamintas i\u0161 auk\u0161tos kokyb\u0117s \u201eSuprem\u201c poliesterio pluo\u0161to, jis pasi\u017eymi puikiu atsparumu dilimui, ilgaam\u017ei\u0161kumu ir pastoviomis eksploatacin\u0117mis savyb\u0117mis.<br \/>\nAudinys pagamintas naudojant nanopluo\u0161to technologij\u0105, kuri ilgiau i\u0161laiko spalv\u0105, yra patvaresnis, atsparus trin\u010diai ir tempimui. Audinys taip pat nesiglam\u017eo, tod\u0117l idealiai tinka nam\u0173 baldams. Audinys yra laidus orui ir nat\u016bralaus poj\u016b\u010dio, tod\u0117l puikiai tinka kasdieniam naudojimui, nes jo atsparumas trin\u010diai yra 58 000 cikl\u0173.<br \/>\n\u201eDress Me\u201c \u2013 tai storas, tvirtas \u0161enilinis audinys, i\u0161siskiriantis melan\u017eo spalv\u0173 gama ir \u012fdomia, trimat\u0117 tekst\u016bra. Audinio strukt\u016bra yra ry\u0161kiai \u0161enilin\u0117, suteikianti jam i\u0161vaizd\u0105 ir mink\u0161tum\u0105, kartu i\u0161laikant didel\u012f patvarum\u0105. Audinio pavir\u0161iuje yra smulki\u0173, netaisykling\u0173 \u012fdubim\u0173, kurie sukuria \u012fdom\u0173 ra\u0161t\u0105, primenant\u012f nat\u016bralias klostes ar rauk\u0161les, ir suteikia jam unikalaus charakterio.<br \/>\n\u0160i med\u017eiaga yra GERA K\u016aDIKIAMS, GERA PLANETAI ir sertifikuota pagal REACH CONFORM reikalavimus, \u012frodan\u010dius jos saugum\u0105 ir ekologi\u0161kum\u0105. Atsparumas dilimui \u2013 100 000 cikl\u0173.<\/p>","protected":false},"excerpt":{"rendered":"<p>Ilgesn\u0117s kra\u0161tin\u0117s plotis [cm] 393<br \/>\nTrumpesn\u0117s kra\u0161tin\u0117s plotis [cm] 249<br \/>\nGylis [cm] 97<br \/>\nMiegamasis plotas [cm] n\u0117ra<br \/>\nKampin\u0117s sofos stilius: modernus<br \/>\nI\u0161skleidimo sistema: n\u0117ra miegojimo funkcijos<\/p>","protected":false},"featured_media":179255,"comment_status":"open","ping_status":"closed","template":"","meta":[],"product_brand":[],"product_cat":[9546,616,1983,4635],"product_tag":[],"class_list":{"0":"post-179433","1":"product","2":"type-product","3":"status-publish","4":"has-post-thumbnail","6":"product_cat-corner-sofas-piaski","7":"product_cat-corners","8":"product_cat-corners-l","9":"product_cat-piaski","11":"first","12":"instock","13":"shipping-taxable","14":"purchasable","15":"product-type-variable","16":"wvs-archive-product-wrapper"},"_links":{"self":[{"href":"https:\/\/baldumarket.lt\/lt\/wp-json\/wp\/v2\/product\/179433","targetHints":{"allow":["GET"]}}],"collection":[{"href":"https:\/\/baldumarket.lt\/lt\/wp-json\/wp\/v2\/product"}],"about":[{"href":"https:\/\/baldumarket.lt\/lt\/wp-json\/wp\/v2\/types\/product"}],"replies":[{"embeddable":true,"href":"https:\/\/baldumarket.lt\/lt\/wp-json\/wp\/v2\/comments?post=179433"}],"wp:featuredmedia":[{"embeddable":true,"href":"https:\/\/baldumarket.lt\/lt\/wp-json\/wp\/v2\/media\/179255"}],"wp:attachment":[{"href":"https:\/\/baldumarket.lt\/lt\/wp-json\/wp\/v2\/media?parent=179433"}],"wp:term":[{"taxonomy":"product_brand","embeddable":true,"href":"https:\/\/baldumarket.lt\/lt\/wp-json\/wp\/v2\/product_brand?post=179433"},{"taxonomy":"product_cat","embeddable":true,"href":"https:\/\/baldumarket.lt\/lt\/wp-json\/wp\/v2\/product_cat?post=179433"},{"taxonomy":"product_tag","embeddable":true,"href":"https:\/\/baldumarket.lt\/lt\/wp-json\/wp\/v2\/product_tag?post=179433"}],"curies":[{"name":"wp","href":"https:\/\/api.w.org\/{rel}","templated":true}]}}