{"id":179429,"date":"2025-12-20T23:54:44","date_gmt":"2025-12-20T20:54:44","guid":{"rendered":"https:\/\/baldumarket.lt\/?post_type=product&#038;p=179429"},"modified":"2026-02-12T10:11:51","modified_gmt":"2026-02-12T07:11:51","slug":"naroznik-tapicerowany-korfu-mini-bez-funkcji-spania-gr2","status":"publish","type":"product","link":"https:\/\/baldumarket.lt\/lt\/product\/naroznik-tapicerowany-korfu-mini-bez-funkcji-spania-gr2\/","title":{"rendered":"Korfu Mini mink\u0161ta kampin\u0117 sofa be miegojimo funkcijos Gr2"},"content":{"rendered":"<p>Unikalaus dizaino ir originalios formos \u201eKorfu\u201c kampin\u0117 sofa neabejotinai taps bet kurio svetain\u0117s akcentu.<br \/>\nSavyb\u0117s ir funkcijos:<br \/>\nPUR putos<br \/>\nGofruotos spyruokl\u0117s<br \/>\nApmu\u0161tas atlo\u0161as<br \/>\nChromo apdaila<br \/>\nReguliuojami porankiai<br \/>\nReguliuojamos galvos atramos<br \/>\nN\u0117ra miegojimo funkcijos ar daiktad\u0117\u017e\u0117s.<br \/>\nPASTABA \u2013 jei pasirinksite kordurojaus audinius, tokius kaip \u201eLincoln\u201c ar \u201ePoso\u201c, si\u016bl\u0117s nebus matomos.<br \/>\nSofa gali b\u016bti pagaminta i\u0161 bet kokio audinio i\u0161 audini\u0173 s\u0105ra\u0161o (nuotraukos galerijoje) \u2013 jei j\u016bs\u0173 pasirinkto audinio n\u0117ra s\u0105ra\u0161e \u201cpasirinkti spalv\u0105\u201d, pra\u0161ome jo pavadinim\u0105 nurodyti u\u017esakymo pastabose.<br \/>\nArba konfig\u016bratoriuje pasirinkite parinkt\u012f \u201ckitas audinys\u201d ir nurodykite jo pavadinim\u0105 bei numer\u012f.<\/p>","protected":false},"excerpt":{"rendered":"<p>Ilgesn\u0117s kra\u0161tin\u0117s plotis [cm] 296<br \/>\nTrumpesn\u0117s kra\u0161tin\u0117s plotis [cm] 225<br \/>\nGylis [cm] 96<br \/>\nMiegamasis plotas [cm] n\u0117ra<br \/>\nKampin\u0117s sofos stilius: modernus skandinavi\u0161kas<br \/>\nI\u0161skleidimo sistema: n\u0117ra miegojimo funkcijos<\/p>","protected":false},"featured_media":179237,"comment_status":"open","ping_status":"closed","template":"","meta":[],"product_brand":[],"product_cat":[9546,616,1983,4635],"product_tag":[],"class_list":{"0":"post-179429","1":"product","2":"type-product","3":"status-publish","4":"has-post-thumbnail","6":"product_cat-corner-sofas-piaski","7":"product_cat-corners","8":"product_cat-corners-l","9":"product_cat-piaski","11":"first","12":"instock","13":"shipping-taxable","14":"purchasable","15":"product-type-variable","16":"wvs-archive-product-wrapper"},"_links":{"self":[{"href":"https:\/\/baldumarket.lt\/lt\/wp-json\/wp\/v2\/product\/179429","targetHints":{"allow":["GET"]}}],"collection":[{"href":"https:\/\/baldumarket.lt\/lt\/wp-json\/wp\/v2\/product"}],"about":[{"href":"https:\/\/baldumarket.lt\/lt\/wp-json\/wp\/v2\/types\/product"}],"replies":[{"embeddable":true,"href":"https:\/\/baldumarket.lt\/lt\/wp-json\/wp\/v2\/comments?post=179429"}],"wp:featuredmedia":[{"embeddable":true,"href":"https:\/\/baldumarket.lt\/lt\/wp-json\/wp\/v2\/media\/179237"}],"wp:attachment":[{"href":"https:\/\/baldumarket.lt\/lt\/wp-json\/wp\/v2\/media?parent=179429"}],"wp:term":[{"taxonomy":"product_brand","embeddable":true,"href":"https:\/\/baldumarket.lt\/lt\/wp-json\/wp\/v2\/product_brand?post=179429"},{"taxonomy":"product_cat","embeddable":true,"href":"https:\/\/baldumarket.lt\/lt\/wp-json\/wp\/v2\/product_cat?post=179429"},{"taxonomy":"product_tag","embeddable":true,"href":"https:\/\/baldumarket.lt\/lt\/wp-json\/wp\/v2\/product_tag?post=179429"}],"curies":[{"name":"wp","href":"https:\/\/api.w.org\/{rel}","templated":true}]}}