{"id":179419,"date":"2025-12-20T23:54:12","date_gmt":"2025-12-20T20:54:12","guid":{"rendered":"https:\/\/baldumarket.lt\/?post_type=product&#038;p=179419"},"modified":"2026-02-12T10:12:01","modified_gmt":"2026-02-12T07:12:01","slug":"naroznik-rozkladany-z-poduchami-gloss-gr2","status":"publish","type":"product","link":"https:\/\/baldumarket.lt\/lt\/product\/naroznik-rozkladany-z-poduchami-gloss-gr2\/","title":{"rendered":"Sulankstoma kampin\u0117 sofa su blizgiomis pagalv\u0117l\u0117mis Gr2"},"content":{"rendered":"<p>Kampin\u0117 sofa \u201eGloss\u201c, pasi\u017eyminti unikaliu dizainu ir originalia forma, neabejotinai taps bet kurio svetain\u0117s akcentu.<br \/>\nSavyb\u0117s ir funkcijos:<br \/>\nPUR putos<br \/>\nKavalerijos pavasaris<br \/>\nMiego funkcija<br \/>\nPatalyn\u0117 saugykla<br \/>\nApmu\u0161tas atlo\u0161as<br \/>\nI\u0161manioji atlo\u0161o sistema.<br \/>\nKampin\u0117 sofa turi 3 dideles ir 4 ma\u017eesnes pagalv\u0117les.<br \/>\nPagrindin\u0117je nuotraukoje pavaizduota de\u0161inioji kampin\u0117 sofa.<br \/>\n\u0160is baldas gali b\u016bti pagamintas i\u0161 bet kurio audinio i\u0161 audini\u0173 s\u0105ra\u0161o (nuotraukos galerijoje) \u2013 jei norimo audinio n\u0117ra s\u0105ra\u0161e \u201cpasirinkti spalv\u0105\u201d, pra\u0161ome jo pavadinim\u0105 nurodyti u\u017esakymo pastabose.<br \/>\nArba konfig\u016bratoriuje pasirinkite parinkt\u012f \u201ckitas audinys\u201d ir nurodykite jo pavadinim\u0105 bei numer\u012f.<\/p>","protected":false},"excerpt":{"rendered":"<p>Ilgesn\u0117s kra\u0161tin\u0117s plotis [cm] 258<br \/>\nTrumpesn\u0117s kra\u0161tin\u0117s plotis [cm] 167<br \/>\nGylis [cm] 100<br \/>\nMiegamasis plotas [cm] 135 \u00d7 224<br \/>\nModernus kampin\u0117s sofos stilius<br \/>\nI\u0161manioji sistema<\/p>","protected":false},"featured_media":179190,"comment_status":"open","ping_status":"closed","template":"","meta":[],"product_brand":[],"product_cat":[9546,616,1983,4635],"product_tag":[],"class_list":{"0":"post-179419","1":"product","2":"type-product","3":"status-publish","4":"has-post-thumbnail","6":"product_cat-corner-sofas-piaski","7":"product_cat-corners","8":"product_cat-corners-l","9":"product_cat-piaski","11":"first","12":"instock","13":"shipping-taxable","14":"purchasable","15":"product-type-variable","16":"wvs-archive-product-wrapper"},"_links":{"self":[{"href":"https:\/\/baldumarket.lt\/lt\/wp-json\/wp\/v2\/product\/179419","targetHints":{"allow":["GET"]}}],"collection":[{"href":"https:\/\/baldumarket.lt\/lt\/wp-json\/wp\/v2\/product"}],"about":[{"href":"https:\/\/baldumarket.lt\/lt\/wp-json\/wp\/v2\/types\/product"}],"replies":[{"embeddable":true,"href":"https:\/\/baldumarket.lt\/lt\/wp-json\/wp\/v2\/comments?post=179419"}],"wp:featuredmedia":[{"embeddable":true,"href":"https:\/\/baldumarket.lt\/lt\/wp-json\/wp\/v2\/media\/179190"}],"wp:attachment":[{"href":"https:\/\/baldumarket.lt\/lt\/wp-json\/wp\/v2\/media?parent=179419"}],"wp:term":[{"taxonomy":"product_brand","embeddable":true,"href":"https:\/\/baldumarket.lt\/lt\/wp-json\/wp\/v2\/product_brand?post=179419"},{"taxonomy":"product_cat","embeddable":true,"href":"https:\/\/baldumarket.lt\/lt\/wp-json\/wp\/v2\/product_cat?post=179419"},{"taxonomy":"product_tag","embeddable":true,"href":"https:\/\/baldumarket.lt\/lt\/wp-json\/wp\/v2\/product_tag?post=179419"}],"curies":[{"name":"wp","href":"https:\/\/api.w.org\/{rel}","templated":true}]}}