{"id":179236,"date":"2025-12-20T23:48:55","date_gmt":"2025-12-20T20:48:55","guid":{"rendered":"https:\/\/baldumarket.lt\/?post_type=product&#038;p=179236"},"modified":"2026-02-12T10:19:55","modified_gmt":"2026-02-12T07:19:55","slug":"sofa-3-os-z-boczkami-na-nogach-gloss-gr1","status":"publish","type":"product","link":"https:\/\/baldumarket.lt\/lt\/product\/sofa-3-os-z-boczkami-na-nogach-gloss-gr1\/","title":{"rendered":"Triviet\u0117 sofa su \u0161onais ant kojeli\u0173, blizgi, Gr1"},"content":{"rendered":"<p>Sofa \u201eGloss\u201c buvo sukurta galvojant apie i\u0161rankiausius klientus \u2013 klasikinio stiliaus su modernumo prieskoniu.<br \/>\nJis \u017eavi savo individualumu, lau\u017eo stereotipus ir suteikia kambariui unikal\u0173 charakter\u012f. Jis puikiai tinka svetain\u0117ms, biurams ar laukiamiesiems \u2013 visur, kur tikit\u0117s gra\u017eios i\u0161vaizdos ir komforto.<br \/>\nSavyb\u0117s ir funkcijos:<br \/>\nPUR putos<br \/>\nKavalerijos spyruokl\u0117s<br \/>\n\u00a0Miego funkcija<br \/>\n\u00a0Patalyn\u0117 saugykla<br \/>\n\u00a0Apmu\u0161tas atlo\u0161as<br \/>\n\u00a0Atlo\u0161iama \u2013 i\u0161manioji sistema, 15 cm auk\u0161\u010dio kojel\u0117s<br \/>\n\u00a0Baldai gali b\u016bti pagaminti i\u0161 bet kurio audinio i\u0161 audini\u0173 s\u0105ra\u0161o (nuotraukos galerijoje) \u2013 jei j\u016bs\u0173 pasirinkto audinio n\u0117ra s\u0105ra\u0161e \u201cpasirinkti spalv\u0105\u201d, nurodykite jo pavadinim\u0105 u\u017esakymo pastabose.<br \/>\nArba konfig\u016bratoriuje pasirinkite \u201ckitas audinys\u201d ir nurodykite jo pavadinim\u0105 bei numer\u012f.<\/p>","protected":false},"excerpt":{"rendered":"<p>Plotis [cm] 237<br \/>\n\u016agis [cm] 90<br \/>\nGylis [cm] 105<br \/>\nMiegamasis plotas [cm] 140 \u00d7 205<br \/>\nSurinkimas: Savaranki\u0161kas surinkimas \u2013 baldai pristatomi plok\u0161\u010diose pakuot\u0117se su instrukcijomis ir surinkimo priedais<br \/>\nPagalv\u0117li\u0173 tipas: Nuimamos pagalv\u0117l\u0117s<\/p>","protected":false},"featured_media":179363,"comment_status":"open","ping_status":"closed","template":"","meta":[],"product_brand":[],"product_cat":[9547,4635,560],"product_tag":[],"class_list":{"0":"post-179236","1":"product","2":"type-product","3":"status-publish","4":"has-post-thumbnail","6":"product_cat-sofas-piaski","7":"product_cat-piaski","8":"product_cat-sofas-and-couches","10":"first","11":"instock","12":"shipping-taxable","13":"purchasable","14":"product-type-variable","15":"wvs-archive-product-wrapper"},"_links":{"self":[{"href":"https:\/\/baldumarket.lt\/lt\/wp-json\/wp\/v2\/product\/179236","targetHints":{"allow":["GET"]}}],"collection":[{"href":"https:\/\/baldumarket.lt\/lt\/wp-json\/wp\/v2\/product"}],"about":[{"href":"https:\/\/baldumarket.lt\/lt\/wp-json\/wp\/v2\/types\/product"}],"replies":[{"embeddable":true,"href":"https:\/\/baldumarket.lt\/lt\/wp-json\/wp\/v2\/comments?post=179236"}],"wp:featuredmedia":[{"embeddable":true,"href":"https:\/\/baldumarket.lt\/lt\/wp-json\/wp\/v2\/media\/179363"}],"wp:attachment":[{"href":"https:\/\/baldumarket.lt\/lt\/wp-json\/wp\/v2\/media?parent=179236"}],"wp:term":[{"taxonomy":"product_brand","embeddable":true,"href":"https:\/\/baldumarket.lt\/lt\/wp-json\/wp\/v2\/product_brand?post=179236"},{"taxonomy":"product_cat","embeddable":true,"href":"https:\/\/baldumarket.lt\/lt\/wp-json\/wp\/v2\/product_cat?post=179236"},{"taxonomy":"product_tag","embeddable":true,"href":"https:\/\/baldumarket.lt\/lt\/wp-json\/wp\/v2\/product_tag?post=179236"}],"curies":[{"name":"wp","href":"https:\/\/api.w.org\/{rel}","templated":true}]}}