{"id":179216,"date":"2025-12-20T23:48:27","date_gmt":"2025-12-20T20:48:27","guid":{"rendered":"https:\/\/baldumarket.lt\/?post_type=product&#038;p=179216"},"modified":"2026-02-12T10:19:55","modified_gmt":"2026-02-12T07:19:55","slug":"sofa-2-os-regulowane-zaglowki-i-podlokietniki-odessa-gr1","status":"publish","type":"product","link":"https:\/\/baldumarket.lt\/lt\/product\/sofa-2-os-regulowane-zaglowki-i-podlokietniki-odessa-gr1\/","title":{"rendered":"Dviviet\u0117 sofa su reguliuojamais galvos atlo\u0161ais ir porankiais Odessa Gr1"},"content":{"rendered":"<p>Unikalaus dizaino ir originalios formos \u201eOdessa\u201c sofa neabejotinai taps bet kurio svetain\u0117s, biuro ar laukiamojo akcentu.<br \/>\nSavyb\u0117s ir funkcijos:<br \/>\nPUR putos<br \/>\nGofruotos spyruokl\u0117s<br \/>\nApmu\u0161tas atlo\u0161as<br \/>\nChromo apdaila<br \/>\nReguliuojami porankiai<br \/>\nReguliuojamos galvos atramos<br \/>\nN\u0117ra miegojimo ar daiktad\u0117\u017e\u0117s funkcijos.<br \/>\nJei pageidaujate dviej\u0173 spalv\u0173 sofos (su audinio pertvaromis), kaip parodyta nuotraukoje, nurodykite tai u\u017esakymo pastabose (ta\u010diau taisykl\u0117 \u2013 tas pats audinys).<br \/>\nBaldai gali b\u016bti pagaminti i\u0161 bet kurio audinio i\u0161 audini\u0173 s\u0105ra\u0161o (nuotraukos galerijoje) \u2013 jei norimo audinio n\u0117ra s\u0105ra\u0161e \u201cpasirinkti spalv\u0105\u201d, pra\u0161ome jo pavadinim\u0105 nurodyti u\u017esakymo pastabose.<br \/>\nArba konfig\u016bratoriuje pasirinkite parinkt\u012f \u201ckitas audinys\u201d ir nurodykite jo pavadinim\u0105 bei numer\u012f.<\/p>","protected":false},"excerpt":{"rendered":"<p>Plotis [cm] 214<br \/>\ns\u0117dyn\u0117s plotis [cm] 107<br \/>\n\u016agis [cm] 86\u2013100<\/p>","protected":false},"featured_media":179334,"comment_status":"open","ping_status":"closed","template":"","meta":[],"product_brand":[],"product_cat":[9547,4635,560],"product_tag":[],"class_list":{"0":"post-179216","1":"product","2":"type-product","3":"status-publish","4":"has-post-thumbnail","6":"product_cat-sofas-piaski","7":"product_cat-piaski","8":"product_cat-sofas-and-couches","10":"first","11":"instock","12":"shipping-taxable","13":"purchasable","14":"product-type-variable","15":"wvs-archive-product-wrapper"},"_links":{"self":[{"href":"https:\/\/baldumarket.lt\/lt\/wp-json\/wp\/v2\/product\/179216","targetHints":{"allow":["GET"]}}],"collection":[{"href":"https:\/\/baldumarket.lt\/lt\/wp-json\/wp\/v2\/product"}],"about":[{"href":"https:\/\/baldumarket.lt\/lt\/wp-json\/wp\/v2\/types\/product"}],"replies":[{"embeddable":true,"href":"https:\/\/baldumarket.lt\/lt\/wp-json\/wp\/v2\/comments?post=179216"}],"wp:featuredmedia":[{"embeddable":true,"href":"https:\/\/baldumarket.lt\/lt\/wp-json\/wp\/v2\/media\/179334"}],"wp:attachment":[{"href":"https:\/\/baldumarket.lt\/lt\/wp-json\/wp\/v2\/media?parent=179216"}],"wp:term":[{"taxonomy":"product_brand","embeddable":true,"href":"https:\/\/baldumarket.lt\/lt\/wp-json\/wp\/v2\/product_brand?post=179216"},{"taxonomy":"product_cat","embeddable":true,"href":"https:\/\/baldumarket.lt\/lt\/wp-json\/wp\/v2\/product_cat?post=179216"},{"taxonomy":"product_tag","embeddable":true,"href":"https:\/\/baldumarket.lt\/lt\/wp-json\/wp\/v2\/product_tag?post=179216"}],"curies":[{"name":"wp","href":"https:\/\/api.w.org\/{rel}","templated":true}]}}