{"id":179090,"date":"2025-12-20T23:45:19","date_gmt":"2025-12-20T20:45:19","guid":{"rendered":"https:\/\/baldumarket.lt\/?post_type=product&#038;p=179090"},"modified":"2026-02-12T10:12:40","modified_gmt":"2026-02-12T07:12:40","slug":"naroznik-rozkladany-z-ruchomymi-zaglowkami-belt-l-gr1","status":"publish","type":"product","link":"https:\/\/baldumarket.lt\/lt\/product\/naroznik-rozkladany-z-ruchomymi-zaglowkami-belt-l-gr1\/","title":{"rendered":"Sulankstoma kampin\u0117 sofa su reguliuojamais galvos atlo\u0161ais Belt L Gr1"},"content":{"rendered":"<p>Kampin\u0117 sofa \u201eBelt L\u201c, pasi\u017eyminti unikaliu dizainu ir originalia forma, neabejotinai taps bet kurios svetain\u0117s akcentu.<br \/>\nSavyb\u0117s ir funkcijos:<br \/>\nPUR putos<br \/>\nBanguotos spyruokl\u0117s<br \/>\nMiego funkcija<br \/>\nPatalyn\u0117 saugykla<br \/>\nApmu\u0161tas atlo\u0161as<br \/>\nReguliuojami porankiai<br \/>\nKampin\u0117 sofa parodyta pagrindin\u0117je nuotraukoje de\u0161in\u0117je.<br \/>\nPASTABA \u2013 jei pasirinksite kordurojaus audinius, tokius kaip \u201eLincoln\u201c ar \u201ePoso\u201c, si\u016bl\u0117s nebus matomos.<br \/>\nBaldai gali b\u016bti pagaminti i\u0161 bet kurio audinio i\u0161 audini\u0173 s\u0105ra\u0161o (nuotraukos galerijoje) \u2013 jei j\u016bs\u0173 pasirinkto audinio n\u0117ra s\u0105ra\u0161e \u201cpasirinkti spalv\u0105\u201d, pra\u0161ome jo pavadinim\u0105 nurodyti u\u017esakymo pastabose.<br \/>\nArba konfig\u016bratoriuje pasirinkite parinkt\u012f \u201ckitas audinys\u201d ir nurodykite jo pavadinim\u0105 bei numer\u012f.<\/p>","protected":false},"excerpt":{"rendered":"<p>Ilgesn\u0117s kra\u0161tin\u0117s plotis [cm] 275<br \/>\nTrumpesn\u0117s kra\u0161tin\u0117s plotis [cm] 221<br \/>\nGylis [cm] 105<br \/>\nMiegamasis plotas [cm] 124 \u00d7 194<br \/>\nModernus kampin\u0117s sofos stilius<br \/>\nI\u0161skleidimo sistema: I\u0161traukiamas ve\u017eim\u0117lis (delfinas)<\/p>","protected":false},"featured_media":179208,"comment_status":"open","ping_status":"closed","template":"","meta":[],"product_brand":[],"product_cat":[9546,616,1983,4635],"product_tag":[],"class_list":{"0":"post-179090","1":"product","2":"type-product","3":"status-publish","4":"has-post-thumbnail","6":"product_cat-corner-sofas-piaski","7":"product_cat-corners","8":"product_cat-corners-l","9":"product_cat-piaski","11":"first","12":"instock","13":"shipping-taxable","14":"purchasable","15":"product-type-variable","16":"wvs-archive-product-wrapper"},"_links":{"self":[{"href":"https:\/\/baldumarket.lt\/lt\/wp-json\/wp\/v2\/product\/179090","targetHints":{"allow":["GET"]}}],"collection":[{"href":"https:\/\/baldumarket.lt\/lt\/wp-json\/wp\/v2\/product"}],"about":[{"href":"https:\/\/baldumarket.lt\/lt\/wp-json\/wp\/v2\/types\/product"}],"replies":[{"embeddable":true,"href":"https:\/\/baldumarket.lt\/lt\/wp-json\/wp\/v2\/comments?post=179090"}],"wp:featuredmedia":[{"embeddable":true,"href":"https:\/\/baldumarket.lt\/lt\/wp-json\/wp\/v2\/media\/179208"}],"wp:attachment":[{"href":"https:\/\/baldumarket.lt\/lt\/wp-json\/wp\/v2\/media?parent=179090"}],"wp:term":[{"taxonomy":"product_brand","embeddable":true,"href":"https:\/\/baldumarket.lt\/lt\/wp-json\/wp\/v2\/product_brand?post=179090"},{"taxonomy":"product_cat","embeddable":true,"href":"https:\/\/baldumarket.lt\/lt\/wp-json\/wp\/v2\/product_cat?post=179090"},{"taxonomy":"product_tag","embeddable":true,"href":"https:\/\/baldumarket.lt\/lt\/wp-json\/wp\/v2\/product_tag?post=179090"}],"curies":[{"name":"wp","href":"https:\/\/api.w.org\/{rel}","templated":true}]}}