{"id":179007,"date":"2025-12-20T23:43:03","date_gmt":"2025-12-20T20:43:03","guid":{"rendered":"https:\/\/baldumarket.lt\/?post_type=product&#038;p=179007"},"modified":"2026-02-12T10:12:50","modified_gmt":"2026-02-12T07:12:50","slug":"naroznik-rozkladany-odessa-mini-gr1","status":"publish","type":"product","link":"https:\/\/baldumarket.lt\/lt\/product\/naroznik-rozkladany-odessa-mini-gr1\/","title":{"rendered":"Odessa Mini Gr1 sulankstoma kampin\u0117 sofa"},"content":{"rendered":"<p>\u201eOdessa\u201c k\u0117dut\u0117 derina modernum\u0105 ir elegancij\u0105. Stilingas dizainas puikiai papildys bet kuri\u0105 svetain\u0119. \u0160is modelis turi reguliuojamas galvos atramas ir porankius, kad b\u016bt\u0173 u\u017etikrintas didesnis komfortas.<br \/>\nSavyb\u0117s ir funkcijos:<br \/>\nPUR putos<br \/>\nBanguotos spyruokl\u0117s<br \/>\nMiego funkcija<br \/>\nApmu\u0161tas atlo\u0161as<br \/>\nReguliuojamas porankis<br \/>\nReguliuojama galvos atrama<br \/>\nDelfin atlo\u0161o sistema.<br \/>\nPastaba: n\u0117ra patalyn\u0117s laikymo vietos.<br \/>\n\u0160is baldas gali b\u016bti pagamintas i\u0161 bet kurio audinio i\u0161 audini\u0173 s\u0105ra\u0161o (nuotraukos galerijoje) \u2013 jei norimo audinio n\u0117ra s\u0105ra\u0161e \u201cpasirinkti spalv\u0105\u201d, pra\u0161ome jo pavadinim\u0105 nurodyti u\u017esakymo pastabose.<br \/>\nArba konfig\u016bratoriuje pasirinkite parinkt\u012f \u201ckitas audinys\u201d ir nurodykite jo pavadinim\u0105 bei numer\u012f.<\/p>","protected":false},"excerpt":{"rendered":"<p>Ilgesn\u0117s kra\u0161tin\u0117s plotis [cm] 281<br \/>\nTrumpesn\u0117s kra\u0161tin\u0117s plotis [cm] 210<br \/>\nGylis [cm] 96<br \/>\nMiegamasis plotas [cm] 122 \u00d7 198<br \/>\nModernus kampin\u0117s sofos stilius<br \/>\nI\u0161skleidimo sistema: I\u0161traukiamas ve\u017eim\u0117lis (delfinas)<\/p>","protected":false},"featured_media":179118,"comment_status":"open","ping_status":"closed","template":"","meta":[],"product_brand":[],"product_cat":[9546,616,1983,4635],"product_tag":[],"class_list":{"0":"post-179007","1":"product","2":"type-product","3":"status-publish","4":"has-post-thumbnail","6":"product_cat-corner-sofas-piaski","7":"product_cat-corners","8":"product_cat-corners-l","9":"product_cat-piaski","11":"first","12":"instock","13":"shipping-taxable","14":"purchasable","15":"product-type-variable","16":"wvs-archive-product-wrapper"},"_links":{"self":[{"href":"https:\/\/baldumarket.lt\/lt\/wp-json\/wp\/v2\/product\/179007","targetHints":{"allow":["GET"]}}],"collection":[{"href":"https:\/\/baldumarket.lt\/lt\/wp-json\/wp\/v2\/product"}],"about":[{"href":"https:\/\/baldumarket.lt\/lt\/wp-json\/wp\/v2\/types\/product"}],"replies":[{"embeddable":true,"href":"https:\/\/baldumarket.lt\/lt\/wp-json\/wp\/v2\/comments?post=179007"}],"wp:featuredmedia":[{"embeddable":true,"href":"https:\/\/baldumarket.lt\/lt\/wp-json\/wp\/v2\/media\/179118"}],"wp:attachment":[{"href":"https:\/\/baldumarket.lt\/lt\/wp-json\/wp\/v2\/media?parent=179007"}],"wp:term":[{"taxonomy":"product_brand","embeddable":true,"href":"https:\/\/baldumarket.lt\/lt\/wp-json\/wp\/v2\/product_brand?post=179007"},{"taxonomy":"product_cat","embeddable":true,"href":"https:\/\/baldumarket.lt\/lt\/wp-json\/wp\/v2\/product_cat?post=179007"},{"taxonomy":"product_tag","embeddable":true,"href":"https:\/\/baldumarket.lt\/lt\/wp-json\/wp\/v2\/product_tag?post=179007"}],"curies":[{"name":"wp","href":"https:\/\/api.w.org\/{rel}","templated":true}]}}