{"id":178989,"date":"2025-12-20T23:42:23","date_gmt":"2025-12-20T20:42:23","guid":{"rendered":"https:\/\/baldumarket.lt\/?post_type=product&#038;p=178989"},"modified":"2026-02-12T10:12:59","modified_gmt":"2026-02-12T07:12:59","slug":"naroznik-rozkladany-korfu-gr1","status":"publish","type":"product","link":"https:\/\/baldumarket.lt\/lt\/product\/naroznik-rozkladany-korfu-gr1\/","title":{"rendered":"Korfu Gr1 kampin\u0117 sofa-lova"},"content":{"rendered":"<p>Unikalaus dizaino ir originalios formos \u201eKorfu\u201c kampin\u0117 sofa neabejotinai taps bet kurio svetain\u0117s akcentu.<br \/>\nSavyb\u0117s ir funkcijos:<br \/>\nPUR putos<br \/>\nAtsitiktinis pavasaris<br \/>\nMiego funkcija<br \/>\nPatalyn\u0117 saugykla<br \/>\nApmu\u0161tas atlo\u0161as<br \/>\nChromo apdaila<br \/>\nReguliuojami porankiai<br \/>\nReguliuojamos galvos atramos<br \/>\nDelfino stiliaus gul\u0117jimas<br \/>\nKampin\u0117 sofa parodyta pagrindin\u0117je nuotraukoje de\u0161in\u0117je.<br \/>\nJei pageidaujate dviej\u0173 spalv\u0173 kampin\u0117s sofos (su audinio pertvaromis), kaip parodyta nuotraukoje, nurodykite tai u\u017esakymo pastabose (ta\u010diau taisykl\u0117 \u2013 audinys turi b\u016bti vienodas).<br \/>\nPASTABA \u2013 jei pasirinksite kordurojaus audinius, tokius kaip \u201eLincoln\u201c ar \u201ePoso\u201c, si\u016bl\u0117s ant bald\u0173 nebus matomos.<br \/>\nBaldai gali b\u016bti pagaminti i\u0161 bet kurio audinio i\u0161 audini\u0173 s\u0105ra\u0161o (nuotraukos galerijoje). Jei pasirinkto audinio n\u0117ra s\u0105ra\u0161e \u201cpasirinkti spalv\u0105\u201d, pra\u0161ome nurodyti jo pavadinim\u0105 u\u017esakymo pastabose.<br \/>\nArba konfig\u016bratoriuje pasirinkite parinkt\u012f \u201ckitas audinys\u201d ir nurodykite jo pavadinim\u0105 bei numer\u012f.<\/p>","protected":false},"excerpt":{"rendered":"<p>Ilgesn\u0117s kra\u0161tin\u0117s plotis [cm] 282<br \/>\nTrumpesn\u0117s kra\u0161tin\u0117s plotis [cm] 194<br \/>\nGylis [cm] 96<br \/>\nMiegamasis plotas [cm] 124 \u00d7 210<br \/>\nKampin\u0117s sofos stilius: modernus skandinavi\u0161kas<br \/>\nI\u0161skleidimo sistema: I\u0161traukiamas ve\u017eim\u0117lis (delfinas)<\/p>","protected":false},"featured_media":179039,"comment_status":"open","ping_status":"closed","template":"","meta":[],"product_brand":[],"product_cat":[9546,616,1983,4635],"product_tag":[],"class_list":{"0":"post-178989","1":"product","2":"type-product","3":"status-publish","4":"has-post-thumbnail","6":"product_cat-corner-sofas-piaski","7":"product_cat-corners","8":"product_cat-corners-l","9":"product_cat-piaski","11":"first","12":"instock","13":"shipping-taxable","14":"purchasable","15":"product-type-variable","16":"wvs-archive-product-wrapper"},"_links":{"self":[{"href":"https:\/\/baldumarket.lt\/lt\/wp-json\/wp\/v2\/product\/178989","targetHints":{"allow":["GET"]}}],"collection":[{"href":"https:\/\/baldumarket.lt\/lt\/wp-json\/wp\/v2\/product"}],"about":[{"href":"https:\/\/baldumarket.lt\/lt\/wp-json\/wp\/v2\/types\/product"}],"replies":[{"embeddable":true,"href":"https:\/\/baldumarket.lt\/lt\/wp-json\/wp\/v2\/comments?post=178989"}],"wp:featuredmedia":[{"embeddable":true,"href":"https:\/\/baldumarket.lt\/lt\/wp-json\/wp\/v2\/media\/179039"}],"wp:attachment":[{"href":"https:\/\/baldumarket.lt\/lt\/wp-json\/wp\/v2\/media?parent=178989"}],"wp:term":[{"taxonomy":"product_brand","embeddable":true,"href":"https:\/\/baldumarket.lt\/lt\/wp-json\/wp\/v2\/product_brand?post=178989"},{"taxonomy":"product_cat","embeddable":true,"href":"https:\/\/baldumarket.lt\/lt\/wp-json\/wp\/v2\/product_cat?post=178989"},{"taxonomy":"product_tag","embeddable":true,"href":"https:\/\/baldumarket.lt\/lt\/wp-json\/wp\/v2\/product_tag?post=178989"}],"curies":[{"name":"wp","href":"https:\/\/api.w.org\/{rel}","templated":true}]}}