{"id":178973,"date":"2025-12-20T23:41:22","date_gmt":"2025-12-20T20:41:22","guid":{"rendered":"https:\/\/baldumarket.lt\/?post_type=product&#038;p=178973"},"modified":"2026-02-12T10:20:53","modified_gmt":"2026-02-12T07:20:53","slug":"sofa-gloss-funkcja-spania-pojemnik-gr2","status":"publish","type":"product","link":"https:\/\/baldumarket.lt\/lt\/product\/sofa-gloss-funkcja-spania-pojemnik-gr2\/","title":{"rendered":"Blizgi sofa, miegojimo funkcija, Gr2 konteineris"},"content":{"rendered":"<p>Rafinuota, eleganti\u0161ka \u201eGloss\u201c sofa sujungia geriausias modernaus ir klasikinio stili\u0173 savybes. Ji pasi\u017eymi subtiliai \u012f i\u0161or\u0119 i\u0161lenktais \u0161onais, mink\u0161tu atlo\u0161u ir dekoratyvin\u0117mis pagalv\u0117l\u0117mis bei patogiomis s\u0117dyn\u0117s pagalv\u0117l\u0117mis. Visi komplekto elementai papuo\u0161ti skoningais apvadais, pabr\u0117\u017eian\u010diais jos presti\u017ein\u012f charakter\u012f. \u0160is baldas puikiai tinka ie\u0161kantiems unikalios ir patrauklios sofos. Joje yra DL dienos miego funkcija su automatiniais spyruokliniais mechanizmais atlo\u0161ui. Erdviame patalyn\u0117s skyriuje telpa papildomos antklod\u0117s ir u\u017etiesalai. Visas komplektas stovi ant auk\u0161t\u0173 (15 cm) juod\u0173 metalini\u0173 kojeli\u0173, suteikian\u010di\u0173 baldui jausmingo lengvumo. Komplekt\u0105 galima \u012fsigyti su \u012fvairiais madingais ir patvariais apmu\u0161al\u0173 audiniais, kuri\u0173 pavyzd\u017eius galite rasti \u201eProduct Creator\u201c dokumente.<\/p>","protected":false},"excerpt":{"rendered":"<p>Plotis: 237 cm<br \/>\nGylis: 105 cm<br \/>\nAuk\u0161tis: 90 cm<br \/>\nS\u0117dyn\u0117s gylis: 58 cm<br \/>\nS\u0117dyn\u0117s auk\u0161tis: 46 cm<\/p>","protected":false},"featured_media":178880,"comment_status":"open","ping_status":"closed","template":"","meta":[],"product_brand":[],"product_cat":[9547,4635,560],"product_tag":[],"class_list":{"0":"post-178973","1":"product","2":"type-product","3":"status-publish","4":"has-post-thumbnail","6":"product_cat-sofas-piaski","7":"product_cat-piaski","8":"product_cat-sofas-and-couches","10":"first","11":"instock","12":"shipping-taxable","13":"purchasable","14":"product-type-variable","15":"wvs-archive-product-wrapper"},"_links":{"self":[{"href":"https:\/\/baldumarket.lt\/lt\/wp-json\/wp\/v2\/product\/178973","targetHints":{"allow":["GET"]}}],"collection":[{"href":"https:\/\/baldumarket.lt\/lt\/wp-json\/wp\/v2\/product"}],"about":[{"href":"https:\/\/baldumarket.lt\/lt\/wp-json\/wp\/v2\/types\/product"}],"replies":[{"embeddable":true,"href":"https:\/\/baldumarket.lt\/lt\/wp-json\/wp\/v2\/comments?post=178973"}],"wp:featuredmedia":[{"embeddable":true,"href":"https:\/\/baldumarket.lt\/lt\/wp-json\/wp\/v2\/media\/178880"}],"wp:attachment":[{"href":"https:\/\/baldumarket.lt\/lt\/wp-json\/wp\/v2\/media?parent=178973"}],"wp:term":[{"taxonomy":"product_brand","embeddable":true,"href":"https:\/\/baldumarket.lt\/lt\/wp-json\/wp\/v2\/product_brand?post=178973"},{"taxonomy":"product_cat","embeddable":true,"href":"https:\/\/baldumarket.lt\/lt\/wp-json\/wp\/v2\/product_cat?post=178973"},{"taxonomy":"product_tag","embeddable":true,"href":"https:\/\/baldumarket.lt\/lt\/wp-json\/wp\/v2\/product_tag?post=178973"}],"curies":[{"name":"wp","href":"https:\/\/api.w.org\/{rel}","templated":true}]}}