{"id":178969,"date":"2025-12-20T23:41:18","date_gmt":"2025-12-20T20:41:18","guid":{"rendered":"https:\/\/baldumarket.lt\/?post_type=product&#038;p=178969"},"modified":"2026-02-12T10:20:53","modified_gmt":"2026-02-12T07:20:53","slug":"sofa-bouli-funkcja-spania-pojemnik-gr2","status":"publish","type":"product","link":"https:\/\/baldumarket.lt\/lt\/product\/sofa-bouli-funkcja-spania-pojemnik-gr2\/","title":{"rendered":"\u201eBouli\u201c sofa, miegojimo funkcija, Gr2 konteineris"},"content":{"rendered":"<p>Unikali \u201eBouli\u201c sofa pasi\u017eymi i\u0161skirtiniais u\u017eapvalintais kra\u0161tais, kurie suteikia jai lengvumo ir patrauklumo. \u0160is baldas puikiai papildys beveik bet kok\u012f interjero stili\u0173. Ji puikiai der\u0117s tiek prie moderni\u0173, tiek prie klasikini\u0173 svetaini\u0173. Sofa turi DL miegojimo funkcij\u0105, kuri automatini\u0173 sulankstymo mechanizm\u0173 d\u0117ka greitai ir lengvai transformuojasi \u012f erdvi\u0105 viet\u0105 tiek naktiniam, tiek dienos poilsiui. Erdviame patalyn\u0117s skyriuje telpa papildomos antklod\u0117s ir lovaties\u0117s. Komplekt\u0105 galima \u012fsigyti i\u0161 \u012fvairi\u0173 mading\u0173 ir patvari\u0173 apmu\u0161al\u0173 audini\u0173, o pavyzd\u017eius rasite \u201eProduct Creator\u201c svetain\u0117je.<\/p>","protected":false},"excerpt":{"rendered":"<p>Plotis: 244 cm<br \/>\nGylis: 95 cm<br \/>\nAuk\u0161tis: 82 cm<br \/>\nS\u0117dyn\u0117s gylis: 53 cm<br \/>\nS\u0117dyn\u0117s auk\u0161tis: 43 cm<\/p>","protected":false},"featured_media":178862,"comment_status":"open","ping_status":"closed","template":"","meta":[],"product_brand":[],"product_cat":[9547,4635,560],"product_tag":[],"class_list":{"0":"post-178969","1":"product","2":"type-product","3":"status-publish","4":"has-post-thumbnail","6":"product_cat-sofas-piaski","7":"product_cat-piaski","8":"product_cat-sofas-and-couches","10":"first","11":"instock","12":"shipping-taxable","13":"purchasable","14":"product-type-variable","15":"wvs-archive-product-wrapper"},"_links":{"self":[{"href":"https:\/\/baldumarket.lt\/lt\/wp-json\/wp\/v2\/product\/178969","targetHints":{"allow":["GET"]}}],"collection":[{"href":"https:\/\/baldumarket.lt\/lt\/wp-json\/wp\/v2\/product"}],"about":[{"href":"https:\/\/baldumarket.lt\/lt\/wp-json\/wp\/v2\/types\/product"}],"replies":[{"embeddable":true,"href":"https:\/\/baldumarket.lt\/lt\/wp-json\/wp\/v2\/comments?post=178969"}],"wp:featuredmedia":[{"embeddable":true,"href":"https:\/\/baldumarket.lt\/lt\/wp-json\/wp\/v2\/media\/178862"}],"wp:attachment":[{"href":"https:\/\/baldumarket.lt\/lt\/wp-json\/wp\/v2\/media?parent=178969"}],"wp:term":[{"taxonomy":"product_brand","embeddable":true,"href":"https:\/\/baldumarket.lt\/lt\/wp-json\/wp\/v2\/product_brand?post=178969"},{"taxonomy":"product_cat","embeddable":true,"href":"https:\/\/baldumarket.lt\/lt\/wp-json\/wp\/v2\/product_cat?post=178969"},{"taxonomy":"product_tag","embeddable":true,"href":"https:\/\/baldumarket.lt\/lt\/wp-json\/wp\/v2\/product_tag?post=178969"}],"curies":[{"name":"wp","href":"https:\/\/api.w.org\/{rel}","templated":true}]}}