{"id":178967,"date":"2025-12-20T23:41:17","date_gmt":"2025-12-20T20:41:17","guid":{"rendered":"https:\/\/baldumarket.lt\/?post_type=product&#038;p=178967"},"modified":"2026-02-12T13:45:29","modified_gmt":"2026-02-12T10:45:29","slug":"pufa-tilia-kwadratowa-85-85-43-cm-gr2","status":"publish","type":"product","link":"https:\/\/baldumarket.lt\/lt\/product\/pufa-tilia-kwadratowa-85-85-43-cm-gr2\/","title":{"rendered":"Tilia pufas, kvadratinis, 85\/85\/43 cm Gr2"},"content":{"rendered":"<p>Tilia pufas \u2013 funkcionali elegancija moderniame variante<\/p>","protected":false},"excerpt":{"rendered":"<p>Plotis: 85 cm<br \/>\nGylis: 85 cm<br \/>\nAuk\u0161tis: 43 cm<br \/>\nS\u0117dyn\u0117s auk\u0161tis: 43 cm<br \/>\nKoja: juodas plastikas<\/p>","protected":false},"featured_media":178857,"comment_status":"open","ping_status":"closed","template":"","meta":[],"product_brand":[],"product_cat":[9576,4635,826],"product_tag":[],"class_list":{"0":"post-178967","1":"product","2":"type-product","3":"status-publish","4":"has-post-thumbnail","6":"product_cat-poufs-piaski","7":"product_cat-piaski","8":"product_cat-poufs","10":"first","11":"instock","12":"shipping-taxable","13":"purchasable","14":"product-type-variable","15":"wvs-archive-product-wrapper"},"_links":{"self":[{"href":"https:\/\/baldumarket.lt\/lt\/wp-json\/wp\/v2\/product\/178967","targetHints":{"allow":["GET"]}}],"collection":[{"href":"https:\/\/baldumarket.lt\/lt\/wp-json\/wp\/v2\/product"}],"about":[{"href":"https:\/\/baldumarket.lt\/lt\/wp-json\/wp\/v2\/types\/product"}],"replies":[{"embeddable":true,"href":"https:\/\/baldumarket.lt\/lt\/wp-json\/wp\/v2\/comments?post=178967"}],"wp:featuredmedia":[{"embeddable":true,"href":"https:\/\/baldumarket.lt\/lt\/wp-json\/wp\/v2\/media\/178857"}],"wp:attachment":[{"href":"https:\/\/baldumarket.lt\/lt\/wp-json\/wp\/v2\/media?parent=178967"}],"wp:term":[{"taxonomy":"product_brand","embeddable":true,"href":"https:\/\/baldumarket.lt\/lt\/wp-json\/wp\/v2\/product_brand?post=178967"},{"taxonomy":"product_cat","embeddable":true,"href":"https:\/\/baldumarket.lt\/lt\/wp-json\/wp\/v2\/product_cat?post=178967"},{"taxonomy":"product_tag","embeddable":true,"href":"https:\/\/baldumarket.lt\/lt\/wp-json\/wp\/v2\/product_tag?post=178967"}],"curies":[{"name":"wp","href":"https:\/\/api.w.org\/{rel}","templated":true}]}}