{"id":178963,"date":"2025-12-20T23:41:13","date_gmt":"2025-12-20T20:41:13","guid":{"rendered":"https:\/\/baldumarket.lt\/?post_type=product&#038;p=178963"},"modified":"2026-02-12T13:45:19","modified_gmt":"2026-02-12T10:45:19","slug":"pufa-olmo-prostokatna-140-65-44-cm-gr2","status":"publish","type":"product","link":"https:\/\/baldumarket.lt\/lt\/product\/pufa-olmo-prostokatna-140-65-44-cm-gr2\/","title":{"rendered":"Olmo pufas, sta\u010diakampis, 140\/65\/44 cm Gr2"},"content":{"rendered":"<p>Olmo pufas \u2013 elegancija ir patogumas kompakti\u0161koje formoje<\/p>","protected":false},"excerpt":{"rendered":"<p>Plotis: 140 cm<br \/>\nGylis: 65 cm<br \/>\nAuk\u0161tis: 44 cm<br \/>\nS\u0117dyn\u0117s auk\u0161tis: 44 cm<br \/>\nKoja: juodas plastikas<\/p>","protected":false},"featured_media":178839,"comment_status":"open","ping_status":"closed","template":"","meta":[],"product_brand":[],"product_cat":[9576,4635,826],"product_tag":[],"class_list":{"0":"post-178963","1":"product","2":"type-product","3":"status-publish","4":"has-post-thumbnail","6":"product_cat-poufs-piaski","7":"product_cat-piaski","8":"product_cat-poufs","10":"first","11":"instock","12":"shipping-taxable","13":"purchasable","14":"product-type-variable","15":"wvs-archive-product-wrapper"},"_links":{"self":[{"href":"https:\/\/baldumarket.lt\/lt\/wp-json\/wp\/v2\/product\/178963","targetHints":{"allow":["GET"]}}],"collection":[{"href":"https:\/\/baldumarket.lt\/lt\/wp-json\/wp\/v2\/product"}],"about":[{"href":"https:\/\/baldumarket.lt\/lt\/wp-json\/wp\/v2\/types\/product"}],"replies":[{"embeddable":true,"href":"https:\/\/baldumarket.lt\/lt\/wp-json\/wp\/v2\/comments?post=178963"}],"wp:featuredmedia":[{"embeddable":true,"href":"https:\/\/baldumarket.lt\/lt\/wp-json\/wp\/v2\/media\/178839"}],"wp:attachment":[{"href":"https:\/\/baldumarket.lt\/lt\/wp-json\/wp\/v2\/media?parent=178963"}],"wp:term":[{"taxonomy":"product_brand","embeddable":true,"href":"https:\/\/baldumarket.lt\/lt\/wp-json\/wp\/v2\/product_brand?post=178963"},{"taxonomy":"product_cat","embeddable":true,"href":"https:\/\/baldumarket.lt\/lt\/wp-json\/wp\/v2\/product_cat?post=178963"},{"taxonomy":"product_tag","embeddable":true,"href":"https:\/\/baldumarket.lt\/lt\/wp-json\/wp\/v2\/product_tag?post=178963"}],"curies":[{"name":"wp","href":"https:\/\/api.w.org\/{rel}","templated":true}]}}