{"id":178961,"date":"2025-12-20T23:40:48","date_gmt":"2025-12-20T20:40:48","guid":{"rendered":"https:\/\/baldumarket.lt\/?post_type=product&#038;p=178961"},"modified":"2026-02-12T13:45:19","modified_gmt":"2026-02-12T10:45:19","slug":"pufa-fiord-prostokatna-102-69-42-cm-gr2","status":"publish","type":"product","link":"https:\/\/baldumarket.lt\/lt\/product\/pufa-fiord-prostokatna-102-69-42-cm-gr2\/","title":{"rendered":"Fiordo pufas, sta\u010diakampis, 102\/69\/42 cm Gr2"},"content":{"rendered":"<p>Fiord pufas \u2013 moderni forma ir funkcionalus komfortas<\/p>","protected":false},"excerpt":{"rendered":"<p>Plotis: 102 cm<br \/>\nGylis: 69 cm<br \/>\nAuk\u0161tis: 42 cm<br \/>\nS\u0117dyn\u0117s auk\u0161tis: 42 cm<br \/>\nKoja: juodas plastikas<\/p>","protected":false},"featured_media":178833,"comment_status":"open","ping_status":"closed","template":"","meta":[],"product_brand":[],"product_cat":[9576,4635,826],"product_tag":[],"class_list":{"0":"post-178961","1":"product","2":"type-product","3":"status-publish","4":"has-post-thumbnail","6":"product_cat-poufs-piaski","7":"product_cat-piaski","8":"product_cat-poufs","10":"first","11":"instock","12":"shipping-taxable","13":"purchasable","14":"product-type-variable","15":"wvs-archive-product-wrapper"},"_links":{"self":[{"href":"https:\/\/baldumarket.lt\/lt\/wp-json\/wp\/v2\/product\/178961","targetHints":{"allow":["GET"]}}],"collection":[{"href":"https:\/\/baldumarket.lt\/lt\/wp-json\/wp\/v2\/product"}],"about":[{"href":"https:\/\/baldumarket.lt\/lt\/wp-json\/wp\/v2\/types\/product"}],"replies":[{"embeddable":true,"href":"https:\/\/baldumarket.lt\/lt\/wp-json\/wp\/v2\/comments?post=178961"}],"wp:featuredmedia":[{"embeddable":true,"href":"https:\/\/baldumarket.lt\/lt\/wp-json\/wp\/v2\/media\/178833"}],"wp:attachment":[{"href":"https:\/\/baldumarket.lt\/lt\/wp-json\/wp\/v2\/media?parent=178961"}],"wp:term":[{"taxonomy":"product_brand","embeddable":true,"href":"https:\/\/baldumarket.lt\/lt\/wp-json\/wp\/v2\/product_brand?post=178961"},{"taxonomy":"product_cat","embeddable":true,"href":"https:\/\/baldumarket.lt\/lt\/wp-json\/wp\/v2\/product_cat?post=178961"},{"taxonomy":"product_tag","embeddable":true,"href":"https:\/\/baldumarket.lt\/lt\/wp-json\/wp\/v2\/product_tag?post=178961"}],"curies":[{"name":"wp","href":"https:\/\/api.w.org\/{rel}","templated":true}]}}