{"id":178949,"date":"2025-12-20T23:40:13","date_gmt":"2025-12-20T20:40:13","guid":{"rendered":"https:\/\/baldumarket.lt\/?post_type=product&#038;p=178949"},"modified":"2026-02-12T10:13:09","modified_gmt":"2026-02-12T07:13:09","slug":"naroznik-olmo-m-gr2","status":"publish","type":"product","link":"https:\/\/baldumarket.lt\/lt\/product\/naroznik-olmo-m-gr2\/","title":{"rendered":"Kampin\u0117 sofa Olmo M Gr2"},"content":{"rendered":"<p>\u201eOlmo M\u201c \u2013 tai moderni kampin\u0117 sofa be miegojimo funkcijos, kuri lengvai atras savo viet\u0105 kaip j\u016bs\u0173 svetain\u0117s \u0161irdis. Sukurta atsi\u017evelgiant \u012f patogum\u0105, estetik\u0105 ir ilgaam\u017ei\u0161kum\u0105, ji traukia d\u0117mes\u012f savo rafinuota forma ir harmoningomis proporcijomis. \u0160iam baldui nereikia papildom\u0173 funkcij\u0173, kad jis tapt\u0173 j\u016bs\u0173 m\u0117gstamiausia poilsio vieta \u2013 tiesiog atsis\u0117skite ir \u012fvertinkite jo patogum\u0105 bei klas\u0119.<\/p>","protected":false},"excerpt":{"rendered":"<p>Plotis: 275 cm<br \/>\nGylis: 173 cm<br \/>\nAuk\u0161tis: 83 cm<br \/>\nS\u0117dyn\u0117s gylis: 58 cm<br \/>\nS\u0117dyn\u0117s auk\u0161tis: 44 cm<\/p>","protected":false},"featured_media":178783,"comment_status":"open","ping_status":"closed","template":"","meta":[],"product_brand":[],"product_cat":[9546,616,1983,4635],"product_tag":[],"class_list":{"0":"post-178949","1":"product","2":"type-product","3":"status-publish","4":"has-post-thumbnail","6":"product_cat-corner-sofas-piaski","7":"product_cat-corners","8":"product_cat-corners-l","9":"product_cat-piaski","11":"first","12":"instock","13":"shipping-taxable","14":"purchasable","15":"product-type-variable","16":"wvs-archive-product-wrapper"},"_links":{"self":[{"href":"https:\/\/baldumarket.lt\/lt\/wp-json\/wp\/v2\/product\/178949","targetHints":{"allow":["GET"]}}],"collection":[{"href":"https:\/\/baldumarket.lt\/lt\/wp-json\/wp\/v2\/product"}],"about":[{"href":"https:\/\/baldumarket.lt\/lt\/wp-json\/wp\/v2\/types\/product"}],"replies":[{"embeddable":true,"href":"https:\/\/baldumarket.lt\/lt\/wp-json\/wp\/v2\/comments?post=178949"}],"wp:featuredmedia":[{"embeddable":true,"href":"https:\/\/baldumarket.lt\/lt\/wp-json\/wp\/v2\/media\/178783"}],"wp:attachment":[{"href":"https:\/\/baldumarket.lt\/lt\/wp-json\/wp\/v2\/media?parent=178949"}],"wp:term":[{"taxonomy":"product_brand","embeddable":true,"href":"https:\/\/baldumarket.lt\/lt\/wp-json\/wp\/v2\/product_brand?post=178949"},{"taxonomy":"product_cat","embeddable":true,"href":"https:\/\/baldumarket.lt\/lt\/wp-json\/wp\/v2\/product_cat?post=178949"},{"taxonomy":"product_tag","embeddable":true,"href":"https:\/\/baldumarket.lt\/lt\/wp-json\/wp\/v2\/product_tag?post=178949"}],"curies":[{"name":"wp","href":"https:\/\/api.w.org\/{rel}","templated":true}]}}