{"id":178947,"date":"2025-12-20T23:40:11","date_gmt":"2025-12-20T20:40:11","guid":{"rendered":"https:\/\/baldumarket.lt\/?post_type=product&#038;p=178947"},"modified":"2026-02-12T10:13:09","modified_gmt":"2026-02-12T07:13:09","slug":"naroznik-olmo-l-gr2","status":"publish","type":"product","link":"https:\/\/baldumarket.lt\/lt\/product\/naroznik-olmo-l-gr2\/","title":{"rendered":"Kampin\u0117 sofa Olmo L Gr2"},"content":{"rendered":"<p>\u201eOlmo L\u201c \u2013 tai kampin\u0117 sofa svetainei be miegojimo funkcijos, \u017eavinti unikaliu dizainu ir rafinuota, i\u0161skirtine forma, kuri\u0105 pabr\u0117\u017eia stori apvadai, puo\u0161iantys komplekto kra\u0161tus. Ji si\u016blo tobul\u0105 komforto, stiliaus ir funkcionalumo derin\u012f, d\u017eiugindama vartotojus, kurie vertina kasdien\u012f patogum\u0105, nereikalaujant i\u0161lankstyti sofos miegui. Lengvas, ta\u010diau i\u0161rai\u0161kingas siluetas paver\u010dia \u201eOlmo L\u201c nat\u016braliu bet kurio svetain\u0117s akcentu \u2013 nesvarbu, ar ji dekoruota modernaus minimalizmo, ar klasikinio ar skandinavi\u0161ko stiliaus dvasia. D\u0117l apmu\u0161tos atlo\u0161o baldus galima pastatyti bet kokiu atstumu nuo sienos, o tai suteikia papildom\u0173 dizaino galimybi\u0173.<\/p>","protected":false},"excerpt":{"rendered":"<p>Plotis: 275 cm<br \/>\nGylis: 195 cm<br \/>\nAuk\u0161tis: 83 cm<br \/>\nS\u0117dyn\u0117s gylis: 58 cm<br \/>\nS\u0117dyn\u0117s auk\u0161tis: 44 cm<\/p>","protected":false},"featured_media":178776,"comment_status":"open","ping_status":"closed","template":"","meta":[],"product_brand":[],"product_cat":[9546,616,1983,4635],"product_tag":[],"class_list":{"0":"post-178947","1":"product","2":"type-product","3":"status-publish","4":"has-post-thumbnail","6":"product_cat-corner-sofas-piaski","7":"product_cat-corners","8":"product_cat-corners-l","9":"product_cat-piaski","11":"first","12":"instock","13":"shipping-taxable","14":"purchasable","15":"product-type-variable","16":"wvs-archive-product-wrapper"},"_links":{"self":[{"href":"https:\/\/baldumarket.lt\/lt\/wp-json\/wp\/v2\/product\/178947","targetHints":{"allow":["GET"]}}],"collection":[{"href":"https:\/\/baldumarket.lt\/lt\/wp-json\/wp\/v2\/product"}],"about":[{"href":"https:\/\/baldumarket.lt\/lt\/wp-json\/wp\/v2\/types\/product"}],"replies":[{"embeddable":true,"href":"https:\/\/baldumarket.lt\/lt\/wp-json\/wp\/v2\/comments?post=178947"}],"wp:featuredmedia":[{"embeddable":true,"href":"https:\/\/baldumarket.lt\/lt\/wp-json\/wp\/v2\/media\/178776"}],"wp:attachment":[{"href":"https:\/\/baldumarket.lt\/lt\/wp-json\/wp\/v2\/media?parent=178947"}],"wp:term":[{"taxonomy":"product_brand","embeddable":true,"href":"https:\/\/baldumarket.lt\/lt\/wp-json\/wp\/v2\/product_brand?post=178947"},{"taxonomy":"product_cat","embeddable":true,"href":"https:\/\/baldumarket.lt\/lt\/wp-json\/wp\/v2\/product_cat?post=178947"},{"taxonomy":"product_tag","embeddable":true,"href":"https:\/\/baldumarket.lt\/lt\/wp-json\/wp\/v2\/product_tag?post=178947"}],"curies":[{"name":"wp","href":"https:\/\/api.w.org\/{rel}","templated":true}]}}