{"id":178925,"date":"2025-12-20T23:39:04","date_gmt":"2025-12-20T20:39:04","guid":{"rendered":"https:\/\/baldumarket.lt\/?post_type=product&#038;p=178925"},"modified":"2026-01-07T19:08:07","modified_gmt":"2026-01-07T16:08:07","slug":"naroznik-korfu-2-funkcja-spania-pojemnik-regulowane-zaglowki-i-podlokietniki-gr2","status":"publish","type":"product","link":"https:\/\/baldumarket.lt\/lt\/produktas\/naroznik-korfu-2-funkcja-spania-pojemnik-regulowane-zaglowki-i-podlokietniki-gr2\/","title":{"rendered":"Naro\u017cnik Korfu 2, funkcja spania, pojemnik, regulowane zag\u0142\u00f3wki i pod\u0142okietniki Gr2"},"content":{"rendered":"<p>Looking for a piece of furniture that will become the heart of your living room? Choose a U-shaped corner sofa bed that will not only accommodate the entire family but also offer a comfortable place to relax, watch movies, take afternoon naps, or entertain guests. The Korfu II corner sofa from Meble Piaski is an excellent choice for those who expect comfort, functionality, and stylish design all in one. High backrests with adjustable, integrated headrests and adjustable armrests offer the ultimate relaxation experience.<\/p>","protected":false},"excerpt":{"rendered":"<p>Width: 365 cm<br \/>\nDepth: 225 cm<br \/>\nHeight: 86 cm<br \/>\nDepth 2: 194 cm<br \/>\nMaximum height: 100 cm<\/p>","protected":false},"featured_media":178686,"comment_status":"open","ping_status":"closed","template":"","meta":[],"product_brand":[],"product_cat":[616,1982,4635],"product_tag":[],"class_list":{"0":"post-178925","1":"product","2":"type-product","3":"status-publish","4":"has-post-thumbnail","6":"product_cat-corners","7":"product_cat-corners-u","8":"product_cat-piaski","10":"first","11":"instock","12":"shipping-taxable","13":"purchasable","14":"product-type-variable","15":"wvs-archive-product-wrapper"},"_links":{"self":[{"href":"https:\/\/baldumarket.lt\/lt\/wp-json\/wp\/v2\/product\/178925","targetHints":{"allow":["GET"]}}],"collection":[{"href":"https:\/\/baldumarket.lt\/lt\/wp-json\/wp\/v2\/product"}],"about":[{"href":"https:\/\/baldumarket.lt\/lt\/wp-json\/wp\/v2\/types\/product"}],"replies":[{"embeddable":true,"href":"https:\/\/baldumarket.lt\/lt\/wp-json\/wp\/v2\/comments?post=178925"}],"wp:featuredmedia":[{"embeddable":true,"href":"https:\/\/baldumarket.lt\/lt\/wp-json\/wp\/v2\/media\/178686"}],"wp:attachment":[{"href":"https:\/\/baldumarket.lt\/lt\/wp-json\/wp\/v2\/media?parent=178925"}],"wp:term":[{"taxonomy":"product_brand","embeddable":true,"href":"https:\/\/baldumarket.lt\/lt\/wp-json\/wp\/v2\/product_brand?post=178925"},{"taxonomy":"product_cat","embeddable":true,"href":"https:\/\/baldumarket.lt\/lt\/wp-json\/wp\/v2\/product_cat?post=178925"},{"taxonomy":"product_tag","embeddable":true,"href":"https:\/\/baldumarket.lt\/lt\/wp-json\/wp\/v2\/product_tag?post=178925"}],"curies":[{"name":"wp","href":"https:\/\/api.w.org\/{rel}","templated":true}]}}