{"id":178905,"date":"2025-12-20T23:38:32","date_gmt":"2025-12-20T20:38:32","guid":{"rendered":"https:\/\/baldumarket.lt\/?post_type=product&#038;p=178905"},"modified":"2026-02-12T10:13:27","modified_gmt":"2026-02-12T07:13:27","slug":"naroznik-fiord-u2-140-funkcja-spania-pojemnik-gr2","status":"publish","type":"product","link":"https:\/\/baldumarket.lt\/lt\/product\/naroznik-fiord-u2-140-funkcja-spania-pojemnik-gr2\/","title":{"rendered":"Fiord U2 140 kampin\u0117 sofa, miegojimo funkcija, Gr2 konteineris"},"content":{"rendered":"<p>Patraukli ir erdvi kampin\u0117 sofa \u201eFiord U2 140\u201c \u017eavi savo i\u0161skirtiniu dizainu. Jos kubistin\u0117s, i\u0161rai\u0161kingos formos puo\u0161iamos storais apvadais kra\u0161tuose. Komplektas pagamintas i\u0161 auk\u0161tos kokyb\u0117s med\u017eiag\u0173 ir yra laimingos pasagos formos. Modernus, sant\u016brus dizainas leid\u017eia jam papildyti beveik bet kok\u012f \u0161iuolaikin\u012f interjero stili\u0173. Komplekte yra erdvi patalyn\u0117s d\u0117\u017e\u0117, o d\u0117l miegojimo funkcijos \u201eDL\u201c jis greitai ir lengvai transformuojasi i\u0161 patogios sofos \u012f erdvi\u0105 miegojimo viet\u0105. Kampin\u0119 sof\u0105 reikia minimaliai surinkti, ji tiekiama kair\u0117s ir de\u0161in\u0117s pus\u0117s versijomis. Komplekt\u0105 galima \u012fsigyti su \u012fvairiais audiniais, kuriuos galite rasti pas produkt\u0173 k\u016br\u0117j\u0105.<\/p>","protected":false},"excerpt":{"rendered":"<p>Plotis: 349 cm<br \/>\nGylis: 195 cm<br \/>\nAuk\u0161tis: 85 cm<br \/>\nGylis 2: 167 cm<br \/>\nS\u0117dyn\u0117s gylis: 56 cm<\/p>","protected":false},"featured_media":178660,"comment_status":"open","ping_status":"closed","template":"","meta":[],"product_brand":[],"product_cat":[9546,616,1982,4635],"product_tag":[],"class_list":{"0":"post-178905","1":"product","2":"type-product","3":"status-publish","4":"has-post-thumbnail","6":"product_cat-corner-sofas-piaski","7":"product_cat-corners","8":"product_cat-corners-u","9":"product_cat-piaski","11":"first","12":"instock","13":"shipping-taxable","14":"purchasable","15":"product-type-variable","16":"wvs-archive-product-wrapper"},"_links":{"self":[{"href":"https:\/\/baldumarket.lt\/lt\/wp-json\/wp\/v2\/product\/178905","targetHints":{"allow":["GET"]}}],"collection":[{"href":"https:\/\/baldumarket.lt\/lt\/wp-json\/wp\/v2\/product"}],"about":[{"href":"https:\/\/baldumarket.lt\/lt\/wp-json\/wp\/v2\/types\/product"}],"replies":[{"embeddable":true,"href":"https:\/\/baldumarket.lt\/lt\/wp-json\/wp\/v2\/comments?post=178905"}],"wp:featuredmedia":[{"embeddable":true,"href":"https:\/\/baldumarket.lt\/lt\/wp-json\/wp\/v2\/media\/178660"}],"wp:attachment":[{"href":"https:\/\/baldumarket.lt\/lt\/wp-json\/wp\/v2\/media?parent=178905"}],"wp:term":[{"taxonomy":"product_brand","embeddable":true,"href":"https:\/\/baldumarket.lt\/lt\/wp-json\/wp\/v2\/product_brand?post=178905"},{"taxonomy":"product_cat","embeddable":true,"href":"https:\/\/baldumarket.lt\/lt\/wp-json\/wp\/v2\/product_cat?post=178905"},{"taxonomy":"product_tag","embeddable":true,"href":"https:\/\/baldumarket.lt\/lt\/wp-json\/wp\/v2\/product_tag?post=178905"}],"curies":[{"name":"wp","href":"https:\/\/api.w.org\/{rel}","templated":true}]}}