{"id":178852,"date":"2025-12-20T23:37:10","date_gmt":"2025-12-20T20:37:10","guid":{"rendered":"https:\/\/baldumarket.lt\/?post_type=product&#038;p=178852"},"modified":"2026-02-12T10:13:36","modified_gmt":"2026-02-12T07:13:36","slug":"naroznik-bouli-m-funkcja-spania-pojemnik-gr2","status":"publish","type":"product","link":"https:\/\/baldumarket.lt\/lt\/product\/naroznik-bouli-m-funkcja-spania-pojemnik-gr2\/","title":{"rendered":"\u201eBouli M\u201c kampin\u0117 sofa, miegojimo funkcija, Gr2 konteineris"},"content":{"rendered":"<p>Kampin\u0117 sofa \u201eBouli M\u201c \u017eavi savo form\u0173 harmonija. I\u0161skirtinis bruo\u017eas \u2013 apval\u016bs, \u0161veln\u016bs baldo kra\u0161tai, suteikiantys lengvumo ir jausmingumo. D\u0117l sant\u016braus, modernaus dizaino jis puikiai tinka tiek modernioms, tiek klasikin\u0117ms svetain\u0117ms. Dekoratyviniu audiniu aptrauktas atlo\u0161as leid\u017eia sof\u0105 pastatyti bet kokiu atstumu nuo sienos, atveriant papildomas interjero dizaino ir pa\u010di\u0173 bald\u0173 dizaino galimybes. Kampin\u0117 sofa turi DL kasdienio miegojimo funkcij\u0105, kuri\u0105 papildo special\u016bs spyruokliniai mechanizmai. Erdvioje ir labai prakti\u0161koje patalyn\u0117s d\u0117\u017e\u0117je taip pat tilps papildomos antklod\u0117s, pagalv\u0117s ir lovaties\u0117s. Komplektas pristatomas minimaliai surinkus ir yra tiek de\u0161inin\u0117s, tiek kair\u0117s pus\u0117s versijos. Apmu\u0161al\u0173 audini\u0173 pavyzd\u017eius galite rasti \u201eProduct Creator\u201c svetain\u0117je.<\/p>","protected":false},"excerpt":{"rendered":"<p>Plotis: 264 cm<br \/>\nGylis: 162 cm<br \/>\nAuk\u0161tis: 82 cm<br \/>\nS\u0117dyn\u0117s gylis: 60 cm<br \/>\nS\u0117dyn\u0117s auk\u0161tis: 42 cm<\/p>","protected":false},"featured_media":178605,"comment_status":"open","ping_status":"closed","template":"","meta":[],"product_brand":[],"product_cat":[9546,616,1983,4635],"product_tag":[],"class_list":{"0":"post-178852","1":"product","2":"type-product","3":"status-publish","4":"has-post-thumbnail","6":"product_cat-corner-sofas-piaski","7":"product_cat-corners","8":"product_cat-corners-l","9":"product_cat-piaski","11":"first","12":"instock","13":"shipping-taxable","14":"purchasable","15":"product-type-variable","16":"wvs-archive-product-wrapper"},"_links":{"self":[{"href":"https:\/\/baldumarket.lt\/lt\/wp-json\/wp\/v2\/product\/178852","targetHints":{"allow":["GET"]}}],"collection":[{"href":"https:\/\/baldumarket.lt\/lt\/wp-json\/wp\/v2\/product"}],"about":[{"href":"https:\/\/baldumarket.lt\/lt\/wp-json\/wp\/v2\/types\/product"}],"replies":[{"embeddable":true,"href":"https:\/\/baldumarket.lt\/lt\/wp-json\/wp\/v2\/comments?post=178852"}],"wp:featuredmedia":[{"embeddable":true,"href":"https:\/\/baldumarket.lt\/lt\/wp-json\/wp\/v2\/media\/178605"}],"wp:attachment":[{"href":"https:\/\/baldumarket.lt\/lt\/wp-json\/wp\/v2\/media?parent=178852"}],"wp:term":[{"taxonomy":"product_brand","embeddable":true,"href":"https:\/\/baldumarket.lt\/lt\/wp-json\/wp\/v2\/product_brand?post=178852"},{"taxonomy":"product_cat","embeddable":true,"href":"https:\/\/baldumarket.lt\/lt\/wp-json\/wp\/v2\/product_cat?post=178852"},{"taxonomy":"product_tag","embeddable":true,"href":"https:\/\/baldumarket.lt\/lt\/wp-json\/wp\/v2\/product_tag?post=178852"}],"curies":[{"name":"wp","href":"https:\/\/api.w.org\/{rel}","templated":true}]}}