{"id":178814,"date":"2025-12-20T23:36:08","date_gmt":"2025-12-20T20:36:08","guid":{"rendered":"https:\/\/baldumarket.lt\/?post_type=product&#038;p=178814"},"modified":"2026-02-12T10:13:36","modified_gmt":"2026-02-12T07:13:36","slug":"naroznik-blues-l-funkcja-spania-pojemnik-regulowane-zaglowki-gr2","status":"publish","type":"product","link":"https:\/\/baldumarket.lt\/lt\/product\/naroznik-blues-l-funkcja-spania-pojemnik-regulowane-zaglowki-gr2\/","title":{"rendered":"\u201eBlues L\u201c kampin\u0117 sofa, miegojimo funkcija, konteineris, reguliuojamos galvos atramos Gr2"},"content":{"rendered":"<p>Patogi L formos \u201eBlues\u201c kampin\u0117 sofa-lova traukia d\u0117mes\u012f savo moderniu ir unikaliu dizainu. Komplektas puikiai tiks \u0161iuolaiki\u0161kose svetain\u0117se ir poilsio kambariuose. Dekoratyviniu audiniu aptraukta atlo\u0161as leid\u017eia komplekt\u0105 pastatyti bet kokiu atstumu nuo sienos, atveriant papildomas interjero dizaino ir pa\u010di\u0173 bald\u0173 pasirinkimo galimybes. Kampin\u0117 sofa turi \u201eDelfin\u201c kasdienio miegojimo funkcij\u0105, kuri\u0105 palaiko automatiniai spyruokliniai mechanizmai. Erdviame ir labai prakti\u0161kame patalyn\u0117s skyriuje taip pat tilps papildomos antklod\u0117s, pagalv\u0117s ir u\u017etiesalai. Reguliuojamos galvos atramos leid\u017eia rasti patogiausi\u0105 pad\u0117t\u012f \u017ei\u016brint m\u0117gstam\u0105 serial\u0105. Komplektas stovi ant stabili\u0173, presti\u017eini\u0173 juod\u0173 kojeli\u0173 (auk\u0161tis 15 cm) ir pristatomas su minimaliu surinkimu. Jis tiekiamas de\u0161inin\u0117s ir kair\u0117s rankos versijomis bei su pla\u010diu audini\u0173 asortimentu. Apmu\u0161al\u0173 audini\u0173 pavyzd\u017eius galite rasti \u201eProduct Creator\u201c svetain\u0117je.<\/p>","protected":false},"excerpt":{"rendered":"<p>Plotis: 280 cm<br \/>\nGylis: 214 cm<br \/>\nAuk\u0161tis: 75 cm<br \/>\nDid\u017eiausias auk\u0161tis: 94 cm<br \/>\nS\u0117dyn\u0117s gylis: 57 cm<\/p>","protected":false},"featured_media":178577,"comment_status":"open","ping_status":"closed","template":"","meta":[],"product_brand":[],"product_cat":[9546,616,1983,4635],"product_tag":[],"class_list":{"0":"post-178814","1":"product","2":"type-product","3":"status-publish","4":"has-post-thumbnail","6":"product_cat-corner-sofas-piaski","7":"product_cat-corners","8":"product_cat-corners-l","9":"product_cat-piaski","11":"first","12":"instock","13":"shipping-taxable","14":"purchasable","15":"product-type-variable","16":"wvs-archive-product-wrapper"},"_links":{"self":[{"href":"https:\/\/baldumarket.lt\/lt\/wp-json\/wp\/v2\/product\/178814","targetHints":{"allow":["GET"]}}],"collection":[{"href":"https:\/\/baldumarket.lt\/lt\/wp-json\/wp\/v2\/product"}],"about":[{"href":"https:\/\/baldumarket.lt\/lt\/wp-json\/wp\/v2\/types\/product"}],"replies":[{"embeddable":true,"href":"https:\/\/baldumarket.lt\/lt\/wp-json\/wp\/v2\/comments?post=178814"}],"wp:featuredmedia":[{"embeddable":true,"href":"https:\/\/baldumarket.lt\/lt\/wp-json\/wp\/v2\/media\/178577"}],"wp:attachment":[{"href":"https:\/\/baldumarket.lt\/lt\/wp-json\/wp\/v2\/media?parent=178814"}],"wp:term":[{"taxonomy":"product_brand","embeddable":true,"href":"https:\/\/baldumarket.lt\/lt\/wp-json\/wp\/v2\/product_brand?post=178814"},{"taxonomy":"product_cat","embeddable":true,"href":"https:\/\/baldumarket.lt\/lt\/wp-json\/wp\/v2\/product_cat?post=178814"},{"taxonomy":"product_tag","embeddable":true,"href":"https:\/\/baldumarket.lt\/lt\/wp-json\/wp\/v2\/product_tag?post=178814"}],"curies":[{"name":"wp","href":"https:\/\/api.w.org\/{rel}","templated":true}]}}