{"id":178812,"date":"2025-12-20T23:36:07","date_gmt":"2025-12-20T20:36:07","guid":{"rendered":"https:\/\/baldumarket.lt\/?post_type=product&#038;p=178812"},"modified":"2026-02-12T10:13:36","modified_gmt":"2026-02-12T07:13:36","slug":"naroznik-belt-l-funkcja-spania-pojemnik-regulowane-zaglowki-gr2","status":"publish","type":"product","link":"https:\/\/baldumarket.lt\/lt\/product\/naroznik-belt-l-funkcja-spania-pojemnik-regulowane-zaglowki-gr2\/","title":{"rendered":"Kampin\u0117 sofa \u201eBelt L\u201c, miegojimo funkcija, konteineris, reguliuojamos galvos atramos Gr2"},"content":{"rendered":"<p>Kampin\u0117 sofa \u201eBelt L\u201c pagaminta i\u0161 auk\u0161tos kokyb\u0117s med\u017eiag\u0173, u\u017etikrinan\u010di\u0173 ilgalaik\u012f ir nuosekl\u0173 naudojim\u0105. Komplektas pasi\u017eymi kont\u016bruotu atlo\u0161u, dekoruotu vertikaliomis si\u016bl\u0117mis. Patogus, stilizuotas porankis ir reguliuojamos galvos atramos u\u017etikrina patog\u0173 poils\u012f \u017ei\u016brint m\u0117gstamus serialus vakare. Visas baldas stovi ant auk\u0161t\u0173, juod\u0173 kojeli\u0173, kurios pabr\u0117\u017eia eleganti\u0161k\u0105 komplekto charakter\u012f. Kampin\u0117 sofa turi \u201eDlefin\u201c miegojimo funkcij\u0105 ir \u012fmontuot\u0105 patalyn\u0117s skyri\u0173. Baldai gali b\u016bti de\u0161inin\u0117s arba kair\u0117s pus\u0117s ir yra su \u012fvairiais apmu\u0161alais. Audini\u0173 pavyzd\u017eius rasite gaminio vedlyje. Kampin\u0119 sof\u0105 reikia surinkti minimaliai.<\/p>","protected":false},"excerpt":{"rendered":"<p>Plotis: 275 cm<br \/>\nGylis: 221 cm<br \/>\nAuk\u0161tis: 64 cm<br \/>\nS\u0117dyn\u0117s gylis: 60 cm<br \/>\nS\u0117dyn\u0117s auk\u0161tis: 42 cm 94 cm<\/p>","protected":false},"featured_media":178570,"comment_status":"open","ping_status":"closed","template":"","meta":[],"product_brand":[],"product_cat":[9546,616,1983,4635],"product_tag":[],"class_list":{"0":"post-178812","1":"product","2":"type-product","3":"status-publish","4":"has-post-thumbnail","6":"product_cat-corner-sofas-piaski","7":"product_cat-corners","8":"product_cat-corners-l","9":"product_cat-piaski","11":"first","12":"instock","13":"shipping-taxable","14":"purchasable","15":"product-type-variable","16":"wvs-archive-product-wrapper"},"_links":{"self":[{"href":"https:\/\/baldumarket.lt\/lt\/wp-json\/wp\/v2\/product\/178812","targetHints":{"allow":["GET"]}}],"collection":[{"href":"https:\/\/baldumarket.lt\/lt\/wp-json\/wp\/v2\/product"}],"about":[{"href":"https:\/\/baldumarket.lt\/lt\/wp-json\/wp\/v2\/types\/product"}],"replies":[{"embeddable":true,"href":"https:\/\/baldumarket.lt\/lt\/wp-json\/wp\/v2\/comments?post=178812"}],"wp:featuredmedia":[{"embeddable":true,"href":"https:\/\/baldumarket.lt\/lt\/wp-json\/wp\/v2\/media\/178570"}],"wp:attachment":[{"href":"https:\/\/baldumarket.lt\/lt\/wp-json\/wp\/v2\/media?parent=178812"}],"wp:term":[{"taxonomy":"product_brand","embeddable":true,"href":"https:\/\/baldumarket.lt\/lt\/wp-json\/wp\/v2\/product_brand?post=178812"},{"taxonomy":"product_cat","embeddable":true,"href":"https:\/\/baldumarket.lt\/lt\/wp-json\/wp\/v2\/product_cat?post=178812"},{"taxonomy":"product_tag","embeddable":true,"href":"https:\/\/baldumarket.lt\/lt\/wp-json\/wp\/v2\/product_tag?post=178812"}],"curies":[{"name":"wp","href":"https:\/\/api.w.org\/{rel}","templated":true}]}}