{"id":178810,"date":"2025-12-20T23:36:05","date_gmt":"2025-12-20T20:36:05","guid":{"rendered":"https:\/\/baldumarket.lt\/?post_type=product&#038;p=178810"},"modified":"2026-02-12T10:21:24","modified_gmt":"2026-02-12T07:21:24","slug":"sofa-tilia-funkcja-spania-pojemnik-gr1","status":"publish","type":"product","link":"https:\/\/baldumarket.lt\/lt\/product\/sofa-tilia-funkcja-spania-pojemnik-gr1\/","title":{"rendered":"Tilia sofa, miegojimo funkcija, Gr1 konteineris"},"content":{"rendered":"<p>Patraukli \u201eTilia\u201c sofa pasi\u017eymi dvisluoksne s\u0117dyne, kuri, i\u0161skleista, transformuojasi \u012f puiki\u0105 viet\u0105 kasdieniam miegui. Sofa \u017eavi savo dr\u0105siu stiliumi, kur\u012f pabr\u0117\u017eia plat\u016bs porankiai ir \u0161velnios dekoratyvin\u0117s bei atlo\u0161o pagalv\u0117l\u0117s. Sofa puikiai tiks tiek moderniame, tiek klasikiniame svetain\u0117s ar poilsio kambario interjere. Sofa su automatinio sulankstymo mechanizmu, turin\u010diu DL miegojimo funkcij\u0105, greitai ir lengvai paver\u010dia j\u0105 erdvia vieta poilsiui tiek nakt\u012f, tiek dien\u0105. Erdviame patalyn\u0117s skyriuje telpa papildomos antklod\u0117s ir lovaties\u0117s. Komplekt\u0105 galima \u012fsigyti su \u012fvairiais madingais ir patvariais apmu\u0161alais, o pavyzd\u017eius rasite ir \u201eProduct Creator\u201c svetain\u0117je.<\/p>","protected":false},"excerpt":{"rendered":"<p>Plotis: 244 cm<br \/>\nGylis: 95 cm<br \/>\nAuk\u0161tis: 82 cm<br \/>\nS\u0117dyn\u0117s gylis: 53 cm<br \/>\nS\u0117dyn\u0117s auk\u0161tis: 43 cm<\/p>","protected":false},"featured_media":178915,"comment_status":"open","ping_status":"closed","template":"","meta":[],"product_brand":[],"product_cat":[9547,4635,560],"product_tag":[],"class_list":{"0":"post-178810","1":"product","2":"type-product","3":"status-publish","4":"has-post-thumbnail","6":"product_cat-sofas-piaski","7":"product_cat-piaski","8":"product_cat-sofas-and-couches","10":"first","11":"instock","12":"shipping-taxable","13":"purchasable","14":"product-type-variable","15":"wvs-archive-product-wrapper"},"_links":{"self":[{"href":"https:\/\/baldumarket.lt\/lt\/wp-json\/wp\/v2\/product\/178810","targetHints":{"allow":["GET"]}}],"collection":[{"href":"https:\/\/baldumarket.lt\/lt\/wp-json\/wp\/v2\/product"}],"about":[{"href":"https:\/\/baldumarket.lt\/lt\/wp-json\/wp\/v2\/types\/product"}],"replies":[{"embeddable":true,"href":"https:\/\/baldumarket.lt\/lt\/wp-json\/wp\/v2\/comments?post=178810"}],"wp:featuredmedia":[{"embeddable":true,"href":"https:\/\/baldumarket.lt\/lt\/wp-json\/wp\/v2\/media\/178915"}],"wp:attachment":[{"href":"https:\/\/baldumarket.lt\/lt\/wp-json\/wp\/v2\/media?parent=178810"}],"wp:term":[{"taxonomy":"product_brand","embeddable":true,"href":"https:\/\/baldumarket.lt\/lt\/wp-json\/wp\/v2\/product_brand?post=178810"},{"taxonomy":"product_cat","embeddable":true,"href":"https:\/\/baldumarket.lt\/lt\/wp-json\/wp\/v2\/product_cat?post=178810"},{"taxonomy":"product_tag","embeddable":true,"href":"https:\/\/baldumarket.lt\/lt\/wp-json\/wp\/v2\/product_tag?post=178810"}],"curies":[{"name":"wp","href":"https:\/\/api.w.org\/{rel}","templated":true}]}}