{"id":178791,"date":"2025-12-20T23:35:31","date_gmt":"2025-12-20T20:35:31","guid":{"rendered":"https:\/\/baldumarket.lt\/?post_type=product&#038;p=178791"},"modified":"2026-02-12T10:21:24","modified_gmt":"2026-02-12T07:21:24","slug":"sofa-pocket-funkcja-spania-pojemnik-gr1","status":"publish","type":"product","link":"https:\/\/baldumarket.lt\/lt\/product\/sofa-pocket-funkcja-spania-pojemnik-gr1\/","title":{"rendered":"Ki\u0161enin\u0117 sofa, miegojimo funkcija, Gr1 konteineris"},"content":{"rendered":"<p>\u201ePocket Sofa\u201c \u2013 tai moderni svetain\u0117s sofa, kurioje auk\u0161\u010diausiu lygiu dera elegancija, funkcionalumas ir komfortas. Tai puikus sprendimas ie\u0161kantiems baldo, kuris b\u016bt\u0173 ne tik gra\u017eus, bet ir prakti\u0161kas \u2013 skirtas kasdieniam naudojimui. Subtiliai i\u0161lenkti \u0161onai, kruop\u0161ti apdaila ir dekoratyvinis apmu\u0161alas nugar\u0117l\u0117je leid\u017eia jai atrodyti stulbinamai i\u0161 bet kokio kampo \u2013 net ir pastatius j\u0105 kambario centre.<\/p>","protected":false},"excerpt":{"rendered":"<p>Plotis: 260 cm<br \/>\nGylis: 106 cm<br \/>\nAuk\u0161tis: 81 cm<br \/>\nS\u0117dyn\u0117s gylis: 58 cm<br \/>\nS\u0117dyn\u0117s auk\u0161tis: 43 cm<\/p>","protected":false},"featured_media":178897,"comment_status":"open","ping_status":"closed","template":"","meta":[],"product_brand":[],"product_cat":[9547,4635,560],"product_tag":[],"class_list":{"0":"post-178791","1":"product","2":"type-product","3":"status-publish","4":"has-post-thumbnail","6":"product_cat-sofas-piaski","7":"product_cat-piaski","8":"product_cat-sofas-and-couches","10":"first","11":"instock","12":"shipping-taxable","13":"purchasable","14":"product-type-variable","15":"wvs-archive-product-wrapper"},"_links":{"self":[{"href":"https:\/\/baldumarket.lt\/lt\/wp-json\/wp\/v2\/product\/178791","targetHints":{"allow":["GET"]}}],"collection":[{"href":"https:\/\/baldumarket.lt\/lt\/wp-json\/wp\/v2\/product"}],"about":[{"href":"https:\/\/baldumarket.lt\/lt\/wp-json\/wp\/v2\/types\/product"}],"replies":[{"embeddable":true,"href":"https:\/\/baldumarket.lt\/lt\/wp-json\/wp\/v2\/comments?post=178791"}],"wp:featuredmedia":[{"embeddable":true,"href":"https:\/\/baldumarket.lt\/lt\/wp-json\/wp\/v2\/media\/178897"}],"wp:attachment":[{"href":"https:\/\/baldumarket.lt\/lt\/wp-json\/wp\/v2\/media?parent=178791"}],"wp:term":[{"taxonomy":"product_brand","embeddable":true,"href":"https:\/\/baldumarket.lt\/lt\/wp-json\/wp\/v2\/product_brand?post=178791"},{"taxonomy":"product_cat","embeddable":true,"href":"https:\/\/baldumarket.lt\/lt\/wp-json\/wp\/v2\/product_cat?post=178791"},{"taxonomy":"product_tag","embeddable":true,"href":"https:\/\/baldumarket.lt\/lt\/wp-json\/wp\/v2\/product_tag?post=178791"}],"curies":[{"name":"wp","href":"https:\/\/api.w.org\/{rel}","templated":true}]}}