{"id":178775,"date":"2025-12-20T23:35:07","date_gmt":"2025-12-20T20:35:07","guid":{"rendered":"https:\/\/baldumarket.lt\/?post_type=product&#038;p=178775"},"modified":"2026-02-12T10:21:24","modified_gmt":"2026-02-12T07:21:24","slug":"sofa-onega-funkcja-spania-pojemnik-gr1","status":"publish","type":"product","link":"https:\/\/baldumarket.lt\/lt\/product\/sofa-onega-funkcja-spania-pojemnik-gr1\/","title":{"rendered":"\u201eOnega\u201c sofa, miegojimo funkcija, Gr1 konteineris"},"content":{"rendered":"<p>\u201eOnega\u201c \u2013 tai moderni sofa-lova, kuri ne tik traukia ak\u012f savo dizainu, bet ir, svarbiausia, si\u016blo i\u0161skirtin\u012f komfort\u0105 kasdieniam naudojimui. Jei ie\u0161kote sofos, kuri i\u0161 ties\u0173 taps j\u016bs\u0173 svetain\u0117s \u0161irdimi \u2013 tiek funkcionaliai, tiek esteti\u0161kai \u2013 \u201eOnega\u201c yra puikus pasirinkimas. J\u0105 rasite Meblostrada24.pl, kur gal\u0117site priderinti spalv\u0105 ir audin\u012f prie savo interjero.<\/p>","protected":false},"excerpt":{"rendered":"<p>Plotis: 250 cm<br \/>\nGylis: 102 cm<br \/>\nAuk\u0161tis: 85 cm<br \/>\nS\u0117dyn\u0117s gylis: 64 cm<br \/>\nS\u0117dyn\u0117s auk\u0161tis: 40 cm<\/p>","protected":false},"featured_media":178891,"comment_status":"open","ping_status":"closed","template":"","meta":[],"product_brand":[],"product_cat":[9547,4635,560],"product_tag":[],"class_list":{"0":"post-178775","1":"product","2":"type-product","3":"status-publish","4":"has-post-thumbnail","6":"product_cat-sofas-piaski","7":"product_cat-piaski","8":"product_cat-sofas-and-couches","10":"first","11":"instock","12":"shipping-taxable","13":"purchasable","14":"product-type-variable","15":"wvs-archive-product-wrapper"},"_links":{"self":[{"href":"https:\/\/baldumarket.lt\/lt\/wp-json\/wp\/v2\/product\/178775","targetHints":{"allow":["GET"]}}],"collection":[{"href":"https:\/\/baldumarket.lt\/lt\/wp-json\/wp\/v2\/product"}],"about":[{"href":"https:\/\/baldumarket.lt\/lt\/wp-json\/wp\/v2\/types\/product"}],"replies":[{"embeddable":true,"href":"https:\/\/baldumarket.lt\/lt\/wp-json\/wp\/v2\/comments?post=178775"}],"wp:featuredmedia":[{"embeddable":true,"href":"https:\/\/baldumarket.lt\/lt\/wp-json\/wp\/v2\/media\/178891"}],"wp:attachment":[{"href":"https:\/\/baldumarket.lt\/lt\/wp-json\/wp\/v2\/media?parent=178775"}],"wp:term":[{"taxonomy":"product_brand","embeddable":true,"href":"https:\/\/baldumarket.lt\/lt\/wp-json\/wp\/v2\/product_brand?post=178775"},{"taxonomy":"product_cat","embeddable":true,"href":"https:\/\/baldumarket.lt\/lt\/wp-json\/wp\/v2\/product_cat?post=178775"},{"taxonomy":"product_tag","embeddable":true,"href":"https:\/\/baldumarket.lt\/lt\/wp-json\/wp\/v2\/product_tag?post=178775"}],"curies":[{"name":"wp","href":"https:\/\/api.w.org\/{rel}","templated":true}]}}