{"id":178771,"date":"2025-12-20T23:35:03","date_gmt":"2025-12-20T20:35:03","guid":{"rendered":"https:\/\/baldumarket.lt\/?post_type=product&#038;p=178771"},"modified":"2026-02-12T10:21:24","modified_gmt":"2026-02-12T07:21:24","slug":"sofa-fiord-funkcja-spania-pojemnik-gr1","status":"publish","type":"product","link":"https:\/\/baldumarket.lt\/lt\/product\/sofa-fiord-funkcja-spania-pojemnik-gr1\/","title":{"rendered":"\u201eFiord\u201c sofa su miegojimo funkcija, Gr1 konteineris"},"content":{"rendered":"<p>Triviet\u0117 \u201eFiord\u201c sofa su dienos miegojimo funkcija pagaminta i\u0161 auk\u0161tos kokyb\u0117s med\u017eiag\u0173, u\u017etikrinan\u010di\u0173 ilgalaik\u012f ir be r\u016bpes\u010di\u0173 naudojim\u0105. \u0160is baldas d\u017eiugins jus savo nekintan\u010dia i\u0161vaizda ir tinkamu funkcionavimu daugel\u012f met\u0173. Jos modern\u0173, paprast\u0105 stili\u0173 pabr\u0117\u017eia stori apvadai, puo\u0161iantys kra\u0161tus. Sofa puikiai atrodys \u0161iuolaikiniame, moderniame interjere. Sofa turi DL miegojimo funkcij\u0105, kuri automatini\u0173 sulankstymo mechanizm\u0173 d\u0117ka greitai ir lengvai transformuojasi \u012f erdvi\u0105 viet\u0105 tiek naktiniam, tiek dienos poilsiui. Erdviame patalyn\u0117s skyriuje telpa papildomos antklod\u0117s ir lovaties\u0117s. Komplekt\u0105 galima \u012fsigyti su \u012fvairiais madingais ir patvariais apmu\u0161alais, kuri\u0173 pavyzd\u017eius rasite produkto k\u016br\u0117jo dokumente.<\/p>","protected":false},"excerpt":{"rendered":"<p>Plotis: 257 cm<br \/>\nGylis: 102 cm<br \/>\nAuk\u0161tis: 85 cm<br \/>\nS\u0117dyn\u0117s gylis: 64 cm<br \/>\nS\u0117dyn\u0117s auk\u0161tis: 43 cm<\/p>","protected":false},"featured_media":178873,"comment_status":"open","ping_status":"closed","template":"","meta":[],"product_brand":[],"product_cat":[9547,4635,560],"product_tag":[],"class_list":{"0":"post-178771","1":"product","2":"type-product","3":"status-publish","4":"has-post-thumbnail","6":"product_cat-sofas-piaski","7":"product_cat-piaski","8":"product_cat-sofas-and-couches","10":"first","11":"instock","12":"shipping-taxable","13":"purchasable","14":"product-type-variable","15":"wvs-archive-product-wrapper"},"_links":{"self":[{"href":"https:\/\/baldumarket.lt\/lt\/wp-json\/wp\/v2\/product\/178771","targetHints":{"allow":["GET"]}}],"collection":[{"href":"https:\/\/baldumarket.lt\/lt\/wp-json\/wp\/v2\/product"}],"about":[{"href":"https:\/\/baldumarket.lt\/lt\/wp-json\/wp\/v2\/types\/product"}],"replies":[{"embeddable":true,"href":"https:\/\/baldumarket.lt\/lt\/wp-json\/wp\/v2\/comments?post=178771"}],"wp:featuredmedia":[{"embeddable":true,"href":"https:\/\/baldumarket.lt\/lt\/wp-json\/wp\/v2\/media\/178873"}],"wp:attachment":[{"href":"https:\/\/baldumarket.lt\/lt\/wp-json\/wp\/v2\/media?parent=178771"}],"wp:term":[{"taxonomy":"product_brand","embeddable":true,"href":"https:\/\/baldumarket.lt\/lt\/wp-json\/wp\/v2\/product_brand?post=178771"},{"taxonomy":"product_cat","embeddable":true,"href":"https:\/\/baldumarket.lt\/lt\/wp-json\/wp\/v2\/product_cat?post=178771"},{"taxonomy":"product_tag","embeddable":true,"href":"https:\/\/baldumarket.lt\/lt\/wp-json\/wp\/v2\/product_tag?post=178771"}],"curies":[{"name":"wp","href":"https:\/\/api.w.org\/{rel}","templated":true}]}}