{"id":178711,"date":"2025-12-20T23:33:28","date_gmt":"2025-12-20T20:33:28","guid":{"rendered":"https:\/\/baldumarket.lt\/?post_type=product&#038;p=178711"},"modified":"2026-02-12T10:13:36","modified_gmt":"2026-02-12T07:13:36","slug":"naroznik-viton-funkcja-spania-pojemnik-gr1","status":"publish","type":"product","link":"https:\/\/baldumarket.lt\/lt\/product\/naroznik-viton-funkcja-spania-pojemnik-gr1\/","title":{"rendered":"Vitono kampin\u0117 sofa, miegojimo funkcija, Gr1 konteineris"},"content":{"rendered":"<p>Unikali \u201eViton\u201c kampin\u0117 sofa-lova traukia d\u0117mes\u012f savo gra\u017eiu, moderniu stiliumi, kur\u012f su\u0161velnina klasi\u0161kai i\u0161d\u0117stytas atlo\u0161as ir dekoratyvin\u0117s pagalv\u0117l\u0117s. \u0160is baldas puikiai der\u0117s prie bet kokio interjero \u2013 nuo klasikinio iki modernaus. Dekoratyviniu audiniu aptrauktas atlo\u0161as leid\u017eia sof\u0105 pastatyti bet kokiu atstumu nuo sienos, atverdamas papildomas dizaino galimybes tiek interjerui, tiek patiems baldams. Kampin\u0117je sofoje yra DL dienin\u0117 miegamoji dalis, kuri greitai ir lengvai paver\u010dia patogi\u0105 sof\u0105 erdvia vieta poilsiui tiek nakt\u012f, tiek dien\u0105. Erdvioje ir labai prakti\u0161koje patalyn\u0117s d\u0117\u017e\u0117je taip pat telpa papildomos antklod\u0117s, pagalv\u0117s ir u\u017etiesalai. Komplektas stovi ant stabili\u0173, auk\u0161t\u0173 (15 cm) juod\u0173 kojeli\u0173 ir pristatomas su minimaliu surinkimu. Jis tiekiamas de\u0161inin\u0117s ir kair\u0117s pus\u0117s versijomis ir yra pagamintas i\u0161 plataus audini\u0173 asortimento. Apmu\u0161al\u0173 audini\u0173 pavyzd\u017eius galite rasti \u201eProduct Creator\u201c svetain\u0117je.<\/p>","protected":false},"excerpt":{"rendered":"<p>Plotis: 258 cm<br \/>\nGylis: 167 cm<br \/>\nAuk\u0161tis: 91 cm<br \/>\nS\u0117dyn\u0117s gylis: 61 cm<br \/>\nS\u0117dyn\u0117s auk\u0161tis: 45 cm<\/p>","protected":false},"featured_media":178815,"comment_status":"open","ping_status":"closed","template":"","meta":[],"product_brand":[],"product_cat":[9546,616,1983,4635],"product_tag":[],"class_list":{"0":"post-178711","1":"product","2":"type-product","3":"status-publish","4":"has-post-thumbnail","6":"product_cat-corner-sofas-piaski","7":"product_cat-corners","8":"product_cat-corners-l","9":"product_cat-piaski","11":"first","12":"instock","13":"shipping-taxable","14":"purchasable","15":"product-type-variable","16":"wvs-archive-product-wrapper"},"_links":{"self":[{"href":"https:\/\/baldumarket.lt\/lt\/wp-json\/wp\/v2\/product\/178711","targetHints":{"allow":["GET"]}}],"collection":[{"href":"https:\/\/baldumarket.lt\/lt\/wp-json\/wp\/v2\/product"}],"about":[{"href":"https:\/\/baldumarket.lt\/lt\/wp-json\/wp\/v2\/types\/product"}],"replies":[{"embeddable":true,"href":"https:\/\/baldumarket.lt\/lt\/wp-json\/wp\/v2\/comments?post=178711"}],"wp:featuredmedia":[{"embeddable":true,"href":"https:\/\/baldumarket.lt\/lt\/wp-json\/wp\/v2\/media\/178815"}],"wp:attachment":[{"href":"https:\/\/baldumarket.lt\/lt\/wp-json\/wp\/v2\/media?parent=178711"}],"wp:term":[{"taxonomy":"product_brand","embeddable":true,"href":"https:\/\/baldumarket.lt\/lt\/wp-json\/wp\/v2\/product_brand?post=178711"},{"taxonomy":"product_cat","embeddable":true,"href":"https:\/\/baldumarket.lt\/lt\/wp-json\/wp\/v2\/product_cat?post=178711"},{"taxonomy":"product_tag","embeddable":true,"href":"https:\/\/baldumarket.lt\/lt\/wp-json\/wp\/v2\/product_tag?post=178711"}],"curies":[{"name":"wp","href":"https:\/\/api.w.org\/{rel}","templated":true}]}}