{"id":178695,"date":"2025-12-20T23:33:03","date_gmt":"2025-12-20T20:33:03","guid":{"rendered":"https:\/\/baldumarket.lt\/?post_type=product&#038;p=178695"},"modified":"2026-02-12T10:13:45","modified_gmt":"2026-02-12T07:13:45","slug":"naroznik-pocket-m-funkcja-spania-pojemnik-gr1","status":"publish","type":"product","link":"https:\/\/baldumarket.lt\/lt\/product\/naroznik-pocket-m-funkcja-spania-pojemnik-gr1\/","title":{"rendered":"Kampin\u0117 sofa \u201ePocket M\u201c, miegojimo funkcija, Gr1 konteineris"},"content":{"rendered":"<p>\u201ePocket M\u201c kampin\u0117 sofa \u2013 eleganti\u0161kas baldas bet kokiam interjerui<\/p>","protected":false},"excerpt":{"rendered":"<p>Plotis: 270 cm<br \/>\nGylis: 167 cm<br \/>\nAuk\u0161tis: 81 cm<br \/>\nS\u0117dyn\u0117s gylis: 58 cm<br \/>\nS\u0117dyn\u0117s auk\u0161tis: 43 cm<\/p>","protected":false},"featured_media":178802,"comment_status":"open","ping_status":"closed","template":"","meta":[],"product_brand":[],"product_cat":[9546,616,1983,4635],"product_tag":[],"class_list":{"0":"post-178695","1":"product","2":"type-product","3":"status-publish","4":"has-post-thumbnail","6":"product_cat-corner-sofas-piaski","7":"product_cat-corners","8":"product_cat-corners-l","9":"product_cat-piaski","11":"first","12":"instock","13":"shipping-taxable","14":"purchasable","15":"product-type-variable","16":"wvs-archive-product-wrapper"},"_links":{"self":[{"href":"https:\/\/baldumarket.lt\/lt\/wp-json\/wp\/v2\/product\/178695","targetHints":{"allow":["GET"]}}],"collection":[{"href":"https:\/\/baldumarket.lt\/lt\/wp-json\/wp\/v2\/product"}],"about":[{"href":"https:\/\/baldumarket.lt\/lt\/wp-json\/wp\/v2\/types\/product"}],"replies":[{"embeddable":true,"href":"https:\/\/baldumarket.lt\/lt\/wp-json\/wp\/v2\/comments?post=178695"}],"wp:featuredmedia":[{"embeddable":true,"href":"https:\/\/baldumarket.lt\/lt\/wp-json\/wp\/v2\/media\/178802"}],"wp:attachment":[{"href":"https:\/\/baldumarket.lt\/lt\/wp-json\/wp\/v2\/media?parent=178695"}],"wp:term":[{"taxonomy":"product_brand","embeddable":true,"href":"https:\/\/baldumarket.lt\/lt\/wp-json\/wp\/v2\/product_brand?post=178695"},{"taxonomy":"product_cat","embeddable":true,"href":"https:\/\/baldumarket.lt\/lt\/wp-json\/wp\/v2\/product_cat?post=178695"},{"taxonomy":"product_tag","embeddable":true,"href":"https:\/\/baldumarket.lt\/lt\/wp-json\/wp\/v2\/product_tag?post=178695"}],"curies":[{"name":"wp","href":"https:\/\/api.w.org\/{rel}","templated":true}]}}