{"id":178693,"date":"2025-12-20T23:33:02","date_gmt":"2025-12-20T20:33:02","guid":{"rendered":"https:\/\/baldumarket.lt\/?post_type=product&#038;p=178693"},"modified":"2026-02-12T10:13:45","modified_gmt":"2026-02-12T07:13:45","slug":"naroznik-orlando-funkcja-spania-pojemnik-regulowane-zaglowki-i-podlokietniki-gr1","status":"publish","type":"product","link":"https:\/\/baldumarket.lt\/lt\/product\/naroznik-orlando-funkcja-spania-pojemnik-regulowane-zaglowki-i-podlokietniki-gr1\/","title":{"rendered":"Orlando kampin\u0117 sofa su miegojimo funkcija, konteineriu, reguliuojamais galvos ir porankiais Gr1"},"content":{"rendered":"<p>Jei ie\u0161kote patogios ir daugiafunkcin\u0117s kampin\u0117s sofos u\u017e prieinam\u0105 kain\u0105, turime jums puik\u0173 pasirinkim\u0105: \u201eOrlando\u201c komplekt\u0105. \u0160is baldas pasi\u017eymi moderniu dizainu, kuris puikiai der\u0117s prie \u0161iuolaikinio interjero. Dekoratyviniu audiniu aptrauktas atlo\u0161as leid\u017eia komplekt\u0105 pastatyti bet kokiu atstumu nuo sienos, atverdamas papildomas dizaino galimybes tiek interjerui, tiek patiems baldams. Kampin\u0117 sofa turi \u201eDelfin\u201c kasdienio miegojimo funkcij\u0105, greitai ir lengvai paver\u010dian\u010di\u0105 patogi\u0105 sof\u0105 erdvia vieta tiek naktiniam, tiek dienos poilsiui. Erdviame ir labai prakti\u0161kame patalyn\u0117s skyriuje taip pat telpa papildomos antklod\u0117s, pagalv\u0117s ir u\u017etiesalai. Reguliuojamos galvos atramos ir porankiai leid\u017eia rasti patogiausi\u0105 pad\u0117t\u012f \u017ei\u016brint m\u0117gstam\u0105 film\u0105 ar skaitant \u012ftraukiant\u012f knyg\u0105. Komplektas stovi ant stabili\u0173, chromuot\u0173 kojeli\u0173 ir pristatomas su minimaliu surinkimu. Jis tiekiamas de\u0161in\u0117s ir kair\u0117s rankos versijomis ir yra si\u016blomas su pla\u010diu audini\u0173 asortimentu. Apmu\u0161al\u0173 audini\u0173 pavyzd\u017eius galite rasti \u201eProduct Creator\u201c svetain\u0117je.<\/p>","protected":false},"excerpt":{"rendered":"<p>Plotis: 285 cm<br \/>\nGylis: 194 cm<br \/>\nAuk\u0161tis: 86 cm<br \/>\nDid\u017eiausias auk\u0161tis: 100 cm<br \/>\nS\u0117dyn\u0117s gylis: 63 cm<\/p>","protected":false},"featured_media":178798,"comment_status":"open","ping_status":"closed","template":"","meta":[],"product_brand":[],"product_cat":[9546,616,1983,4635],"product_tag":[],"class_list":{"0":"post-178693","1":"product","2":"type-product","3":"status-publish","4":"has-post-thumbnail","6":"product_cat-corner-sofas-piaski","7":"product_cat-corners","8":"product_cat-corners-l","9":"product_cat-piaski","11":"first","12":"instock","13":"shipping-taxable","14":"purchasable","15":"product-type-variable","16":"wvs-archive-product-wrapper"},"_links":{"self":[{"href":"https:\/\/baldumarket.lt\/lt\/wp-json\/wp\/v2\/product\/178693","targetHints":{"allow":["GET"]}}],"collection":[{"href":"https:\/\/baldumarket.lt\/lt\/wp-json\/wp\/v2\/product"}],"about":[{"href":"https:\/\/baldumarket.lt\/lt\/wp-json\/wp\/v2\/types\/product"}],"replies":[{"embeddable":true,"href":"https:\/\/baldumarket.lt\/lt\/wp-json\/wp\/v2\/comments?post=178693"}],"wp:featuredmedia":[{"embeddable":true,"href":"https:\/\/baldumarket.lt\/lt\/wp-json\/wp\/v2\/media\/178798"}],"wp:attachment":[{"href":"https:\/\/baldumarket.lt\/lt\/wp-json\/wp\/v2\/media?parent=178693"}],"wp:term":[{"taxonomy":"product_brand","embeddable":true,"href":"https:\/\/baldumarket.lt\/lt\/wp-json\/wp\/v2\/product_brand?post=178693"},{"taxonomy":"product_cat","embeddable":true,"href":"https:\/\/baldumarket.lt\/lt\/wp-json\/wp\/v2\/product_cat?post=178693"},{"taxonomy":"product_tag","embeddable":true,"href":"https:\/\/baldumarket.lt\/lt\/wp-json\/wp\/v2\/product_tag?post=178693"}],"curies":[{"name":"wp","href":"https:\/\/api.w.org\/{rel}","templated":true}]}}