{"id":178678,"date":"2025-12-20T23:32:38","date_gmt":"2025-12-20T20:32:38","guid":{"rendered":"https:\/\/baldumarket.lt\/?post_type=product&#038;p=178678"},"modified":"2026-02-12T10:13:45","modified_gmt":"2026-02-12T07:13:45","slug":"naroznik-orlando-2-funkcja-spania-pojemnik-regulowane-zaglowki-i-podlokietniki-gr1","status":"publish","type":"product","link":"https:\/\/baldumarket.lt\/lt\/product\/naroznik-orlando-2-funkcja-spania-pojemnik-regulowane-zaglowki-i-podlokietniki-gr1\/","title":{"rendered":"Orlando 2 kampin\u0117 sofa, miegojimo funkcija, konteineris, reguliuojamos galvos atramos ir porankiai Gr1"},"content":{"rendered":"<p>Daugiafunkcin\u0117 kampin\u0117 sofa \u201eOrlando 2\u201c pasi\u017eymi U formos dizainu, tod\u0117l puikiai tinka rengti nam\u0173 vakar\u0117lius. Modernus, sant\u016brus dizainas leid\u017eia jai der\u0117ti prie beveik bet kokio \u0161iuolaikinio interjero stiliaus. Komplekte yra erdvi patalyn\u0117s d\u0117\u017e\u0117, o d\u0117l \u201eDolphin\u201c miego funkcijos jis greitai ir lengvai transformuojasi i\u0161 patogios sofos \u012f erdvi\u0105 miegojimo zon\u0105. Reguliuojamos galvos atramos ir porankiai padidina naudojimo komfort\u0105. Kampin\u0119 sof\u0105 reikia minimaliai surinkti, ji tiekiama kairiarankiams, tiek de\u0161iniarankiams. Komplekt\u0105 galima \u012fsigyti su \u012fvairiais audiniais, kuriuos galite rasti pas produkt\u0173 k\u016br\u0117j\u0105.<\/p>","protected":false},"excerpt":{"rendered":"<p>Plotis: 356 cm<br \/>\nGylis: 230 cm<br \/>\nAuk\u0161tis: 86 cm<br \/>\nGylis 2: 194 cm<br \/>\nDid\u017eiausias auk\u0161tis: 100 cm<\/p>","protected":false},"featured_media":178794,"comment_status":"open","ping_status":"closed","template":"","meta":[],"product_brand":[],"product_cat":[9546,616,1982,4635],"product_tag":[],"class_list":{"0":"post-178678","1":"product","2":"type-product","3":"status-publish","4":"has-post-thumbnail","6":"product_cat-corner-sofas-piaski","7":"product_cat-corners","8":"product_cat-corners-u","9":"product_cat-piaski","11":"first","12":"instock","13":"shipping-taxable","14":"purchasable","15":"product-type-variable","16":"wvs-archive-product-wrapper"},"_links":{"self":[{"href":"https:\/\/baldumarket.lt\/lt\/wp-json\/wp\/v2\/product\/178678","targetHints":{"allow":["GET"]}}],"collection":[{"href":"https:\/\/baldumarket.lt\/lt\/wp-json\/wp\/v2\/product"}],"about":[{"href":"https:\/\/baldumarket.lt\/lt\/wp-json\/wp\/v2\/types\/product"}],"replies":[{"embeddable":true,"href":"https:\/\/baldumarket.lt\/lt\/wp-json\/wp\/v2\/comments?post=178678"}],"wp:featuredmedia":[{"embeddable":true,"href":"https:\/\/baldumarket.lt\/lt\/wp-json\/wp\/v2\/media\/178794"}],"wp:attachment":[{"href":"https:\/\/baldumarket.lt\/lt\/wp-json\/wp\/v2\/media?parent=178678"}],"wp:term":[{"taxonomy":"product_brand","embeddable":true,"href":"https:\/\/baldumarket.lt\/lt\/wp-json\/wp\/v2\/product_brand?post=178678"},{"taxonomy":"product_cat","embeddable":true,"href":"https:\/\/baldumarket.lt\/lt\/wp-json\/wp\/v2\/product_cat?post=178678"},{"taxonomy":"product_tag","embeddable":true,"href":"https:\/\/baldumarket.lt\/lt\/wp-json\/wp\/v2\/product_tag?post=178678"}],"curies":[{"name":"wp","href":"https:\/\/api.w.org\/{rel}","templated":true}]}}