{"id":178638,"date":"2025-12-20T23:31:37","date_gmt":"2025-12-20T20:31:37","guid":{"rendered":"https:\/\/baldumarket.lt\/?post_type=product&#038;p=178638"},"modified":"2026-02-12T10:13:45","modified_gmt":"2026-02-12T07:13:45","slug":"naroznik-odessa-4-funkcja-spania-pojemnik-regulowane-zaglowki-gr1","status":"publish","type":"product","link":"https:\/\/baldumarket.lt\/lt\/product\/naroznik-odessa-4-funkcja-spania-pojemnik-regulowane-zaglowki-gr1\/","title":{"rendered":"Odessa 4 kampin\u0117 sofa, miegojimo funkcija, konteineris, reguliuojamos galvos atramos Gr1"},"content":{"rendered":"<p>\u201eOdessa 4\u201c \u2013 tai sprendimas tiems, kurie i\u0161 savo bald\u0173 tikisi daugiau nei vien estetinio patrauklumo. \u0160i moderni, U formos kampin\u0117 sofa sukurta taip, kad lengvai tapt\u0173 bet kurio svetain\u0117s \u0161irdimi \u2013 vieta poilsiui, susitikimams ir kasdieniam poilsiui. J\u0105 galima \u012fsigyti \u201eMeblostrada24.pl\u201c svetain\u0117je ir ji si\u016blo visi\u0161k\u0105 pritaikym\u0105 \u2013 nuo apmu\u0161al\u0173 tipo iki spalvos, tod\u0117l puikiai dera prie j\u016bs\u0173 interjero dizaino.<\/p>","protected":false},"excerpt":{"rendered":"<p>Plotis: 355 cm<br \/>\nGylis: 355 cm<br \/>\nAuk\u0161tis: 86 cm<br \/>\nGylis 2: 194 cm<br \/>\nDid\u017eiausias auk\u0161tis: 100 cm<\/p>","protected":false},"featured_media":178755,"comment_status":"open","ping_status":"closed","template":"","meta":[],"product_brand":[],"product_cat":[9546,616,1982,4635],"product_tag":[],"class_list":{"0":"post-178638","1":"product","2":"type-product","3":"status-publish","4":"has-post-thumbnail","6":"product_cat-corner-sofas-piaski","7":"product_cat-corners","8":"product_cat-corners-u","9":"product_cat-piaski","11":"first","12":"instock","13":"shipping-taxable","14":"purchasable","15":"product-type-variable","16":"wvs-archive-product-wrapper"},"_links":{"self":[{"href":"https:\/\/baldumarket.lt\/lt\/wp-json\/wp\/v2\/product\/178638","targetHints":{"allow":["GET"]}}],"collection":[{"href":"https:\/\/baldumarket.lt\/lt\/wp-json\/wp\/v2\/product"}],"about":[{"href":"https:\/\/baldumarket.lt\/lt\/wp-json\/wp\/v2\/types\/product"}],"replies":[{"embeddable":true,"href":"https:\/\/baldumarket.lt\/lt\/wp-json\/wp\/v2\/comments?post=178638"}],"wp:featuredmedia":[{"embeddable":true,"href":"https:\/\/baldumarket.lt\/lt\/wp-json\/wp\/v2\/media\/178755"}],"wp:attachment":[{"href":"https:\/\/baldumarket.lt\/lt\/wp-json\/wp\/v2\/media?parent=178638"}],"wp:term":[{"taxonomy":"product_brand","embeddable":true,"href":"https:\/\/baldumarket.lt\/lt\/wp-json\/wp\/v2\/product_brand?post=178638"},{"taxonomy":"product_cat","embeddable":true,"href":"https:\/\/baldumarket.lt\/lt\/wp-json\/wp\/v2\/product_cat?post=178638"},{"taxonomy":"product_tag","embeddable":true,"href":"https:\/\/baldumarket.lt\/lt\/wp-json\/wp\/v2\/product_tag?post=178638"}],"curies":[{"name":"wp","href":"https:\/\/api.w.org\/{rel}","templated":true}]}}