{"id":178636,"date":"2025-12-20T23:31:35","date_gmt":"2025-12-20T20:31:35","guid":{"rendered":"https:\/\/baldumarket.lt\/?post_type=product&#038;p=178636"},"modified":"2026-02-12T10:13:55","modified_gmt":"2026-02-12T07:13:55","slug":"naroznik-odessa-3-funkcja-spania-pojemnik-regulowane-zaglowki-gr1","status":"publish","type":"product","link":"https:\/\/baldumarket.lt\/lt\/product\/naroznik-odessa-3-funkcja-spania-pojemnik-regulowane-zaglowki-gr1\/","title":{"rendered":"Odessa 3 kampin\u0117 sofa, miegojimo funkcija, konteineris, reguliuojamos galvos atramos Gr1"},"content":{"rendered":"<p>Jei svajojate apie bald\u0105, kuris b\u016bt\u0173 ne tik ry\u0161kus dizaino elementas, bet ir patogus nam\u0173 gyvenimo akcentas, \u201eOdessa III\u201c kampin\u0117 sofa sukurta galvojant apie jus. \u0160i moderni U formos kampin\u0117 sofa su miegojimo funkcija \u017eavi ne tik erdve, bet ir funkcionalumu. J\u0105 rasite Meblostrada24.pl svetain\u0117je, kur gal\u0117site pasirinkti audinio variant\u0105 ir apmu\u0161al\u0173 spalv\u0105, sukurdami bald\u0105, kuris puikiai papildys j\u016bs\u0173 svetain\u0117s charakter\u012f.<\/p>","protected":false},"excerpt":{"rendered":"<p>Plotis: 355 cm<br \/>\nGylis: 281 cm<br \/>\nAuk\u0161tis: 86 cm<br \/>\nGylis 2: 194 cm<br \/>\nDid\u017eiausias auk\u0161tis: 100 cm<\/p>","protected":false},"featured_media":178743,"comment_status":"open","ping_status":"closed","template":"","meta":[],"product_brand":[],"product_cat":[9546,616,1982,4635],"product_tag":[],"class_list":{"0":"post-178636","1":"product","2":"type-product","3":"status-publish","4":"has-post-thumbnail","6":"product_cat-corner-sofas-piaski","7":"product_cat-corners","8":"product_cat-corners-u","9":"product_cat-piaski","11":"first","12":"instock","13":"shipping-taxable","14":"purchasable","15":"product-type-variable","16":"wvs-archive-product-wrapper"},"_links":{"self":[{"href":"https:\/\/baldumarket.lt\/lt\/wp-json\/wp\/v2\/product\/178636","targetHints":{"allow":["GET"]}}],"collection":[{"href":"https:\/\/baldumarket.lt\/lt\/wp-json\/wp\/v2\/product"}],"about":[{"href":"https:\/\/baldumarket.lt\/lt\/wp-json\/wp\/v2\/types\/product"}],"replies":[{"embeddable":true,"href":"https:\/\/baldumarket.lt\/lt\/wp-json\/wp\/v2\/comments?post=178636"}],"wp:featuredmedia":[{"embeddable":true,"href":"https:\/\/baldumarket.lt\/lt\/wp-json\/wp\/v2\/media\/178743"}],"wp:attachment":[{"href":"https:\/\/baldumarket.lt\/lt\/wp-json\/wp\/v2\/media?parent=178636"}],"wp:term":[{"taxonomy":"product_brand","embeddable":true,"href":"https:\/\/baldumarket.lt\/lt\/wp-json\/wp\/v2\/product_brand?post=178636"},{"taxonomy":"product_cat","embeddable":true,"href":"https:\/\/baldumarket.lt\/lt\/wp-json\/wp\/v2\/product_cat?post=178636"},{"taxonomy":"product_tag","embeddable":true,"href":"https:\/\/baldumarket.lt\/lt\/wp-json\/wp\/v2\/product_tag?post=178636"}],"curies":[{"name":"wp","href":"https:\/\/api.w.org\/{rel}","templated":true}]}}