{"id":178622,"date":"2025-12-20T23:31:11","date_gmt":"2025-12-20T20:31:11","guid":{"rendered":"https:\/\/baldumarket.lt\/?post_type=product&#038;p=178622"},"modified":"2026-02-12T10:13:55","modified_gmt":"2026-02-12T07:13:55","slug":"naroznik-odessa-2-funkcja-spania-pojemnik-regulowane-zaglowki-gr1","status":"publish","type":"product","link":"https:\/\/baldumarket.lt\/lt\/product\/naroznik-odessa-2-funkcja-spania-pojemnik-regulowane-zaglowki-gr1\/","title":{"rendered":"Odessa 2 kampin\u0117 sofa, miegojimo funkcija, konteineris, reguliuojamos galvos atramos Gr1"},"content":{"rendered":"<p>U formos \u201eOdessa II\u201c kampin\u0117 sofa puikiai tinka tiems, kurie vertina erdv\u0119, komfort\u0105 ir modern\u0173 dizain\u0105. U formos konfig\u016bracija suteikia didel\u012f pavir\u0161i\u0173 poilsiui \u2013 galite s\u0117d\u0117ti bet kurioje pus\u0117je, patogiai i\u0161sitiesti, i\u0161tiesti kojas ar u\u017eimti bet koki\u0105 poz\u0105 nejausdami ank\u0161tumo. Tai idealus sprendimas tiek \u0161eimoms, tiek tiems, kurie m\u0117gsta priimti sve\u010dius.<\/p>","protected":false},"excerpt":{"rendered":"<p>Plotis: 355 cm<br \/>\nGylis: 210 cm<br \/>\nAuk\u0161tis: 86 cm<br \/>\nGylis 2: 194 cm<br \/>\nDid\u017eiausias auk\u0161tis: 100 cm<\/p>","protected":false},"featured_media":178737,"comment_status":"open","ping_status":"closed","template":"","meta":[],"product_brand":[],"product_cat":[9546,616,1982,4635],"product_tag":[],"class_list":{"0":"post-178622","1":"product","2":"type-product","3":"status-publish","4":"has-post-thumbnail","6":"product_cat-corner-sofas-piaski","7":"product_cat-corners","8":"product_cat-corners-u","9":"product_cat-piaski","11":"first","12":"instock","13":"shipping-taxable","14":"purchasable","15":"product-type-variable","16":"wvs-archive-product-wrapper"},"_links":{"self":[{"href":"https:\/\/baldumarket.lt\/lt\/wp-json\/wp\/v2\/product\/178622","targetHints":{"allow":["GET"]}}],"collection":[{"href":"https:\/\/baldumarket.lt\/lt\/wp-json\/wp\/v2\/product"}],"about":[{"href":"https:\/\/baldumarket.lt\/lt\/wp-json\/wp\/v2\/types\/product"}],"replies":[{"embeddable":true,"href":"https:\/\/baldumarket.lt\/lt\/wp-json\/wp\/v2\/comments?post=178622"}],"wp:featuredmedia":[{"embeddable":true,"href":"https:\/\/baldumarket.lt\/lt\/wp-json\/wp\/v2\/media\/178737"}],"wp:attachment":[{"href":"https:\/\/baldumarket.lt\/lt\/wp-json\/wp\/v2\/media?parent=178622"}],"wp:term":[{"taxonomy":"product_brand","embeddable":true,"href":"https:\/\/baldumarket.lt\/lt\/wp-json\/wp\/v2\/product_brand?post=178622"},{"taxonomy":"product_cat","embeddable":true,"href":"https:\/\/baldumarket.lt\/lt\/wp-json\/wp\/v2\/product_cat?post=178622"},{"taxonomy":"product_tag","embeddable":true,"href":"https:\/\/baldumarket.lt\/lt\/wp-json\/wp\/v2\/product_tag?post=178622"}],"curies":[{"name":"wp","href":"https:\/\/api.w.org\/{rel}","templated":true}]}}