{"id":178586,"date":"2025-12-20T23:30:14","date_gmt":"2025-12-20T20:30:14","guid":{"rendered":"https:\/\/baldumarket.lt\/?post_type=product&#038;p=178586"},"modified":"2026-02-12T10:13:55","modified_gmt":"2026-02-12T07:13:55","slug":"naroznik-korfu-4-funkcja-spania-pojemnik-regulowane-zaglowki-i-podlokietniki-gr1","status":"publish","type":"product","link":"https:\/\/baldumarket.lt\/lt\/product\/naroznik-korfu-4-funkcja-spania-pojemnik-regulowane-zaglowki-i-podlokietniki-gr1\/","title":{"rendered":"Korfu 4 kampin\u0117 sofa, miegojimo funkcija, konteineris, reguliuojamos galvos atramos ir porankiai Gr1"},"content":{"rendered":"<p>Stilinga ir erdvi kampin\u0117 sofa \u201eKorfu 4\u201c derina modern\u0173 dizain\u0105 su maksimaliu komfortu. Ak\u012f traukianti forma, pary\u0161kinta horizontaliomis si\u016bl\u0117mis ant atlo\u0161o pagalv\u0117li\u0173, suteikia interjerui unikal\u0173 charakter\u012f. \u0160i U formos kampin\u0117 sofa su miegojimo funkcija buvo sukurta tiems, kurie vertina ir estetik\u0105, ir komfort\u0105. Ji bus puiki \u0161eimos gyvenimo puo\u0161mena \u2013 \u017ei\u016brint filmus kartu, snaud\u017eiant dienos metu ar priimant sve\u010dius.<\/p>","protected":false},"excerpt":{"rendered":"<p>Plotis: 365 cm<br \/>\nGylis: 365 cm<br \/>\nAuk\u0161tis: 86 cm<br \/>\nGylis 2: 194 cm<br \/>\nDid\u017eiausias auk\u0161tis: 100 cm<\/p>","protected":false},"featured_media":178703,"comment_status":"open","ping_status":"closed","template":"","meta":[],"product_brand":[],"product_cat":[9546,616,1982,4635],"product_tag":[],"class_list":{"0":"post-178586","1":"product","2":"type-product","3":"status-publish","4":"has-post-thumbnail","6":"product_cat-corner-sofas-piaski","7":"product_cat-corners","8":"product_cat-corners-u","9":"product_cat-piaski","11":"first","12":"instock","13":"shipping-taxable","14":"purchasable","15":"product-type-variable","16":"wvs-archive-product-wrapper"},"_links":{"self":[{"href":"https:\/\/baldumarket.lt\/lt\/wp-json\/wp\/v2\/product\/178586","targetHints":{"allow":["GET"]}}],"collection":[{"href":"https:\/\/baldumarket.lt\/lt\/wp-json\/wp\/v2\/product"}],"about":[{"href":"https:\/\/baldumarket.lt\/lt\/wp-json\/wp\/v2\/types\/product"}],"replies":[{"embeddable":true,"href":"https:\/\/baldumarket.lt\/lt\/wp-json\/wp\/v2\/comments?post=178586"}],"wp:featuredmedia":[{"embeddable":true,"href":"https:\/\/baldumarket.lt\/lt\/wp-json\/wp\/v2\/media\/178703"}],"wp:attachment":[{"href":"https:\/\/baldumarket.lt\/lt\/wp-json\/wp\/v2\/media?parent=178586"}],"wp:term":[{"taxonomy":"product_brand","embeddable":true,"href":"https:\/\/baldumarket.lt\/lt\/wp-json\/wp\/v2\/product_brand?post=178586"},{"taxonomy":"product_cat","embeddable":true,"href":"https:\/\/baldumarket.lt\/lt\/wp-json\/wp\/v2\/product_cat?post=178586"},{"taxonomy":"product_tag","embeddable":true,"href":"https:\/\/baldumarket.lt\/lt\/wp-json\/wp\/v2\/product_tag?post=178586"}],"curies":[{"name":"wp","href":"https:\/\/api.w.org\/{rel}","templated":true}]}}