{"id":178584,"date":"2025-12-20T23:30:12","date_gmt":"2025-12-20T20:30:12","guid":{"rendered":"https:\/\/baldumarket.lt\/?post_type=product&#038;p=178584"},"modified":"2026-02-12T10:13:55","modified_gmt":"2026-02-12T07:13:55","slug":"naroznik-korfu-3-funkcja-spania-pojemnik-regulowane-zaglowki-i-podlokietniki-gr1","status":"publish","type":"product","link":"https:\/\/baldumarket.lt\/lt\/product\/naroznik-korfu-3-funkcja-spania-pojemnik-regulowane-zaglowki-i-podlokietniki-gr1\/","title":{"rendered":"Korfu 3 kampin\u0117 sofa, miegojimo funkcija, konteineris, reguliuojamos galvos atramos ir porankiai Gr1"},"content":{"rendered":"<p>Eleganti\u0161ka ir erdvi kampin\u0117 sofa \u201eKorfu 3\u201c traukia d\u0117mes\u012f patraukliu dizainu, kur\u012f pabr\u0117\u017eia horizontaliai dygsniuotos atlo\u0161o pagalv\u0117l\u0117s. \u0160i U formos kampin\u0117 sofa su miegojimo funkcija ne tik talpina vis\u0105 \u0161eim\u0105, bet ir si\u016blo patogi\u0105 viet\u0105 poilsiui dien\u0105 ir nakt\u012f, film\u0173 \u017ei\u016br\u0117jimui, popiet\u0117s miegui ar sve\u010di\u0173 pri\u0117mimui. \u201eMeble Piaski\u201c kampin\u0117 sofa \u201eKorfu 3\u201c \u2013 puikus pasirinkimas tiems, kurie tikisi komforto, funkcionalumo ir stilingo dizaino viename. Auk\u0161ti atlo\u0161ai su reguliuojamomis, integruotomis galvos atramomis ir reguliuojamais porankiais suteikia auk\u0161\u010diausi\u0105 atsipalaidavimo lyg\u012f.<\/p>","protected":false},"excerpt":{"rendered":"<p>Plotis: 365 cm<br \/>\nGylis: 296 cm<br \/>\nAuk\u0161tis: 86 cm<br \/>\nGylis 2: 194 cm<br \/>\nDid\u017eiausias auk\u0161tis: 100 cm<\/p>","protected":false},"featured_media":178696,"comment_status":"open","ping_status":"closed","template":"","meta":[],"product_brand":[],"product_cat":[9546,616,1982,4635],"product_tag":[],"class_list":{"0":"post-178584","1":"product","2":"type-product","3":"status-publish","4":"has-post-thumbnail","6":"product_cat-corner-sofas-piaski","7":"product_cat-corners","8":"product_cat-corners-u","9":"product_cat-piaski","11":"first","12":"instock","13":"shipping-taxable","14":"purchasable","15":"product-type-variable","16":"wvs-archive-product-wrapper"},"_links":{"self":[{"href":"https:\/\/baldumarket.lt\/lt\/wp-json\/wp\/v2\/product\/178584","targetHints":{"allow":["GET"]}}],"collection":[{"href":"https:\/\/baldumarket.lt\/lt\/wp-json\/wp\/v2\/product"}],"about":[{"href":"https:\/\/baldumarket.lt\/lt\/wp-json\/wp\/v2\/types\/product"}],"replies":[{"embeddable":true,"href":"https:\/\/baldumarket.lt\/lt\/wp-json\/wp\/v2\/comments?post=178584"}],"wp:featuredmedia":[{"embeddable":true,"href":"https:\/\/baldumarket.lt\/lt\/wp-json\/wp\/v2\/media\/178696"}],"wp:attachment":[{"href":"https:\/\/baldumarket.lt\/lt\/wp-json\/wp\/v2\/media?parent=178584"}],"wp:term":[{"taxonomy":"product_brand","embeddable":true,"href":"https:\/\/baldumarket.lt\/lt\/wp-json\/wp\/v2\/product_brand?post=178584"},{"taxonomy":"product_cat","embeddable":true,"href":"https:\/\/baldumarket.lt\/lt\/wp-json\/wp\/v2\/product_cat?post=178584"},{"taxonomy":"product_tag","embeddable":true,"href":"https:\/\/baldumarket.lt\/lt\/wp-json\/wp\/v2\/product_tag?post=178584"}],"curies":[{"name":"wp","href":"https:\/\/api.w.org\/{rel}","templated":true}]}}