{"id":178568,"date":"2025-12-20T23:29:48","date_gmt":"2025-12-20T20:29:48","guid":{"rendered":"https:\/\/baldumarket.lt\/?post_type=product&#038;p=178568"},"modified":"2026-02-12T10:13:55","modified_gmt":"2026-02-12T07:13:55","slug":"naroznik-korfu-2-funkcja-spania-pojemnik-regulowane-zaglowki-i-podlokietniki-gr1","status":"publish","type":"product","link":"https:\/\/baldumarket.lt\/lt\/product\/naroznik-korfu-2-funkcja-spania-pojemnik-regulowane-zaglowki-i-podlokietniki-gr1\/","title":{"rendered":"Korfu 2 kampin\u0117 sofa, miegojimo funkcija, konteineris, reguliuojamos galvos atramos ir porankiai Gr1"},"content":{"rendered":"<p>Ie\u0161kote baldo, kuris tapt\u0173 j\u016bs\u0173 svetain\u0117s \u0161irdimi? Rinkit\u0117s U formos kampin\u0119 sof\u0105-lov\u0105, kuri ne tik sutalpins vis\u0105 \u0161eim\u0105, bet ir bus patogi vieta atsipalaiduoti, \u017ei\u016br\u0117ti filmus, pasnausti po piet\u0173 ar priimti sve\u010dius. \u201eMeble Piaski\u201c kampin\u0117 sofa \u201eKorfu II\u201c \u2013 puikus pasirinkimas tiems, kurie tikisi patogumo, funkcionalumo ir stilingo dizaino viename. Auk\u0161ti atlo\u0161ai su reguliuojamomis, integruotomis galvos atramomis ir reguliuojamais porankiais suteikia tobul\u0105 atsipalaidavimo patirt\u012f.<\/p>","protected":false},"excerpt":{"rendered":"<p>Plotis: 365 cm<br \/>\nGylis: 225 cm<br \/>\nAuk\u0161tis: 86 cm<br \/>\nGylis 2: 194 cm<br \/>\nDid\u017eiausias auk\u0161tis: 100 cm<\/p>","protected":false},"featured_media":178686,"comment_status":"open","ping_status":"closed","template":"","meta":[],"product_brand":[],"product_cat":[9546,616,1982,4635],"product_tag":[],"class_list":{"0":"post-178568","1":"product","2":"type-product","3":"status-publish","4":"has-post-thumbnail","6":"product_cat-corner-sofas-piaski","7":"product_cat-corners","8":"product_cat-corners-u","9":"product_cat-piaski","11":"first","12":"instock","13":"shipping-taxable","14":"purchasable","15":"product-type-variable","16":"wvs-archive-product-wrapper"},"_links":{"self":[{"href":"https:\/\/baldumarket.lt\/lt\/wp-json\/wp\/v2\/product\/178568","targetHints":{"allow":["GET"]}}],"collection":[{"href":"https:\/\/baldumarket.lt\/lt\/wp-json\/wp\/v2\/product"}],"about":[{"href":"https:\/\/baldumarket.lt\/lt\/wp-json\/wp\/v2\/types\/product"}],"replies":[{"embeddable":true,"href":"https:\/\/baldumarket.lt\/lt\/wp-json\/wp\/v2\/comments?post=178568"}],"wp:featuredmedia":[{"embeddable":true,"href":"https:\/\/baldumarket.lt\/lt\/wp-json\/wp\/v2\/media\/178686"}],"wp:attachment":[{"href":"https:\/\/baldumarket.lt\/lt\/wp-json\/wp\/v2\/media?parent=178568"}],"wp:term":[{"taxonomy":"product_brand","embeddable":true,"href":"https:\/\/baldumarket.lt\/lt\/wp-json\/wp\/v2\/product_brand?post=178568"},{"taxonomy":"product_cat","embeddable":true,"href":"https:\/\/baldumarket.lt\/lt\/wp-json\/wp\/v2\/product_cat?post=178568"},{"taxonomy":"product_tag","embeddable":true,"href":"https:\/\/baldumarket.lt\/lt\/wp-json\/wp\/v2\/product_tag?post=178568"}],"curies":[{"name":"wp","href":"https:\/\/api.w.org\/{rel}","templated":true}]}}